{"id":59176,"date":"2025-12-17T20:25:31","date_gmt":"2025-12-17T20:25:31","guid":{"rendered":"https:\/\/senabel.com\/?post_type=product&#038;p=59176"},"modified":"2025-12-17T20:25:32","modified_gmt":"2025-12-17T20:25:32","slug":"frystorkad-glass","status":"publish","type":"product","link":"https:\/\/senabel.com\/sv\/product\/freeze-dried-ice-cream\/","title":{"rendered":"Frystorkad glass"},"content":{"rendered":"<p data-start=\"170\" data-end=\"329\">En innovativ glass tillverkad med frystorkningsteknik f\u00f6r att bevara smaken och den l\u00e4tta konsistensen, en annorlunda upplevelse som kombinerar s\u00f6tma och krispighet i en m\u00e4ngd olika fruktiga smaker f\u00f6r vuxna och barn.<\/p>\n<p data-start=\"163\" data-end=\"419\">- En l\u00e4tt och krispig dessert tillverkad med frystorkningsteknik f\u00f6r att bevara smak och konsistens<br data-start=\"239\" data-end=\"242\" \/>- Den sm\u00e4lter i munnen och ger en uttalad glassmak utan att sm\u00e4lta eller kladda<br data-start=\"302\" data-end=\"305\" \/>- En m\u00e4ngd olika f\u00e4rger och smaker ger en rolig upplevelse f\u00f6r b\u00e5de barn och vuxna<br data-start=\"359\" data-end=\"362\" \/>- L\u00e4mplig att servera som mellanm\u00e5l eller som topping p\u00e5 desserter och garnityr<\/p>\n<p data-start=\"421\" data-end=\"438\"><strong data-start=\"421\" data-end=\"438\">Produktinformation<\/strong><\/p>\n<p data-start=\"440\" data-end=\"548\">- Typ av produkt: Frystorkad glass<br data-start=\"471\" data-end=\"474\" \/>- Konsistens: Knaprig och l\u00e4tt<br data-start=\"495\" data-end=\"498\" \/>- Smak\u00e4mnen: Problem<br data-start=\"514\" data-end=\"517\" \/>- F\u00f6rpackning: F\u00f6rseglad l\u00e5da<\/p>\n<p data-start=\"550\" data-end=\"570\"><strong data-start=\"550\" data-end=\"570\">Tillg\u00e4ngliga vikter<\/strong><\/p>\n<p data-start=\"572\" data-end=\"597\">- 100 gram<br data-start=\"582\" data-end=\"585\" \/>- 200 gram<\/p>\n<p data-start=\"599\" data-end=\"614\"><strong data-start=\"599\" data-end=\"614\">Hur du sparar<\/strong><\/p>\n<p data-start=\"616\" data-end=\"689\">- F\u00f6rvaras p\u00e5 en sval och torr plats<br data-start=\"641\" data-end=\"644\" \/>- F\u00f6rslut t\u00e4tt efter \u00f6ppnandet f\u00f6r att bevara krispigheten<\/p>","protected":false},"excerpt":{"rendered":"<p>En innovativ glass tillverkad med frystorkningsteknik f\u00f6r att bevara smaken och den l\u00e4tta konsistensen, en annorlunda upplevelse som kombinerar s\u00f6tma och krispighet i en m\u00e4ngd olika fruktiga smaker f\u00f6r vuxna och barn.<\/p>","protected":false},"featured_media":59177,"template":"","meta":[],"product_brand":[],"product_cat":[377,349,367],"product_tag":[],"class_list":{"0":"post-59176","1":"product","2":"type-product","3":"status-publish","4":"has-post-thumbnail","6":"product_cat-377","7":"product_cat-349","8":"product_cat-367","10":"first","11":"instock","12":"taxable","13":"shipping-taxable","14":"purchasable","15":"product-type-variable"},"_links":{"self":[{"href":"https:\/\/senabel.com\/sv\/wp-json\/wp\/v2\/product\/59176","targetHints":{"allow":["GET"]}}],"collection":[{"href":"https:\/\/senabel.com\/sv\/wp-json\/wp\/v2\/product"}],"about":[{"href":"https:\/\/senabel.com\/sv\/wp-json\/wp\/v2\/types\/product"}],"version-history":[{"count":1,"href":"https:\/\/senabel.com\/sv\/wp-json\/wp\/v2\/product\/59176\/revisions"}],"predecessor-version":[{"id":59180,"href":"https:\/\/senabel.com\/sv\/wp-json\/wp\/v2\/product\/59176\/revisions\/59180"}],"wp:featuredmedia":[{"embeddable":true,"href":"https:\/\/senabel.com\/sv\/wp-json\/wp\/v2\/media\/59177"}],"wp:attachment":[{"href":"https:\/\/senabel.com\/sv\/wp-json\/wp\/v2\/media?parent=59176"}],"wp:term":[{"taxonomy":"product_brand","embeddable":true,"href":"https:\/\/senabel.com\/sv\/wp-json\/wp\/v2\/product_brand?post=59176"},{"taxonomy":"product_cat","embeddable":true,"href":"https:\/\/senabel.com\/sv\/wp-json\/wp\/v2\/product_cat?post=59176"},{"taxonomy":"product_tag","embeddable":true,"href":"https:\/\/senabel.com\/sv\/wp-json\/wp\/v2\/product_tag?post=59176"}],"curies":[{"name":"wp","href":"https:\/\/api.w.org\/{rel}","templated":true}]}}