{"id":59116,"date":"2025-12-16T19:55:38","date_gmt":"2025-12-16T19:55:38","guid":{"rendered":"https:\/\/senabel.com\/?post_type=product&#038;p=59116"},"modified":"2026-05-13T02:01:25","modified_gmt":"2026-05-13T02:01:25","slug":"tahini-750g","status":"publish","type":"product","link":"https:\/\/senabel.com\/sv\/product\/tahini-750g\/","title":{"rendered":"Renad tahini - 750g"},"content":{"rendered":"<p data-start=\"28\" data-end=\"200\">Len tahini gjord p\u00e5 h\u00f6gkvalitativ sesam, noggrant mald f\u00f6r en homogen konsistens och rik smak. En stapelvara i k\u00f6ket f\u00f6r en m\u00e4ngd olika r\u00e4tter, fr\u00e5n aptitretare till desserter.<\/p>\n<p data-start=\"202\" data-end=\"349\"><strong data-start=\"202\" data-end=\"214\">Funktioner<\/strong><br data-start=\"214\" data-end=\"217\" \/>- Tillverkad med sesam 100%<br data-start=\"238\" data-end=\"241\" \/>- Smidig och enkel att anv\u00e4nda<br data-start=\"267\" data-end=\"270\" \/>- Rik och balanserad smak<br data-start=\"287\" data-end=\"290\" data-is-only-node=\"\" \/>- L\u00e4mplig f\u00f6r b\u00e5de salta och s\u00f6ta recept<br data-start=\"322\" data-end=\"325\" \/>- P\u00e5litlig produkt med j\u00e4mn kvalitet<\/p>\n<p data-start=\"351\" data-end=\"454\"><strong data-start=\"351\" data-end=\"368\">Produktinformation<\/strong><br data-start=\"368\" data-end=\"371\" \/>- Varum\u00e4rke: Mosad<br data-start=\"388\" data-end=\"391\" \/>- Vikt: 750g<br data-start=\"404\" data-end=\"407\" \/>- Typ av produkt: Tahini<br data-start=\"422\" data-end=\"425\" data-is-only-node=\"\" \/>- F\u00f6rpackning: F\u00f6rseglad f\u00f6rpackning<\/p>\n<p data-start=\"456\" data-end=\"553\"><strong data-start=\"456\" data-end=\"471\">Anv\u00e4ndningsomr\u00e5den<\/strong><br data-start=\"471\" data-end=\"474\" \/>- Tillagning av kik\u00e4rter och marinerade<br data-start=\"495\" data-end=\"498\" \/>- L\u00e4gg till i sallader och s\u00e5ser<br data-start=\"524\" data-end=\"527\" \/>- Ing\u00e5r i orientaliska desserter<\/p>\n<p data-start=\"555\" data-end=\"657\" data-is-last-node=\"\" data-is-only-node=\"\"><strong data-start=\"555\" data-end=\"566\">F\u00f6rvaring<\/strong><br data-start=\"566\" data-end=\"569\" \/>\u2013 F\u00f6rvara p\u00e5 en sval, torr plats.<br data-start=\"593\" data-end=\"596\" \/>- R\u00f6r om f\u00f6re anv\u00e4ndning<br data-start=\"624\" data-end=\"627\" \/>- St\u00e4ng f\u00f6rpackningen v\u00e4l efter \u00f6ppnandet<\/p>","protected":false},"excerpt":{"rendered":"<p>Len tahini gjord p\u00e5 h\u00f6gkvalitativ sesam, noggrant mald f\u00f6r en homogen konsistens och rik smak. En stapelvara i k\u00f6ket f\u00f6r en m\u00e4ngd olika r\u00e4tter, fr\u00e5n aptitretare till desserter.<\/p>","protected":false},"featured_media":59117,"template":"","meta":[],"product_brand":[],"product_cat":[374,227,349],"product_tag":[],"class_list":{"0":"post-59116","1":"product","2":"type-product","3":"status-publish","4":"has-post-thumbnail","6":"product_cat-374","7":"product_cat-227","8":"product_cat-349","10":"first","11":"instock","12":"sale","13":"taxable","14":"shipping-taxable","15":"purchasable","16":"product-type-simple"},"_links":{"self":[{"href":"https:\/\/senabel.com\/sv\/wp-json\/wp\/v2\/product\/59116","targetHints":{"allow":["GET"]}}],"collection":[{"href":"https:\/\/senabel.com\/sv\/wp-json\/wp\/v2\/product"}],"about":[{"href":"https:\/\/senabel.com\/sv\/wp-json\/wp\/v2\/types\/product"}],"version-history":[{"count":1,"href":"https:\/\/senabel.com\/sv\/wp-json\/wp\/v2\/product\/59116\/revisions"}],"predecessor-version":[{"id":59118,"href":"https:\/\/senabel.com\/sv\/wp-json\/wp\/v2\/product\/59116\/revisions\/59118"}],"wp:featuredmedia":[{"embeddable":true,"href":"https:\/\/senabel.com\/sv\/wp-json\/wp\/v2\/media\/59117"}],"wp:attachment":[{"href":"https:\/\/senabel.com\/sv\/wp-json\/wp\/v2\/media?parent=59116"}],"wp:term":[{"taxonomy":"product_brand","embeddable":true,"href":"https:\/\/senabel.com\/sv\/wp-json\/wp\/v2\/product_brand?post=59116"},{"taxonomy":"product_cat","embeddable":true,"href":"https:\/\/senabel.com\/sv\/wp-json\/wp\/v2\/product_cat?post=59116"},{"taxonomy":"product_tag","embeddable":true,"href":"https:\/\/senabel.com\/sv\/wp-json\/wp\/v2\/product_tag?post=59116"}],"curies":[{"name":"wp","href":"https:\/\/api.w.org\/{rel}","templated":true}]}}