{"id":59017,"date":"2025-12-13T10:59:29","date_gmt":"2025-12-13T10:59:29","guid":{"rendered":"https:\/\/senabel.com\/?post_type=product&#038;p=59017"},"modified":"2026-05-12T07:02:29","modified_gmt":"2026-05-12T07:02:29","slug":"rostad-notmix-med-macadamia-och-paranotter","status":"publish","type":"product","link":"https:\/\/senabel.com\/sv\/product\/roasted-mixed-nuts-with-macadamia-and-brazil-nuts\/","title":{"rendered":"Mix av rostade n\u00f6tter med macadamian\u00f6tter och paran\u00f6tter"},"content":{"rendered":"<p data-start=\"55\" data-end=\"252\">Ett lyxigt sortiment av omsorgsfullt rostade n\u00f6tter, med macadamian\u00f6tter och paran\u00f6tter med en balanserad blandning av utvalda n\u00f6tter. Den rika smaken och krispiga konsistensen \u00e4r perfekt f\u00f6r underh\u00e5llning eller som ett m\u00e4ttande mellanm\u00e5l.<\/p>\n<p data-start=\"254\" data-end=\"450\"><strong data-start=\"254\" data-end=\"266\">Funktioner<\/strong><br data-start=\"266\" data-end=\"269\" \/>- Expertrostade n\u00f6tter f\u00f6r en balanserad krispighet<br data-start=\"307\" data-end=\"310\" \/>- Inneh\u00e5ller h\u00f6gkvalitativa macadamia- och paran\u00f6tter<br data-start=\"354\" data-end=\"357\" \/>- Rik och varierad smak<br data-start=\"373\" data-end=\"376\" data-is-only-node=\"\" \/>- L\u00e4mplig f\u00f6r representation, dagliga mellanm\u00e5l och resor<br data-start=\"415\" data-end=\"418\" \/>- En bra k\u00e4lla till energi och h\u00e4lsosamma fetter<\/p>\n<p data-start=\"452\" data-end=\"606\"><strong data-start=\"452\" data-end=\"469\">Produktinformation<\/strong><br data-start=\"469\" data-end=\"472\" \/>- Vikt: 500g<br data-start=\"485\" data-end=\"488\" \/>- Typ: Blandade rostade n\u00f6tter<br data-start=\"516\" data-end=\"519\" \/>- Utvalda ingredienser: Macadamian\u00f6tter, paran\u00f6tter, olika sorters n\u00f6tter<br data-start=\"574\" data-end=\"577\" data-is-only-node=\"\" \/>- F\u00f6rpackning: F\u00f6rseglad l\u00e5da<\/p>\n<p data-start=\"608\" data-end=\"690\"><strong data-start=\"608\" data-end=\"627\">S\u00e5 h\u00e4r anv\u00e4nder du den<\/strong><br data-start=\"627\" data-end=\"630\" \/>- \u00c4t genast<br data-start=\"643\" data-end=\"646\" \/>- L\u00e4mplig att servera till drinkar eller mellan m\u00e5ltider<\/p>\n<p data-start=\"692\" data-end=\"794\" data-is-last-node=\"\" data-is-only-node=\"\"><strong data-start=\"692\" data-end=\"703\">F\u00f6rvaring<\/strong><br data-start=\"703\" data-end=\"706\" \/>\u2013 F\u00f6rvara p\u00e5 en sval, torr plats.<br data-start=\"730\" data-end=\"733\" \/>- St\u00e4ng burken v\u00e4l efter \u00f6ppnandet f\u00f6r att bevara krispigheten och smaken<\/p>","protected":false},"excerpt":{"rendered":"<p>Ett lyxigt sortiment av omsorgsfullt rostade n\u00f6tter, med macadamian\u00f6tter och paran\u00f6tter med en balanserad blandning av utvalda n\u00f6tter. Den rika smaken och krispiga konsistensen \u00e4r perfekt f\u00f6r underh\u00e5llning eller som ett m\u00e4ttande mellanm\u00e5l.<\/p>","protected":false},"featured_media":59018,"template":"","meta":[],"product_brand":[],"product_cat":[308],"product_tag":[],"class_list":{"0":"post-59017","1":"product","2":"type-product","3":"status-publish","4":"has-post-thumbnail","6":"product_cat-308","8":"first","9":"instock","10":"taxable","11":"shipping-taxable","12":"purchasable","13":"product-type-simple"},"_links":{"self":[{"href":"https:\/\/senabel.com\/sv\/wp-json\/wp\/v2\/product\/59017","targetHints":{"allow":["GET"]}}],"collection":[{"href":"https:\/\/senabel.com\/sv\/wp-json\/wp\/v2\/product"}],"about":[{"href":"https:\/\/senabel.com\/sv\/wp-json\/wp\/v2\/types\/product"}],"version-history":[{"count":2,"href":"https:\/\/senabel.com\/sv\/wp-json\/wp\/v2\/product\/59017\/revisions"}],"predecessor-version":[{"id":59020,"href":"https:\/\/senabel.com\/sv\/wp-json\/wp\/v2\/product\/59017\/revisions\/59020"}],"wp:featuredmedia":[{"embeddable":true,"href":"https:\/\/senabel.com\/sv\/wp-json\/wp\/v2\/media\/59018"}],"wp:attachment":[{"href":"https:\/\/senabel.com\/sv\/wp-json\/wp\/v2\/media?parent=59017"}],"wp:term":[{"taxonomy":"product_brand","embeddable":true,"href":"https:\/\/senabel.com\/sv\/wp-json\/wp\/v2\/product_brand?post=59017"},{"taxonomy":"product_cat","embeddable":true,"href":"https:\/\/senabel.com\/sv\/wp-json\/wp\/v2\/product_cat?post=59017"},{"taxonomy":"product_tag","embeddable":true,"href":"https:\/\/senabel.com\/sv\/wp-json\/wp\/v2\/product_tag?post=59017"}],"curies":[{"name":"wp","href":"https:\/\/api.w.org\/{rel}","templated":true}]}}