{"id":59014,"date":"2025-12-13T10:57:35","date_gmt":"2025-12-13T10:57:35","guid":{"rendered":"https:\/\/senabel.com\/?post_type=product&#038;p=59014"},"modified":"2026-05-08T13:44:53","modified_gmt":"2026-05-08T13:44:53","slug":"blandade-raa-notter","status":"publish","type":"product","link":"https:\/\/senabel.com\/sv\/product\/mixed-raw-nuts\/","title":{"rendered":"Blandade r\u00e5a n\u00f6tter - 500g"},"content":{"rendered":"<p data-start=\"23\" data-end=\"227\">Ett urval av naturliga r\u00e5a n\u00f6tter utan rostning, som kombinerar den fr\u00e4scha konsistensen och den ursprungliga smaken av n\u00f6tter med torkad frukt f\u00f6r en uts\u00f6kt balans. Ett perfekt val f\u00f6r dig som vill ha h\u00e4lsosam mat och naturlig energi varje dag.<\/p>\n<p data-start=\"229\" data-end=\"410\"><strong data-start=\"229\" data-end=\"241\">Funktioner<\/strong><br data-start=\"241\" data-end=\"244\" \/>- R\u00e5a n\u00f6tter, ingen rostning eller tillsatser<br data-start=\"278\" data-end=\"281\" \/>- N\u00e4ringsrik blandning<br data-start=\"308\" data-end=\"311\" \/>- Naturlig smak och fr\u00e4sch konsistens<br data-start=\"333\" data-end=\"336\" data-is-only-node=\"\" \/>- L\u00e4mplig f\u00f6r diet och h\u00e4lsosam livsstil<br data-start=\"369\" data-end=\"372\" \/>- Perfekt som mellanm\u00e5l eller f\u00f6r anv\u00e4ndning i recept<\/p>\n<p data-start=\"412\" data-end=\"506\"><strong data-start=\"412\" data-end=\"429\">Produktinformation<\/strong><br data-start=\"429\" data-end=\"432\" \/>- Vikt: 500g<br data-start=\"445\" data-end=\"448\" \/>- Typ: Blandade r\u00e5a n\u00f6tter<br data-start=\"474\" data-end=\"477\" \/>- F\u00f6rpackning: F\u00f6rseglad l\u00e5da<\/p>\n<p data-start=\"508\" data-end=\"609\"><strong data-start=\"508\" data-end=\"527\">S\u00e5 h\u00e4r anv\u00e4nder du den<\/strong><br data-start=\"527\" data-end=\"530\" \/>- \u00c4t genast<br data-start=\"543\" data-end=\"546\" \/>- Passar till frukost, mellanm\u00e5l eller som tillbeh\u00f6r till sallader och desserter<\/p>\n<p data-start=\"611\" data-end=\"706\" data-is-last-node=\"\" data-is-only-node=\"\"><strong data-start=\"611\" data-end=\"622\">F\u00f6rvaring<\/strong><br data-start=\"622\" data-end=\"625\" \/>\u2013 F\u00f6rvara p\u00e5 en sval, torr plats.<br data-start=\"649\" data-end=\"652\" \/>- Var noga med att st\u00e4nga burken v\u00e4l efter \u00f6ppnandet f\u00f6r att bevara f\u00e4rskheten<\/p>","protected":false},"excerpt":{"rendered":"<p>Ett urval av naturliga r\u00e5a n\u00f6tter utan rostning, som kombinerar den fr\u00e4scha konsistensen och den ursprungliga smaken av n\u00f6tter med torkad frukt f\u00f6r en uts\u00f6kt balans. Ett perfekt val f\u00f6r dig som vill ha h\u00e4lsosam mat och naturlig energi varje dag.<\/p>","protected":false},"featured_media":59015,"template":"","meta":[],"product_brand":[],"product_cat":[423],"product_tag":[],"class_list":{"0":"post-59014","1":"product","2":"type-product","3":"status-publish","4":"has-post-thumbnail","6":"product_cat-423","8":"first","9":"instock","10":"taxable","11":"shipping-taxable","12":"purchasable","13":"product-type-simple"},"_links":{"self":[{"href":"https:\/\/senabel.com\/sv\/wp-json\/wp\/v2\/product\/59014","targetHints":{"allow":["GET"]}}],"collection":[{"href":"https:\/\/senabel.com\/sv\/wp-json\/wp\/v2\/product"}],"about":[{"href":"https:\/\/senabel.com\/sv\/wp-json\/wp\/v2\/types\/product"}],"version-history":[{"count":1,"href":"https:\/\/senabel.com\/sv\/wp-json\/wp\/v2\/product\/59014\/revisions"}],"predecessor-version":[{"id":59016,"href":"https:\/\/senabel.com\/sv\/wp-json\/wp\/v2\/product\/59014\/revisions\/59016"}],"wp:featuredmedia":[{"embeddable":true,"href":"https:\/\/senabel.com\/sv\/wp-json\/wp\/v2\/media\/59015"}],"wp:attachment":[{"href":"https:\/\/senabel.com\/sv\/wp-json\/wp\/v2\/media?parent=59014"}],"wp:term":[{"taxonomy":"product_brand","embeddable":true,"href":"https:\/\/senabel.com\/sv\/wp-json\/wp\/v2\/product_brand?post=59014"},{"taxonomy":"product_cat","embeddable":true,"href":"https:\/\/senabel.com\/sv\/wp-json\/wp\/v2\/product_cat?post=59014"},{"taxonomy":"product_tag","embeddable":true,"href":"https:\/\/senabel.com\/sv\/wp-json\/wp\/v2\/product_tag?post=59014"}],"curies":[{"name":"wp","href":"https:\/\/api.w.org\/{rel}","templated":true}]}}