{"id":58920,"date":"2025-12-10T18:02:42","date_gmt":"2025-12-10T18:02:42","guid":{"rendered":"https:\/\/senabel.com\/?post_type=product&#038;p=58920"},"modified":"2026-04-15T10:16:38","modified_gmt":"2026-04-15T10:16:38","slug":"rektangular-pistaschnougat","status":"publish","type":"product","link":"https:\/\/senabel.com\/sv\/product\/rectangular-pistachio-nougat\/","title":{"rendered":"Pistage Rektangul\u00e4r Nougat"},"content":{"rendered":"<p data-start=\"0\" data-end=\"71\">En lyxig rektangul\u00e4r nougat som omsorgsfullt tillverkats av en mjuk blandning av s\u00f6tad vit nougat och gener\u00f6st fylld med f\u00e4rska pistagen\u00f6tter. Dess mjuka konsistens och rika smak kombinerar balanserad s\u00f6tma med pistagen\u00f6tternas distinkta smak, vilket g\u00f6r den till en av de mest eftertraktade typerna av g\u00e4stfrihet.<\/p>\n<p data-start=\"314\" data-end=\"524\"><strong data-start=\"314\" data-end=\"326\">Funktioner<\/strong><br data-start=\"326\" data-end=\"329\" \/>- Mjuk nougat med balanserad konsistens<br data-start=\"357\" data-end=\"360\" \/>- Hela pistagen\u00f6tter, f\u00f6rdelade gener\u00f6st inom varje bit<br data-start=\"405\" data-end=\"408\" \/>- Individuellt f\u00f6rpackade f\u00f6r att bibeh\u00e5lla f\u00e4rskhet och kvalitet<br data-start=\"449\" data-end=\"452\" \/>- L\u00e4mplig f\u00f6r servering, evenemang och dessertbrickor<br data-start=\"495\" data-end=\"498\" \/>\u2013 En lyxprodukt fr\u00e5n varum\u00e4rket Al-Kour<\/p>\n<p data-start=\"526\" data-end=\"620\"><strong data-start=\"526\" data-end=\"543\">Produktinformation<\/strong><br data-start=\"543\" data-end=\"546\" \/>\u2013 Vikt: 500 g \u2013 1000 g<br data-start=\"569\" data-end=\"572\" \/>- Typ av Nougat Pistage Rektangul\u00e4r Nougat<br data-start=\"601\" data-end=\"604\" \/>\u2013 Varum\u00e4rke: Al-Koor<\/p>\n<p data-start=\"622\" data-end=\"702\"><strong data-start=\"622\" data-end=\"639\">Hur man serverar<\/strong><br data-start=\"639\" data-end=\"642\" \/>\u2013 Servera med kaffe eller te.<br data-start=\"667\" data-end=\"670\" \/>- Idealisk f\u00f6r serveringsbrickor och g\u00e5vor<\/p>\n<p data-start=\"704\" data-end=\"786\"><strong data-start=\"704\" data-end=\"715\">F\u00f6rvaring<\/strong><br data-start=\"715\" data-end=\"718\" \/>\u2013 F\u00f6rvara p\u00e5 en sval, torr plats.<br data-start=\"742\" data-end=\"745\" \/>- F\u00f6rslut v\u00e4l efter \u00f6ppnandet f\u00f6r att bevara f\u00e4rskheten<\/p>","protected":false},"excerpt":{"rendered":"<p>En lyxig rektangul\u00e4r nougat som omsorgsfullt tillverkats av en mjuk blandning av s\u00f6tad vit nougat och gener\u00f6st fylld med f\u00e4rska pistagen\u00f6tter. Dess mjuka konsistens och rika smak kombinerar balanserad s\u00f6tma med pistagen\u00f6tternas distinkta smak, vilket g\u00f6r den till en av de mest eftertraktade typerna av g\u00e4stfrihet.<\/p>","protected":false},"featured_media":58924,"template":"","meta":[],"product_brand":[],"product_cat":[299],"product_tag":[],"class_list":{"0":"post-58920","1":"product","2":"type-product","3":"status-publish","4":"has-post-thumbnail","6":"product_cat-299","8":"first","9":"outofstock","10":"taxable","11":"shipping-taxable","12":"product-type-variable"},"_links":{"self":[{"href":"https:\/\/senabel.com\/sv\/wp-json\/wp\/v2\/product\/58920","targetHints":{"allow":["GET"]}}],"collection":[{"href":"https:\/\/senabel.com\/sv\/wp-json\/wp\/v2\/product"}],"about":[{"href":"https:\/\/senabel.com\/sv\/wp-json\/wp\/v2\/types\/product"}],"version-history":[{"count":4,"href":"https:\/\/senabel.com\/sv\/wp-json\/wp\/v2\/product\/58920\/revisions"}],"predecessor-version":[{"id":61239,"href":"https:\/\/senabel.com\/sv\/wp-json\/wp\/v2\/product\/58920\/revisions\/61239"}],"wp:featuredmedia":[{"embeddable":true,"href":"https:\/\/senabel.com\/sv\/wp-json\/wp\/v2\/media\/58924"}],"wp:attachment":[{"href":"https:\/\/senabel.com\/sv\/wp-json\/wp\/v2\/media?parent=58920"}],"wp:term":[{"taxonomy":"product_brand","embeddable":true,"href":"https:\/\/senabel.com\/sv\/wp-json\/wp\/v2\/product_brand?post=58920"},{"taxonomy":"product_cat","embeddable":true,"href":"https:\/\/senabel.com\/sv\/wp-json\/wp\/v2\/product_cat?post=58920"},{"taxonomy":"product_tag","embeddable":true,"href":"https:\/\/senabel.com\/sv\/wp-json\/wp\/v2\/product_tag?post=58920"}],"curies":[{"name":"wp","href":"https:\/\/api.w.org\/{rel}","templated":true}]}}