{"id":58891,"date":"2025-12-10T17:55:58","date_gmt":"2025-12-10T17:55:58","guid":{"rendered":"https:\/\/senabel.com\/?post_type=product&#038;p=58891"},"modified":"2026-05-03T17:48:21","modified_gmt":"2026-05-03T17:48:21","slug":"manna-och-salwa-med-rivna-pistaschnotter","status":"publish","type":"product","link":"https:\/\/senabel.com\/sv\/product\/manna-and-salwa-with-grated-pistachios\/","title":{"rendered":"Mann och Salwa med rivna pistagen\u00f6tter"},"content":{"rendered":"<p data-start=\"0\" data-end=\"67\">Lyxig manna och salwa fr\u00e5n m\u00e4rket Al-Kour, t\u00e4ckt med ett rikligt lager av rivna pistagen\u00f6tter. En mjuk konsistens som sm\u00e4lter i munnen med en autentisk orientalisk smak som \u00e5terspeglar tillverkningens kvalitet och det noggranna urvalet av ingredienser.<\/p>\n<p data-start=\"244\" data-end=\"453\"><strong data-start=\"244\" data-end=\"256\">Funktioner<\/strong><br data-start=\"256\" data-end=\"259\" \/>\u2013 Ett lager rivna pistagen\u00f6tter som t\u00e4cker varje bit helt<br data-start=\"302\" data-end=\"305\" \/>\u2013 Balanserad smak och mjuk konsistens<br data-start=\"328\" data-end=\"331\" \/>\u2013 Individuellt f\u00f6rpackade bitar f\u00f6r att bibeh\u00e5lla hygien och f\u00e4rskhet<br data-start=\"379\" data-end=\"382\" \/>\u2013 L\u00e4mplig f\u00f6r hotell- och restaurangbranschen samt evenemangscatering<br data-start=\"417\" data-end=\"420\" \/>\u2013 H\u00f6gkvalitativ produkt fr\u00e5n varum\u00e4rket Al-Koor<\/p>\n<p data-start=\"455\" data-end=\"563\"><strong data-start=\"455\" data-end=\"472\">Produktinformation<\/strong><br data-start=\"472\" data-end=\"475\" \/>\u2013 Tillg\u00e4ngliga vikter: 500 g \u2013 1000 g<br data-start=\"507\" data-end=\"510\" \/>\u2013 Typ: Manna och vaktel med rivna pistaschn\u00f6tter<br data-start=\"544\" data-end=\"547\" \/>\u2013 Varum\u00e4rke: Al-Koor<\/p>\n<p data-start=\"565\" data-end=\"646\"><strong data-start=\"565\" data-end=\"582\">Hur man serverar<\/strong><br data-start=\"582\" data-end=\"585\" \/>\u2013 Servera med kaffe eller te.<br data-start=\"610\" data-end=\"613\" \/>\u2013 Passar bra som julklapp och present vid bes\u00f6k<\/p>\n<p data-start=\"648\" data-end=\"729\"><strong data-start=\"648\" data-end=\"659\">F\u00f6rvaring<\/strong><br data-start=\"659\" data-end=\"662\" \/>\u2013 F\u00f6rvara p\u00e5 en sval, torr plats.<br data-start=\"686\" data-end=\"689\" \/>\u2013 F\u00f6rslut ordentligt efter \u00f6ppnandet f\u00f6r att bevara smaken.<\/p>","protected":false},"excerpt":{"rendered":"<p>Lyxig manna och salwa fr\u00e5n m\u00e4rket Al-Kour, t\u00e4ckt med ett rikligt lager av rivna pistagen\u00f6tter. En mjuk konsistens som sm\u00e4lter i munnen med en autentisk orientalisk smak som \u00e5terspeglar tillverkningens kvalitet och det noggranna urvalet av ingredienser.<\/p>","protected":false},"featured_media":58894,"template":"","meta":[],"product_brand":[],"product_cat":[299],"product_tag":[],"class_list":{"0":"post-58891","1":"product","2":"type-product","3":"status-publish","4":"has-post-thumbnail","6":"product_cat-299","8":"first","9":"instock","10":"taxable","11":"shipping-taxable","12":"purchasable","13":"product-type-variable"},"_links":{"self":[{"href":"https:\/\/senabel.com\/sv\/wp-json\/wp\/v2\/product\/58891","targetHints":{"allow":["GET"]}}],"collection":[{"href":"https:\/\/senabel.com\/sv\/wp-json\/wp\/v2\/product"}],"about":[{"href":"https:\/\/senabel.com\/sv\/wp-json\/wp\/v2\/types\/product"}],"version-history":[{"count":3,"href":"https:\/\/senabel.com\/sv\/wp-json\/wp\/v2\/product\/58891\/revisions"}],"predecessor-version":[{"id":59388,"href":"https:\/\/senabel.com\/sv\/wp-json\/wp\/v2\/product\/58891\/revisions\/59388"}],"wp:featuredmedia":[{"embeddable":true,"href":"https:\/\/senabel.com\/sv\/wp-json\/wp\/v2\/media\/58894"}],"wp:attachment":[{"href":"https:\/\/senabel.com\/sv\/wp-json\/wp\/v2\/media?parent=58891"}],"wp:term":[{"taxonomy":"product_brand","embeddable":true,"href":"https:\/\/senabel.com\/sv\/wp-json\/wp\/v2\/product_brand?post=58891"},{"taxonomy":"product_cat","embeddable":true,"href":"https:\/\/senabel.com\/sv\/wp-json\/wp\/v2\/product_cat?post=58891"},{"taxonomy":"product_tag","embeddable":true,"href":"https:\/\/senabel.com\/sv\/wp-json\/wp\/v2\/product_tag?post=58891"}],"curies":[{"name":"wp","href":"https:\/\/api.w.org\/{rel}","templated":true}]}}