{"id":58886,"date":"2025-12-10T17:53:31","date_gmt":"2025-12-10T17:53:31","guid":{"rendered":"https:\/\/senabel.com\/?post_type=product&#038;p=58886"},"modified":"2026-04-29T17:15:32","modified_gmt":"2026-04-29T17:15:32","slug":"pistasch-rahat","status":"publish","type":"product","link":"https:\/\/senabel.com\/sv\/product\/pistachio-rahat\/","title":{"rendered":"Pistasch-timme tr\u00f6st"},"content":{"rendered":"<p data-start=\"0\" data-end=\"59\">En ber\u00f6md lyxkonfekt fr\u00e5n Al-Kour, helt t\u00e4ckt med stora, f\u00e4rska pistagen\u00f6tter. Den har en rik, mjuk konsistens med den \u00e4kta smaken av konfektyr, och det tjocka pistage\u00f6verdraget ger varje bit en uts\u00f6kt smak och h\u00f6g kvalitet.<\/p>\n<p data-start=\"275\" data-end=\"503\"><strong data-start=\"275\" data-end=\"287\">Funktioner<\/strong><br data-start=\"287\" data-end=\"290\" \/>\u2013 \u00c4kta bakverk fyllda och t\u00e4ckta med pistagen\u00f6tter av h\u00f6gsta kvalitet<br data-start=\"338\" data-end=\"341\" \/>\u2013 Individuellt f\u00f6rpackade bitar f\u00f6r att bibeh\u00e5lla hygien och f\u00e4rskhet<br data-start=\"389\" data-end=\"392\" \/>\u2013 J\u00e4mn konsistens och balanserad smak mellan s\u00f6tma och pistasch.<br data-start=\"437\" data-end=\"440\" \/>\u2013 Perfekt f\u00f6r g\u00e4stfrihet och lyxiga g\u00e5vor<br data-start=\"473\" data-end=\"476\" \/>\u2013 Sofistikerad produktion fr\u00e5n varum\u00e4rket Al-Kour<\/p>\n<p data-start=\"505\" data-end=\"605\"><strong data-start=\"505\" data-end=\"522\">Produktinformation<\/strong><br data-start=\"522\" data-end=\"525\" \/>\u2013 Tillg\u00e4ngliga vikter: 500 g \u2013 1000 g<br data-start=\"557\" data-end=\"560\" \/>\u2013 Typ: Kaka med pistaschsmak<\/p>\n<p data-start=\"607\" data-end=\"690\"><strong data-start=\"607\" data-end=\"624\">Hur man serverar<\/strong><br data-start=\"624\" data-end=\"627\" \/>\u2013 Servera med te eller kaffe.<br data-start=\"652\" data-end=\"655\" \/>\u2013 Perfekt f\u00f6r serveringsbrickor och banketter<\/p>\n<p data-start=\"692\" data-end=\"781\"><strong data-start=\"692\" data-end=\"703\">F\u00f6rvaring<\/strong><br data-start=\"703\" data-end=\"706\" \/>\u2013 F\u00f6rvara p\u00e5 en sval, torr plats.<br data-start=\"730\" data-end=\"733\" \/>\u2013 F\u00f6rslut ordentligt efter \u00f6ppnandet f\u00f6r att bevara smak och konsistens.<\/p>","protected":false},"excerpt":{"rendered":"<p>En ber\u00f6md lyxkonfekt fr\u00e5n Al-Kour, helt t\u00e4ckt med stora, f\u00e4rska pistagen\u00f6tter. Den har en rik, mjuk konsistens med den \u00e4kta smaken av konfektyr, och det tjocka pistage\u00f6verdraget ger varje bit en uts\u00f6kt smak och h\u00f6g kvalitet.<\/p>","protected":false},"featured_media":58889,"template":"","meta":[],"product_brand":[],"product_cat":[299],"product_tag":[],"class_list":{"0":"post-58886","1":"product","2":"type-product","3":"status-publish","4":"has-post-thumbnail","6":"product_cat-299","8":"first","9":"instock","10":"taxable","11":"shipping-taxable","12":"purchasable","13":"product-type-variable"},"_links":{"self":[{"href":"https:\/\/senabel.com\/sv\/wp-json\/wp\/v2\/product\/58886","targetHints":{"allow":["GET"]}}],"collection":[{"href":"https:\/\/senabel.com\/sv\/wp-json\/wp\/v2\/product"}],"about":[{"href":"https:\/\/senabel.com\/sv\/wp-json\/wp\/v2\/types\/product"}],"version-history":[{"count":4,"href":"https:\/\/senabel.com\/sv\/wp-json\/wp\/v2\/product\/58886\/revisions"}],"predecessor-version":[{"id":64224,"href":"https:\/\/senabel.com\/sv\/wp-json\/wp\/v2\/product\/58886\/revisions\/64224"}],"wp:featuredmedia":[{"embeddable":true,"href":"https:\/\/senabel.com\/sv\/wp-json\/wp\/v2\/media\/58889"}],"wp:attachment":[{"href":"https:\/\/senabel.com\/sv\/wp-json\/wp\/v2\/media?parent=58886"}],"wp:term":[{"taxonomy":"product_brand","embeddable":true,"href":"https:\/\/senabel.com\/sv\/wp-json\/wp\/v2\/product_brand?post=58886"},{"taxonomy":"product_cat","embeddable":true,"href":"https:\/\/senabel.com\/sv\/wp-json\/wp\/v2\/product_cat?post=58886"},{"taxonomy":"product_tag","embeddable":true,"href":"https:\/\/senabel.com\/sv\/wp-json\/wp\/v2\/product_tag?post=58886"}],"curies":[{"name":"wp","href":"https:\/\/api.w.org\/{rel}","templated":true}]}}