{"id":58881,"date":"2025-12-10T17:51:47","date_gmt":"2025-12-10T17:51:47","guid":{"rendered":"https:\/\/senabel.com\/?post_type=product&#038;p=58881"},"modified":"2026-04-05T23:23:47","modified_gmt":"2026-04-05T23:23:47","slug":"pistaschnougat","status":"publish","type":"product","link":"https:\/\/senabel.com\/sv\/product\/pistachio-nougat\/","title":{"rendered":"Pistasch Nougatklocka"},"content":{"rendered":"<p data-start=\"0\" data-end=\"54\">Lyxig nougat fr\u00e5n Al-Kour, tillverkad av en mjuk blandning av rik vit nougat och omgiven av f\u00e4rska pistagen\u00f6tter. Den har en mjuk konsistens och en distinkt smak som kombinerar nougatens s\u00f6tma med pistagen\u00f6tternas knaprighet, vilket g\u00f6r den till en av de mest \u00e4lskade s\u00f6tsakerna och passar alla tillf\u00e4llen.<\/p>\n<p data-start=\"316\" data-end=\"511\"><strong data-start=\"316\" data-end=\"328\">Funktioner<\/strong><br data-start=\"328\" data-end=\"331\" \/>\u2013 F\u00e4rsk nooga t\u00e4ckt med premium-pistaschmandlar<br data-start=\"365\" data-end=\"368\" \/>\u2013 Mjuk konsistens som inte fastnar och sm\u00e4lter perfekt i munnen<br data-start=\"406\" data-end=\"409\" \/>\u2013 Individuellt f\u00f6rpackade bitar f\u00f6r enkel servering<br data-start=\"445\" data-end=\"448\" \/>\u2013 L\u00e4mplig f\u00f6r g\u00e4stfrihet och lyxiga g\u00e5vor<br data-start=\"481\" data-end=\"484\" \/>\u2013 H\u00f6g kvalitet fr\u00e5n varum\u00e4rket Al-Koor<\/p>\n<p data-start=\"513\" data-end=\"608\"><strong data-start=\"513\" data-end=\"530\">Produktinformation<\/strong><br data-start=\"530\" data-end=\"533\" \/>\u2013 Tillg\u00e4ngliga vikter: 500 g \u2013 1000 g<br data-start=\"565\" data-end=\"568\" \/>\u2013 Typ: Pistagenougat<br data-start=\"589\" data-end=\"592\" \/>\u2013 Varum\u00e4rke: Al-Koor<\/p>\n<p data-start=\"610\" data-end=\"713\"><strong data-start=\"610\" data-end=\"627\">Hur man serverar<\/strong><br data-start=\"627\" data-end=\"630\" \/>\u2013 Servera direkt med kaffe eller te.<br data-start=\"662\" data-end=\"665\" \/>\u2013 Kan placeras i serveringsbrickor eller presentf\u00f6rpackningar<\/p>\n<p data-start=\"715\" data-end=\"793\"><strong data-start=\"715\" data-end=\"726\">F\u00f6rvaring<\/strong><br data-start=\"726\" data-end=\"729\" \/>\u2013 F\u00f6rvara p\u00e5 en sval, torr plats.<br data-start=\"753\" data-end=\"756\" \/>\u2013 F\u00f6rslut ordentligt f\u00f6r att bevara konsistens och smak.<\/p>","protected":false},"excerpt":{"rendered":"<p>Lyxig nougat fr\u00e5n Al-Kour, tillverkad av en mjuk blandning av rik vit nougat och omgiven av f\u00e4rska pistagen\u00f6tter. Den har en mjuk konsistens och en distinkt smak som kombinerar nougatens s\u00f6tma med pistagen\u00f6tternas knaprighet, vilket g\u00f6r den till en av de mest \u00e4lskade s\u00f6tsakerna och passar alla tillf\u00e4llen.<\/p>","protected":false},"featured_media":58884,"template":"","meta":[],"product_brand":[],"product_cat":[299],"product_tag":[],"class_list":{"0":"post-58881","1":"product","2":"type-product","3":"status-publish","4":"has-post-thumbnail","6":"product_cat-299","8":"first","9":"instock","10":"taxable","11":"shipping-taxable","12":"purchasable","13":"product-type-variable"},"_links":{"self":[{"href":"https:\/\/senabel.com\/sv\/wp-json\/wp\/v2\/product\/58881","targetHints":{"allow":["GET"]}}],"collection":[{"href":"https:\/\/senabel.com\/sv\/wp-json\/wp\/v2\/product"}],"about":[{"href":"https:\/\/senabel.com\/sv\/wp-json\/wp\/v2\/types\/product"}],"version-history":[{"count":3,"href":"https:\/\/senabel.com\/sv\/wp-json\/wp\/v2\/product\/58881\/revisions"}],"predecessor-version":[{"id":59390,"href":"https:\/\/senabel.com\/sv\/wp-json\/wp\/v2\/product\/58881\/revisions\/59390"}],"wp:featuredmedia":[{"embeddable":true,"href":"https:\/\/senabel.com\/sv\/wp-json\/wp\/v2\/media\/58884"}],"wp:attachment":[{"href":"https:\/\/senabel.com\/sv\/wp-json\/wp\/v2\/media?parent=58881"}],"wp:term":[{"taxonomy":"product_brand","embeddable":true,"href":"https:\/\/senabel.com\/sv\/wp-json\/wp\/v2\/product_brand?post=58881"},{"taxonomy":"product_cat","embeddable":true,"href":"https:\/\/senabel.com\/sv\/wp-json\/wp\/v2\/product_cat?post=58881"},{"taxonomy":"product_tag","embeddable":true,"href":"https:\/\/senabel.com\/sv\/wp-json\/wp\/v2\/product_tag?post=58881"}],"curies":[{"name":"wp","href":"https:\/\/api.w.org\/{rel}","templated":true}]}}