{"id":58872,"date":"2025-12-10T17:45:18","date_gmt":"2025-12-10T17:45:18","guid":{"rendered":"https:\/\/senabel.com\/?post_type=product&#038;p=58872"},"modified":"2026-04-29T13:59:42","modified_gmt":"2026-04-29T13:59:42","slug":"darawi-gladje","status":"publish","type":"product","link":"https:\/\/senabel.com\/sv\/product\/darawi-delight\/","title":{"rendered":"\u0631\u0627\u062d\u0629 \u062f\u0631\u0639\u0627\u0648\u064a\u0629 \u0645\u0633\u062a\u0643\u0629 \u0641\u0627\u062e\u0631\u0629 \u2013 \u0645\u0627\u0631\u0643\u0629 \u0627\u0644\u0643\u0648\u0631 \u2013 350\u063a"},"content":{"rendered":"<p data-start=\"51\" data-end=\"269\">En lyxig Darawya-bar fr\u00e5n m\u00e4rket Al-Kour, k\u00e4nd f\u00f6r sin autentiska arabiska smak och mjuka, j\u00e4mna konsistens. Den har en h\u00e4rlig mysksmak som ger baren en sofistikerad orientalisk smak, vilket g\u00f6r den till det perfekta valet f\u00f6r g\u00e4stfrihet och speciella tillf\u00e4llen.<\/p>\n<p data-start=\"271\" data-end=\"427\"><strong data-start=\"271\" data-end=\"283\">Funktioner<\/strong><br data-start=\"283\" data-end=\"286\" \/>\u2013 Smaken av fin mysk<br data-start=\"308\" data-end=\"311\" \/>\u2013 Mjuk konsistens och h\u00f6g kvalitet<br data-start=\"333\" data-end=\"336\" \/>\u2013 En av de mest k\u00e4nda typerna av traditionell Darwish-komfort<br data-start=\"378\" data-end=\"381\" \/>\u2013 Passar bra att servera till kaffe eller te<\/p>\n<p data-start=\"429\" data-end=\"512\"><strong data-start=\"429\" data-end=\"446\">Produktinformation<\/strong><br data-start=\"446\" data-end=\"449\" \/>\u2013 Nettovikt: 350 g<br data-start=\"469\" data-end=\"472\" \/>\u2013 Varum\u00e4rke: Al-Koor<br data-start=\"488\" data-end=\"491\" \/>\u2013 Typ: Handh\u00e5llen<\/p>\n<p data-start=\"514\" data-end=\"600\"><strong data-start=\"514\" data-end=\"531\">Hur man serverar<\/strong><br data-start=\"531\" data-end=\"534\" \/>\u2013 Servera omedelbart som en f\u00e4rdig dessert.<br data-start=\"559\" data-end=\"562\" \/>\u2013 Perfekt f\u00f6r serveringsbrickor och evenemang<\/p>\n<p data-start=\"602\" data-end=\"693\"><strong data-start=\"602\" data-end=\"613\">F\u00f6rvaring<\/strong><br data-start=\"613\" data-end=\"616\" \/>\u2013 F\u00f6rvara p\u00e5 en sval, torr plats.<br data-start=\"640\" data-end=\"643\" \/>\u2013 St\u00e4ng beh\u00e5llaren ordentligt efter \u00f6ppnandet f\u00f6r att bibeh\u00e5lla f\u00e4rskheten.<\/p>","protected":false},"excerpt":{"rendered":"<p>En lyxig Darawya-bar fr\u00e5n m\u00e4rket Al-Kour, k\u00e4nd f\u00f6r sin autentiska arabiska smak och mjuka, j\u00e4mna konsistens. Den har en h\u00e4rlig mysksmak som ger baren en sofistikerad orientalisk smak, vilket g\u00f6r den till det perfekta valet f\u00f6r g\u00e4stfrihet och speciella tillf\u00e4llen.<\/p>","protected":false},"featured_media":58873,"template":"","meta":[],"product_brand":[],"product_cat":[299],"product_tag":[],"class_list":{"0":"post-58872","1":"product","2":"type-product","3":"status-publish","4":"has-post-thumbnail","6":"product_cat-299","8":"first","9":"instock","10":"taxable","11":"shipping-taxable","12":"purchasable","13":"product-type-simple"},"_links":{"self":[{"href":"https:\/\/senabel.com\/sv\/wp-json\/wp\/v2\/product\/58872","targetHints":{"allow":["GET"]}}],"collection":[{"href":"https:\/\/senabel.com\/sv\/wp-json\/wp\/v2\/product"}],"about":[{"href":"https:\/\/senabel.com\/sv\/wp-json\/wp\/v2\/types\/product"}],"version-history":[{"count":3,"href":"https:\/\/senabel.com\/sv\/wp-json\/wp\/v2\/product\/58872\/revisions"}],"predecessor-version":[{"id":64201,"href":"https:\/\/senabel.com\/sv\/wp-json\/wp\/v2\/product\/58872\/revisions\/64201"}],"wp:featuredmedia":[{"embeddable":true,"href":"https:\/\/senabel.com\/sv\/wp-json\/wp\/v2\/media\/58873"}],"wp:attachment":[{"href":"https:\/\/senabel.com\/sv\/wp-json\/wp\/v2\/media?parent=58872"}],"wp:term":[{"taxonomy":"product_brand","embeddable":true,"href":"https:\/\/senabel.com\/sv\/wp-json\/wp\/v2\/product_brand?post=58872"},{"taxonomy":"product_cat","embeddable":true,"href":"https:\/\/senabel.com\/sv\/wp-json\/wp\/v2\/product_cat?post=58872"},{"taxonomy":"product_tag","embeddable":true,"href":"https:\/\/senabel.com\/sv\/wp-json\/wp\/v2\/product_tag?post=58872"}],"curies":[{"name":"wp","href":"https:\/\/api.w.org\/{rel}","templated":true}]}}