{"id":58868,"date":"2025-12-10T17:44:09","date_gmt":"2025-12-10T17:44:09","guid":{"rendered":"https:\/\/senabel.com\/?post_type=product&#038;p=58868"},"modified":"2026-04-29T14:01:46","modified_gmt":"2026-04-29T14:01:46","slug":"darawi-kokosnotsdelikatess","status":"publish","type":"product","link":"https:\/\/senabel.com\/sv\/product\/darawi-coconut-delight\/","title":{"rendered":"Daraawa kokosn\u00f6tbar \u2013 Al-Kour-m\u00e4rket \u2013 350 g"},"content":{"rendered":"<p data-start=\"50\" data-end=\"257\">Al-Koor-m\u00e4rkets kokosn\u00f6tssmakande Dar'awa-godis k\u00e4nnetecknas av sin mjuka smak, kombinerad med m\u00e5ttlig s\u00f6tma och en l\u00e4cker touch av riven kokosn\u00f6t. Deras mjuka konsistens sm\u00e4lter i munnen och ger dig en raffinerad upplevelse och den v\u00e4lk\u00e4nda kvaliteten fr\u00e5n Al-Koor-m\u00e4rket.<\/p>\n<p data-start=\"259\" data-end=\"378\"><strong data-start=\"259\" data-end=\"271\">Funktioner<\/strong><br data-start=\"271\" data-end=\"274\" \/>\u2013 Rik kokossmak<br data-start=\"297\" data-end=\"300\" \/>\u2013 Mjuk och fr\u00e4sch konsistens<br data-start=\"316\" data-end=\"319\" \/>\u2013 H\u00f6g kvalitet fr\u00e5n varum\u00e4rket Al-Koor<br data-start=\"346\" data-end=\"349\" \/>\u2013 L\u00e4mplig f\u00f6r hotell- och evenemangsbranschen<\/p>\n<p data-start=\"380\" data-end=\"481\"><strong data-start=\"380\" data-end=\"397\">Produktinformation<\/strong><br data-start=\"397\" data-end=\"400\" \/>\u2013 Nettovikt: 350 g<br data-start=\"420\" data-end=\"423\" \/>\u2013 Varum\u00e4rke: Al-Koor<br data-start=\"439\" data-end=\"442\" \/>\u2013 Typ: Darawya-bakelse med kokossmak<\/p>\n<p data-start=\"483\" data-end=\"578\"><strong data-start=\"483\" data-end=\"500\">Hur man serverar<\/strong><br data-start=\"500\" data-end=\"503\" \/>\u2013 Servera omedelbart som en f\u00e4rdig dessert.<br data-start=\"528\" data-end=\"531\" \/>\u2013 Perfekt till kaffe eller te och med serveringsbrickor<\/p>\n<p data-start=\"580\" data-end=\"655\"><strong data-start=\"580\" data-end=\"591\">F\u00f6rvaring<\/strong><br data-start=\"591\" data-end=\"594\" \/>\u2013 F\u00f6rvara p\u00e5 en sval, torr plats.<br data-start=\"618\" data-end=\"621\" \/>\u2013 F\u00f6rslut ordentligt f\u00f6r att bevara f\u00e4rskheten.<\/p>","protected":false},"excerpt":{"rendered":"<p>Al-Koor-m\u00e4rkets kokosn\u00f6tssmakande Dar'awa-godis k\u00e4nnetecknas av sin mjuka smak, kombinerad med m\u00e5ttlig s\u00f6tma och en l\u00e4cker touch av riven kokosn\u00f6t. Deras mjuka konsistens sm\u00e4lter i munnen och ger dig en raffinerad upplevelse och den v\u00e4lk\u00e4nda kvaliteten fr\u00e5n Al-Koor-m\u00e4rket.<\/p>","protected":false},"featured_media":58869,"template":"","meta":[],"product_brand":[],"product_cat":[299],"product_tag":[],"class_list":{"0":"post-58868","1":"product","2":"type-product","3":"status-publish","4":"has-post-thumbnail","6":"product_cat-299","8":"first","9":"instock","10":"taxable","11":"shipping-taxable","12":"purchasable","13":"product-type-simple"},"_links":{"self":[{"href":"https:\/\/senabel.com\/sv\/wp-json\/wp\/v2\/product\/58868","targetHints":{"allow":["GET"]}}],"collection":[{"href":"https:\/\/senabel.com\/sv\/wp-json\/wp\/v2\/product"}],"about":[{"href":"https:\/\/senabel.com\/sv\/wp-json\/wp\/v2\/types\/product"}],"version-history":[{"count":2,"href":"https:\/\/senabel.com\/sv\/wp-json\/wp\/v2\/product\/58868\/revisions"}],"predecessor-version":[{"id":58871,"href":"https:\/\/senabel.com\/sv\/wp-json\/wp\/v2\/product\/58868\/revisions\/58871"}],"wp:featuredmedia":[{"embeddable":true,"href":"https:\/\/senabel.com\/sv\/wp-json\/wp\/v2\/media\/58869"}],"wp:attachment":[{"href":"https:\/\/senabel.com\/sv\/wp-json\/wp\/v2\/media?parent=58868"}],"wp:term":[{"taxonomy":"product_brand","embeddable":true,"href":"https:\/\/senabel.com\/sv\/wp-json\/wp\/v2\/product_brand?post=58868"},{"taxonomy":"product_cat","embeddable":true,"href":"https:\/\/senabel.com\/sv\/wp-json\/wp\/v2\/product_cat?post=58868"},{"taxonomy":"product_tag","embeddable":true,"href":"https:\/\/senabel.com\/sv\/wp-json\/wp\/v2\/product_tag?post=58868"}],"curies":[{"name":"wp","href":"https:\/\/api.w.org\/{rel}","templated":true}]}}