{"id":58864,"date":"2025-12-10T17:43:03","date_gmt":"2025-12-10T17:43:03","guid":{"rendered":"https:\/\/senabel.com\/?post_type=product&#038;p=58864"},"modified":"2026-04-29T14:01:54","modified_gmt":"2026-04-29T14:01:54","slug":"daraa-delight-med-fruktsmak","status":"publish","type":"product","link":"https:\/\/senabel.com\/sv\/product\/daraa-delight-with-fruit-flavor\/","title":{"rendered":"Darawya-kex med fruktsmak \u2013 m\u00e4rket Al-Kour \u2013 350 g"},"content":{"rendered":"<p data-start=\"53\" data-end=\"271\">Al-Kours fruktsmaksatta Dara'awiya finns i en l\u00e4cker blandning av f\u00e4rger och fruktsmaker, vilket ger varje bit en distinkt och tilltalande smak. Den mjuka konsistensen och pudersockerovertr\u00e4tten g\u00f6r den till ett utm\u00e4rkt val f\u00f6r festliga tillf\u00e4llen eller vardagsnjutning.<\/p>\n<p data-start=\"273\" data-end=\"394\"><strong data-start=\"273\" data-end=\"285\">Funktioner<\/strong><br data-start=\"285\" data-end=\"288\" \/>\u2013 Flera fruktsmaker<br data-start=\"308\" data-end=\"311\" \/>\u2013 Mjuk konsistens som sm\u00e4lter i munnen<br data-start=\"332\" data-end=\"335\" \/>\u2013 H\u00f6g kvalitet fr\u00e5n varum\u00e4rket Al-Koor<br data-start=\"362\" data-end=\"365\" \/>\u2013 L\u00e4mplig f\u00f6r hotell- och evenemangsbranschen<\/p>\n<p data-start=\"396\" data-end=\"495\"><strong data-start=\"396\" data-end=\"413\">Produktinformation<\/strong><br data-start=\"413\" data-end=\"416\" \/>\u2013 Nettovikt: 350 g<br data-start=\"436\" data-end=\"439\" \/>\u2013 Varum\u00e4rke: Al-Koor<br data-start=\"455\" data-end=\"458\" \/>\u2013 Typ: Darawya-bakelse med fruktsmak<\/p>\n<p data-start=\"497\" data-end=\"590\"><strong data-start=\"497\" data-end=\"514\">Hur man serverar<\/strong><br data-start=\"514\" data-end=\"517\" \/>\u2013 Serveras direkt fr\u00e5n burken<br data-start=\"540\" data-end=\"543\" \/>\u2013 Perfekt till te eller kaffe och till g\u00e4stfrihetsr\u00e4tter<\/p>\n<p data-start=\"592\" data-end=\"684\"><strong data-start=\"592\" data-end=\"603\">F\u00f6rvaring<\/strong><br data-start=\"603\" data-end=\"606\" \/>\u2013 F\u00f6rvara p\u00e5 en sval, torr plats.<br data-start=\"630\" data-end=\"633\" \/>\u2013 F\u00f6rslut ordentligt efter \u00f6ppnandet f\u00f6r att bibeh\u00e5lla konsistens och f\u00e4rskhet.<\/p>","protected":false},"excerpt":{"rendered":"<p>Al-Kours fruktsmaksatta Dara'awiya finns i en l\u00e4cker blandning av f\u00e4rger och fruktsmaker, vilket ger varje bit en distinkt och tilltalande smak. Den mjuka konsistensen och pudersockerovertr\u00e4tten g\u00f6r den till ett utm\u00e4rkt val f\u00f6r festliga tillf\u00e4llen eller vardagsnjutning.<\/p>","protected":false},"featured_media":58865,"template":"","meta":[],"product_brand":[],"product_cat":[299],"product_tag":[],"class_list":{"0":"post-58864","1":"product","2":"type-product","3":"status-publish","4":"has-post-thumbnail","6":"product_cat-299","8":"first","9":"instock","10":"taxable","11":"shipping-taxable","12":"purchasable","13":"product-type-simple"},"_links":{"self":[{"href":"https:\/\/senabel.com\/sv\/wp-json\/wp\/v2\/product\/58864","targetHints":{"allow":["GET"]}}],"collection":[{"href":"https:\/\/senabel.com\/sv\/wp-json\/wp\/v2\/product"}],"about":[{"href":"https:\/\/senabel.com\/sv\/wp-json\/wp\/v2\/types\/product"}],"version-history":[{"count":2,"href":"https:\/\/senabel.com\/sv\/wp-json\/wp\/v2\/product\/58864\/revisions"}],"predecessor-version":[{"id":58867,"href":"https:\/\/senabel.com\/sv\/wp-json\/wp\/v2\/product\/58864\/revisions\/58867"}],"wp:featuredmedia":[{"embeddable":true,"href":"https:\/\/senabel.com\/sv\/wp-json\/wp\/v2\/media\/58865"}],"wp:attachment":[{"href":"https:\/\/senabel.com\/sv\/wp-json\/wp\/v2\/media?parent=58864"}],"wp:term":[{"taxonomy":"product_brand","embeddable":true,"href":"https:\/\/senabel.com\/sv\/wp-json\/wp\/v2\/product_brand?post=58864"},{"taxonomy":"product_cat","embeddable":true,"href":"https:\/\/senabel.com\/sv\/wp-json\/wp\/v2\/product_cat?post=58864"},{"taxonomy":"product_tag","embeddable":true,"href":"https:\/\/senabel.com\/sv\/wp-json\/wp\/v2\/product_tag?post=58864"}],"curies":[{"name":"wp","href":"https:\/\/api.w.org\/{rel}","templated":true}]}}