{"id":58860,"date":"2025-12-10T17:38:36","date_gmt":"2025-12-10T17:38:36","guid":{"rendered":"https:\/\/senabel.com\/?post_type=product&#038;p=58860"},"modified":"2026-04-29T14:02:04","modified_gmt":"2026-04-29T14:02:04","slug":"darawi-rahah-med-granatapple","status":"publish","type":"product","link":"https:\/\/senabel.com\/sv\/product\/darawi-rahah-with-pomegranate\/","title":{"rendered":"Darawawi granat\u00e4ppelsylt \u2013 Al-Kour-m\u00e4rket \u2013 350 g"},"content":{"rendered":"<p data-start=\"47\" data-end=\"268\">Al-Koor-m\u00e4rkets Dara'awiya-godis med granat\u00e4ppelsmak kombinerar mjukhet och en l\u00e4cker gel\u00e9aktig konsistens med en uppfriskande touch av naturlig granat\u00e4ppelsmak. De har en omtyckt fruktig smak som g\u00f6r dem till en av de mest karakteristiska sorterna f\u00f6r \u00e4lskare av godis med innovativa smaker.<\/p>\n<p data-start=\"270\" data-end=\"413\"><strong data-start=\"270\" data-end=\"282\">Funktioner<\/strong><br data-start=\"282\" data-end=\"285\" \/>\u2013 Naturlig och uppfriskande granat\u00e4ppelsmak<br data-start=\"310\" data-end=\"313\" \/>\u2013 Mjuk konsistens som sm\u00e4lter i munnen<br data-start=\"334\" data-end=\"337\" \/>\u2013 H\u00f6g kvalitet fr\u00e5n varum\u00e4rket Al-Koor<br data-start=\"364\" data-end=\"367\" \/>\u2013 Perfekt f\u00f6r att bjuda p\u00e5 och servera med te eller kaffe<\/p>\n<p data-start=\"415\" data-end=\"513\"><strong data-start=\"415\" data-end=\"432\">Produktinformation<\/strong><br data-start=\"432\" data-end=\"435\" \/>\u2013 Nettovikt: 350 g<br data-start=\"455\" data-end=\"458\" \/>\u2013 Varum\u00e4rke: Al-Koor<br data-start=\"474\" data-end=\"477\" \/>\u2013 Typ: Darawya-bakelse med granat\u00e4ppelsmak<\/p>\n<p data-start=\"515\" data-end=\"605\"><strong data-start=\"515\" data-end=\"532\">Hur man serverar<\/strong><br data-start=\"532\" data-end=\"535\" \/>\u2013 Serveras direkt fr\u00e5n burken<br data-start=\"560\" data-end=\"563\" \/>\u2013 L\u00e4mplig f\u00f6r vardagsbruk och speciella tillf\u00e4llen<\/p>\n<p data-start=\"607\" data-end=\"692\"><strong data-start=\"607\" data-end=\"618\">F\u00f6rvaring<\/strong><br data-start=\"618\" data-end=\"621\" \/>\u2013 F\u00f6rvara p\u00e5 en sval, torr plats.<br data-start=\"645\" data-end=\"648\" \/>\u2013 F\u00f6rslut ordentligt efter \u00f6ppnandet f\u00f6r att bibeh\u00e5lla f\u00e4rskheten.<\/p>","protected":false},"excerpt":{"rendered":"<p>Al-Koor-m\u00e4rkets Dara'awiya-godis med granat\u00e4ppelsmak kombinerar mjukhet och en l\u00e4cker gel\u00e9aktig konsistens med en uppfriskande touch av naturlig granat\u00e4ppelsmak. De har en omtyckt fruktig smak som g\u00f6r dem till en av de mest karakteristiska sorterna f\u00f6r \u00e4lskare av godis med innovativa smaker.<\/p>","protected":false},"featured_media":58861,"template":"","meta":[],"product_brand":[],"product_cat":[299],"product_tag":[],"class_list":{"0":"post-58860","1":"product","2":"type-product","3":"status-publish","4":"has-post-thumbnail","6":"product_cat-299","8":"first","9":"instock","10":"taxable","11":"shipping-taxable","12":"purchasable","13":"product-type-simple"},"_links":{"self":[{"href":"https:\/\/senabel.com\/sv\/wp-json\/wp\/v2\/product\/58860","targetHints":{"allow":["GET"]}}],"collection":[{"href":"https:\/\/senabel.com\/sv\/wp-json\/wp\/v2\/product"}],"about":[{"href":"https:\/\/senabel.com\/sv\/wp-json\/wp\/v2\/types\/product"}],"version-history":[{"count":2,"href":"https:\/\/senabel.com\/sv\/wp-json\/wp\/v2\/product\/58860\/revisions"}],"predecessor-version":[{"id":58863,"href":"https:\/\/senabel.com\/sv\/wp-json\/wp\/v2\/product\/58860\/revisions\/58863"}],"wp:featuredmedia":[{"embeddable":true,"href":"https:\/\/senabel.com\/sv\/wp-json\/wp\/v2\/media\/58861"}],"wp:attachment":[{"href":"https:\/\/senabel.com\/sv\/wp-json\/wp\/v2\/media?parent=58860"}],"wp:term":[{"taxonomy":"product_brand","embeddable":true,"href":"https:\/\/senabel.com\/sv\/wp-json\/wp\/v2\/product_brand?post=58860"},{"taxonomy":"product_cat","embeddable":true,"href":"https:\/\/senabel.com\/sv\/wp-json\/wp\/v2\/product_cat?post=58860"},{"taxonomy":"product_tag","embeddable":true,"href":"https:\/\/senabel.com\/sv\/wp-json\/wp\/v2\/product_tag?post=58860"}],"curies":[{"name":"wp","href":"https:\/\/api.w.org\/{rel}","templated":true}]}}