{"id":58856,"date":"2025-12-10T17:36:49","date_gmt":"2025-12-10T17:36:49","guid":{"rendered":"https:\/\/senabel.com\/?post_type=product&#038;p=58856"},"modified":"2026-04-29T14:02:16","modified_gmt":"2026-04-29T14:02:16","slug":"daraa-sesam-rahat","status":"publish","type":"product","link":"https:\/\/senabel.com\/sv\/product\/daraa-sesame-rahat\/","title":{"rendered":"Darawawi sesamkakor \u2013 Al-Kour-m\u00e4rket \u2013 350 g"},"content":{"rendered":"<p data-start=\"47\" data-end=\"251\">En \u00e4kta Darawya fr\u00e5n m\u00e4rket Al-Kour, t\u00e4ckt med rostade sesamfr\u00f6n som ger en l\u00e4tt knaprighet och en distinkt smak. Den har en mjuk konsistens och en balanserad smak, vilket g\u00f6r den till ett utm\u00e4rkt val f\u00f6r \u00e4lskare av traditionell Darawya med en sesamtwist.<\/p>\n<p data-start=\"253\" data-end=\"401\"><strong data-start=\"253\" data-end=\"265\">Funktioner<\/strong><br data-start=\"265\" data-end=\"268\" \/>\u2013 T\u00e4ckt med en gener\u00f6s m\u00e4ngd rostade sesamfr\u00f6n<br data-start=\"305\" data-end=\"308\" \/>\u2013 Mjuk konsistens och \u00e4kta orientalisk smak<br data-start=\"333\" data-end=\"336\" \/>\u2013 Utm\u00e4rkt kvalitet fr\u00e5n varum\u00e4rket Al-Kour<br data-start=\"364\" data-end=\"367\" \/>\u2013 L\u00e4mplig f\u00f6r hotell- och restaurangbranschen och vardaglig servering<\/p>\n<p data-start=\"403\" data-end=\"496\"><strong data-start=\"403\" data-end=\"420\">Produktinformation<\/strong><br data-start=\"420\" data-end=\"423\" \/>\u2013 Nettovikt: 350 g<br data-start=\"443\" data-end=\"446\" \/>\u2013 Varum\u00e4rke: Al-Koor<br data-start=\"462\" data-end=\"465\" \/>\u2013 Typ: Darawya-bakverk med sesamsmak<\/p>\n<p data-start=\"498\" data-end=\"572\"><strong data-start=\"498\" data-end=\"515\">Hur man serverar<\/strong><br data-start=\"515\" data-end=\"518\" \/>\u2013 \u00d6ppna och servera omedelbart.<br data-start=\"540\" data-end=\"543\" \/>\u2013 Perfekt till kaffe eller te<\/p>\n<p data-start=\"574\" data-end=\"658\"><strong data-start=\"574\" data-end=\"585\">F\u00f6rvaring<\/strong><br data-start=\"585\" data-end=\"588\" \/>\u2013 F\u00f6rvara p\u00e5 en sval, torr plats.<br data-start=\"612\" data-end=\"615\" \/>\u2013 F\u00f6rslut ordentligt efter \u00f6ppning f\u00f6r att bibeh\u00e5lla f\u00e4rskheten.<\/p>","protected":false},"excerpt":{"rendered":"<p>En \u00e4kta Darawya fr\u00e5n m\u00e4rket Al-Kour, t\u00e4ckt med rostade sesamfr\u00f6n som ger en l\u00e4tt knaprighet och en distinkt smak. Den har en mjuk konsistens och en balanserad smak, vilket g\u00f6r den till ett utm\u00e4rkt val f\u00f6r \u00e4lskare av traditionell Darawya med en sesamtwist.<\/p>","protected":false},"featured_media":58857,"template":"","meta":[],"product_brand":[],"product_cat":[299],"product_tag":[],"class_list":{"0":"post-58856","1":"product","2":"type-product","3":"status-publish","4":"has-post-thumbnail","6":"product_cat-299","8":"first","9":"instock","10":"taxable","11":"shipping-taxable","12":"purchasable","13":"product-type-simple"},"_links":{"self":[{"href":"https:\/\/senabel.com\/sv\/wp-json\/wp\/v2\/product\/58856","targetHints":{"allow":["GET"]}}],"collection":[{"href":"https:\/\/senabel.com\/sv\/wp-json\/wp\/v2\/product"}],"about":[{"href":"https:\/\/senabel.com\/sv\/wp-json\/wp\/v2\/types\/product"}],"version-history":[{"count":2,"href":"https:\/\/senabel.com\/sv\/wp-json\/wp\/v2\/product\/58856\/revisions"}],"predecessor-version":[{"id":58859,"href":"https:\/\/senabel.com\/sv\/wp-json\/wp\/v2\/product\/58856\/revisions\/58859"}],"wp:featuredmedia":[{"embeddable":true,"href":"https:\/\/senabel.com\/sv\/wp-json\/wp\/v2\/media\/58857"}],"wp:attachment":[{"href":"https:\/\/senabel.com\/sv\/wp-json\/wp\/v2\/media?parent=58856"}],"wp:term":[{"taxonomy":"product_brand","embeddable":true,"href":"https:\/\/senabel.com\/sv\/wp-json\/wp\/v2\/product_brand?post=58856"},{"taxonomy":"product_cat","embeddable":true,"href":"https:\/\/senabel.com\/sv\/wp-json\/wp\/v2\/product_cat?post=58856"},{"taxonomy":"product_tag","embeddable":true,"href":"https:\/\/senabel.com\/sv\/wp-json\/wp\/v2\/product_tag?post=58856"}],"curies":[{"name":"wp","href":"https:\/\/api.w.org\/{rel}","templated":true}]}}