{"id":58852,"date":"2025-12-10T17:35:35","date_gmt":"2025-12-10T17:35:35","guid":{"rendered":"https:\/\/senabel.com\/?post_type=product&#038;p=58852"},"modified":"2026-03-22T15:24:21","modified_gmt":"2026-03-22T15:24:21","slug":"daraa-delight-med-rosensmak","status":"publish","type":"product","link":"https:\/\/senabel.com\/sv\/product\/daraa-delight-with-a-rose-flavor\/","title":{"rendered":"Darawya-bakverk med rosensmak \u2013 m\u00e4rket Al-Kour \u2013 350 g"},"content":{"rendered":"<p data-start=\"51\" data-end=\"278\">\u00c4kta Darawawi-godis fr\u00e5n Al-Kour, tillagat p\u00e5 traditionellt vis f\u00f6r att ge dig en mjuk konsistens och en distinkt smak. De har en naturlig rosensmak som tillf\u00f6r en l\u00e4tt och behaglig aromatisk touch, vilket g\u00f6r dem till det perfekta valet f\u00f6r \u00e4lskare av lyxiga rosengodisar.<\/p>\n<p data-start=\"280\" data-end=\"420\"><strong data-start=\"280\" data-end=\"292\">Funktioner<\/strong><br data-start=\"292\" data-end=\"295\" \/>\u2013 Naturlig och aromatisk rosensmak<br data-start=\"319\" data-end=\"322\" \/>\u2013 Mjuk konsistens som sm\u00e4lter i munnen<br data-start=\"343\" data-end=\"346\" \/>\u2013 H\u00f6g kvalitet fr\u00e5n det v\u00e4lk\u00e4nda varum\u00e4rket Al-Kour<br data-start=\"382\" data-end=\"385\" \/>\u2013 L\u00e4mplig f\u00f6r hotell- och evenemangsbranschen<\/p>\n<p data-start=\"422\" data-end=\"519\"><strong data-start=\"422\" data-end=\"439\">Produktinformation<\/strong><br data-start=\"439\" data-end=\"442\" \/>\u2013 Nettovikt: 350 g<br data-start=\"462\" data-end=\"465\" \/>\u2013 Varum\u00e4rke: Al-Koor<br data-start=\"481\" data-end=\"484\" \/>\u2013 Typ: Darawya-bakverk med rosensmak<\/p>\n<p data-start=\"521\" data-end=\"601\"><strong data-start=\"521\" data-end=\"538\">Hur man serverar<\/strong><br data-start=\"538\" data-end=\"541\" \/>\u2013 \u00d6ppnas och serveras omedelbart<br data-start=\"561\" data-end=\"564\" \/>\u2013 Passar bra till arabiskt kaffe eller te<\/p>\n<p data-start=\"603\" data-end=\"694\"><strong data-start=\"603\" data-end=\"614\">F\u00f6rvaring<\/strong><br data-start=\"614\" data-end=\"617\" \/>\u2013 F\u00f6rvara p\u00e5 en sval, torr plats.<br data-start=\"641\" data-end=\"644\" \/>\u2013 F\u00f6rslut ordentligt efter \u00f6ppnandet f\u00f6r att bevara smak och konsistens.<\/p>","protected":false},"excerpt":{"rendered":"<p>\u00c4kta Darawawi-godis fr\u00e5n Al-Kour, tillagat p\u00e5 traditionellt vis f\u00f6r att ge dig en mjuk konsistens och en distinkt smak. De har en naturlig rosensmak som tillf\u00f6r en l\u00e4tt och behaglig aromatisk touch, vilket g\u00f6r dem till det perfekta valet f\u00f6r \u00e4lskare av lyxiga rosengodisar.<\/p>","protected":false},"featured_media":58853,"template":"","meta":[],"product_brand":[],"product_cat":[299],"product_tag":[],"class_list":{"0":"post-58852","1":"product","2":"type-product","3":"status-publish","4":"has-post-thumbnail","6":"product_cat-299","8":"first","9":"outofstock","10":"taxable","11":"shipping-taxable","12":"purchasable","13":"product-type-simple"},"_links":{"self":[{"href":"https:\/\/senabel.com\/sv\/wp-json\/wp\/v2\/product\/58852","targetHints":{"allow":["GET"]}}],"collection":[{"href":"https:\/\/senabel.com\/sv\/wp-json\/wp\/v2\/product"}],"about":[{"href":"https:\/\/senabel.com\/sv\/wp-json\/wp\/v2\/types\/product"}],"version-history":[{"count":2,"href":"https:\/\/senabel.com\/sv\/wp-json\/wp\/v2\/product\/58852\/revisions"}],"predecessor-version":[{"id":58855,"href":"https:\/\/senabel.com\/sv\/wp-json\/wp\/v2\/product\/58852\/revisions\/58855"}],"wp:featuredmedia":[{"embeddable":true,"href":"https:\/\/senabel.com\/sv\/wp-json\/wp\/v2\/media\/58853"}],"wp:attachment":[{"href":"https:\/\/senabel.com\/sv\/wp-json\/wp\/v2\/media?parent=58852"}],"wp:term":[{"taxonomy":"product_brand","embeddable":true,"href":"https:\/\/senabel.com\/sv\/wp-json\/wp\/v2\/product_brand?post=58852"},{"taxonomy":"product_cat","embeddable":true,"href":"https:\/\/senabel.com\/sv\/wp-json\/wp\/v2\/product_cat?post=58852"},{"taxonomy":"product_tag","embeddable":true,"href":"https:\/\/senabel.com\/sv\/wp-json\/wp\/v2\/product_tag?post=58852"}],"curies":[{"name":"wp","href":"https:\/\/api.w.org\/{rel}","templated":true}]}}