{"id":58848,"date":"2025-12-10T17:33:25","date_gmt":"2025-12-10T17:33:25","guid":{"rendered":"https:\/\/senabel.com\/?post_type=product&#038;p=58848"},"modified":"2026-04-29T14:02:33","modified_gmt":"2026-04-29T14:02:33","slug":"daraa-delight-med-jordnotter","status":"publish","type":"product","link":"https:\/\/senabel.com\/sv\/product\/daraa-delight-with-peanuts\/","title":{"rendered":"Pistaschgodis i Daraa-stil \u2013 m\u00e4rket Al-Kour \u2013 350 g"},"content":{"rendered":"<p data-start=\"56\" data-end=\"271\">Traditionella Darawya-s\u00f6tsaker fr\u00e5n Al-Kour, k\u00e4nda f\u00f6r sin mjuka konsistens och autentiska smak, tillagade p\u00e5 syriskt vis. Blandade med rostade jordn\u00f6tter f\u00f6r extra knaprighet och uts\u00f6kt smak serveras de som en l\u00e4tt dessert som alla \u00e4lskar.<\/p>\n<p data-start=\"273\" data-end=\"425\"><strong data-start=\"273\" data-end=\"285\">Funktioner<\/strong><br data-start=\"285\" data-end=\"288\" \/>\u2013 Original Darawawi-komfort fr\u00e5n varum\u00e4rket Al-Kour<br data-start=\"323\" data-end=\"326\" \/>\u2013 Mjuk konsistens och distinkt smak<br data-start=\"348\" data-end=\"351\" \/>\u2013 Blandad med jordn\u00f6tter f\u00f6r en rik smak<br data-start=\"386\" data-end=\"389\" \/>\u2013 L\u00e4mplig f\u00f6r g\u00e4stfrihet och vardagsnjutning<\/p>\n<p data-start=\"427\" data-end=\"529\"><strong data-start=\"427\" data-end=\"444\">Produktinformation<\/strong><br data-start=\"444\" data-end=\"447\" \/>\u2013 Nettovikt: 350 g<br data-start=\"467\" data-end=\"470\" \/>\u2013 Varum\u00e4rke: Al-Koor<br data-start=\"486\" data-end=\"489\" \/>\u2013 Typ: Pistagekaka i Daraa-stil<\/p>\n<p data-start=\"531\" data-end=\"610\"><strong data-start=\"531\" data-end=\"548\">Hur man serverar<\/strong><br data-start=\"548\" data-end=\"551\" \/>\u2013 \u00d6ppna f\u00f6rpackningen och servera omedelbart.<br data-start=\"578\" data-end=\"581\" \/>\u2013 Passar bra till te eller kaffe<\/p>\n<p data-start=\"612\" data-end=\"703\"><strong data-start=\"612\" data-end=\"623\">F\u00f6rvaring<\/strong><br data-start=\"623\" data-end=\"626\" \/>\u2013 F\u00f6rvara p\u00e5 en sval, torr plats.<br data-start=\"650\" data-end=\"653\" \/>\u2013 F\u00f6rslut ordentligt efter \u00f6ppnandet f\u00f6r att bevara konsistens och smak.<\/p>","protected":false},"excerpt":{"rendered":"<p>Traditionella Darawya-s\u00f6tsaker fr\u00e5n Al-Kour, k\u00e4nda f\u00f6r sin mjuka konsistens och autentiska smak, tillagade p\u00e5 syriskt vis. Blandade med rostade jordn\u00f6tter f\u00f6r extra knaprighet och uts\u00f6kt smak serveras de som en l\u00e4tt dessert som alla \u00e4lskar.<\/p>","protected":false},"featured_media":58849,"template":"","meta":[],"product_brand":[],"product_cat":[299],"product_tag":[],"class_list":{"0":"post-58848","1":"product","2":"type-product","3":"status-publish","4":"has-post-thumbnail","6":"product_cat-299","8":"first","9":"instock","10":"taxable","11":"shipping-taxable","12":"purchasable","13":"product-type-simple"},"_links":{"self":[{"href":"https:\/\/senabel.com\/sv\/wp-json\/wp\/v2\/product\/58848","targetHints":{"allow":["GET"]}}],"collection":[{"href":"https:\/\/senabel.com\/sv\/wp-json\/wp\/v2\/product"}],"about":[{"href":"https:\/\/senabel.com\/sv\/wp-json\/wp\/v2\/types\/product"}],"version-history":[{"count":1,"href":"https:\/\/senabel.com\/sv\/wp-json\/wp\/v2\/product\/58848\/revisions"}],"predecessor-version":[{"id":58850,"href":"https:\/\/senabel.com\/sv\/wp-json\/wp\/v2\/product\/58848\/revisions\/58850"}],"wp:featuredmedia":[{"embeddable":true,"href":"https:\/\/senabel.com\/sv\/wp-json\/wp\/v2\/media\/58849"}],"wp:attachment":[{"href":"https:\/\/senabel.com\/sv\/wp-json\/wp\/v2\/media?parent=58848"}],"wp:term":[{"taxonomy":"product_brand","embeddable":true,"href":"https:\/\/senabel.com\/sv\/wp-json\/wp\/v2\/product_brand?post=58848"},{"taxonomy":"product_cat","embeddable":true,"href":"https:\/\/senabel.com\/sv\/wp-json\/wp\/v2\/product_cat?post=58848"},{"taxonomy":"product_tag","embeddable":true,"href":"https:\/\/senabel.com\/sv\/wp-json\/wp\/v2\/product_tag?post=58848"}],"curies":[{"name":"wp","href":"https:\/\/api.w.org\/{rel}","templated":true}]}}