{"id":58835,"date":"2025-12-10T16:10:48","date_gmt":"2025-12-10T16:10:48","guid":{"rendered":"https:\/\/senabel.com\/?post_type=product&#038;p=58835"},"modified":"2026-04-13T16:45:38","modified_gmt":"2026-04-13T16:45:38","slug":"min-morka-choklad-med-pistaschnotter","status":"publish","type":"product","link":"https:\/\/senabel.com\/sv\/product\/my-dark-chocolate-with-pistachio-kernels\/","title":{"rendered":"\u0634\u0648\u0643\u0648\u0644\u0627 \u0644\u064a \u062f\u0627\u0643\u0646\u0629 \u0645\u0639 \u062d\u0628\u0627\u062a \u0627\u0644\u0641\u0633\u062a\u0642 \u2013 500\u063a"},"content":{"rendered":"<p data-start=\"51\" data-end=\"309\">Lyxig m\u00f6rk choklad fr\u00e5n m\u00e4rket Lee, f\u00f6rpackad i elegant guldf\u00f6rpackning och fylld med rostade pistaschn\u00f6tter f\u00f6r en krispig konsistens och rik smak. En perfekt kombination av den starka smaken av m\u00f6rk choklad och den distinkta smaken av pistaschn\u00f6tter, vilket g\u00f6r den till ett utm\u00e4rkt val f\u00f6r g\u00e4stfrihet eller f\u00f6r \u00e4lskare av premiumchoklad.<\/p>\n<p data-start=\"311\" data-end=\"450\"><strong data-start=\"311\" data-end=\"323\">Funktioner<\/strong><br data-start=\"323\" data-end=\"326\" \/>- M\u00f6rk choklad av h\u00f6g kvalitet<br data-start=\"353\" data-end=\"356\" \/>- Inneh\u00e5ller rostade pistagen\u00f6tter<br data-start=\"383\" data-end=\"386\" \/>- Krispig konsistens och balanserad smak<br data-start=\"412\" data-end=\"415\" \/>- Elegant guldf\u00f6rpackning som passar f\u00f6r olika tillf\u00e4llen<\/p>\n<p data-start=\"452\" data-end=\"554\"><strong data-start=\"452\" data-end=\"469\">Produktinformation<\/strong><br data-start=\"469\" data-end=\"472\" \/>\u2013 \u0627\u0644\u0623\u0648\u0632\u0627\u0646 \u0627\u0644\u0645\u062a\u0648\u0641\u0631\u0629: 500\u063a<br data-start=\"504\" data-end=\"507\" \/>\u2013 Varum\u00e4rke: Lee<br data-start=\"520\" data-end=\"523\" \/>- Typ: M\u00f6rk choklad med pistage<\/p>\n<p data-start=\"556\" data-end=\"635\"><strong data-start=\"556\" data-end=\"573\">Hur man serverar<\/strong><br data-start=\"573\" data-end=\"576\" \/>\u2013 \u00d6ppnas och serveras omedelbart<br data-start=\"595\" data-end=\"598\" \/>- Serveras med kaffe eller som en gourmetf\u00f6rt\u00e4ring<\/p>\n<p data-start=\"637\" data-end=\"727\"><strong data-start=\"637\" data-end=\"648\">F\u00f6rvaring<\/strong><br data-start=\"648\" data-end=\"651\" \/>\u2013 F\u00f6rvara p\u00e5 en sval, torr plats.<br data-start=\"675\" data-end=\"678\" \/>\u2013 F\u00f6rslut f\u00f6rpackningen ordentligt efter \u00f6ppnandet f\u00f6r att bibeh\u00e5lla kvaliteten.<\/p>","protected":false},"excerpt":{"rendered":"<p>Lyxig m\u00f6rk choklad fr\u00e5n m\u00e4rket Lee, f\u00f6rpackad i elegant guldf\u00f6rpackning och fylld med rostade pistaschn\u00f6tter f\u00f6r en krispig konsistens och rik smak. En perfekt kombination av den starka smaken av m\u00f6rk choklad och den distinkta smaken av pistaschn\u00f6tter, vilket g\u00f6r den till ett utm\u00e4rkt val f\u00f6r g\u00e4stfrihet eller f\u00f6r \u00e4lskare av premiumchoklad.<\/p>","protected":false},"featured_media":58838,"template":"","meta":[],"product_brand":[],"product_cat":[297],"product_tag":[],"class_list":{"0":"post-58835","1":"product","2":"type-product","3":"status-publish","4":"has-post-thumbnail","6":"product_cat-297","8":"first","9":"instock","10":"taxable","11":"shipping-taxable","12":"purchasable","13":"product-type-simple"},"_links":{"self":[{"href":"https:\/\/senabel.com\/sv\/wp-json\/wp\/v2\/product\/58835","targetHints":{"allow":["GET"]}}],"collection":[{"href":"https:\/\/senabel.com\/sv\/wp-json\/wp\/v2\/product"}],"about":[{"href":"https:\/\/senabel.com\/sv\/wp-json\/wp\/v2\/types\/product"}],"version-history":[{"count":4,"href":"https:\/\/senabel.com\/sv\/wp-json\/wp\/v2\/product\/58835\/revisions"}],"predecessor-version":[{"id":61560,"href":"https:\/\/senabel.com\/sv\/wp-json\/wp\/v2\/product\/58835\/revisions\/61560"}],"wp:featuredmedia":[{"embeddable":true,"href":"https:\/\/senabel.com\/sv\/wp-json\/wp\/v2\/media\/58838"}],"wp:attachment":[{"href":"https:\/\/senabel.com\/sv\/wp-json\/wp\/v2\/media?parent=58835"}],"wp:term":[{"taxonomy":"product_brand","embeddable":true,"href":"https:\/\/senabel.com\/sv\/wp-json\/wp\/v2\/product_brand?post=58835"},{"taxonomy":"product_cat","embeddable":true,"href":"https:\/\/senabel.com\/sv\/wp-json\/wp\/v2\/product_cat?post=58835"},{"taxonomy":"product_tag","embeddable":true,"href":"https:\/\/senabel.com\/sv\/wp-json\/wp\/v2\/product_tag?post=58835"}],"curies":[{"name":"wp","href":"https:\/\/api.w.org\/{rel}","templated":true}]}}