{"id":58829,"date":"2025-12-10T16:09:13","date_gmt":"2025-12-10T16:09:13","guid":{"rendered":"https:\/\/senabel.com\/?post_type=product&#038;p=58829"},"modified":"2026-03-17T20:15:43","modified_gmt":"2026-03-17T20:15:43","slug":"choklad-fylld-med-gradde-3","status":"publish","type":"product","link":"https:\/\/senabel.com\/sv\/product\/chocolates-filled-with-cream\/","title":{"rendered":"\u0634\u0648\u0643\u0648\u0644\u0627 \u0644\u064a \u0645\u062d\u0634\u0648\u0629 \u0628\u0627\u0644\u0643\u0631\u064a\u0645\u0629 \u2013 500\u063a"},"content":{"rendered":"<p data-start=\"45\" data-end=\"277\">Lyxig choklad fr\u00e5n varum\u00e4rket Lee kommer f\u00f6rpackad i en elegant design som liknar en gyllene present, vilket g\u00f6r den mycket l\u00e4mplig f\u00f6r g\u00e4stfrihet och speciella tillf\u00e4llen. Varje bit inneh\u00e5ller en mjuk kr\u00e4mfyllning som ger en balanserad smak som kombinerar rik choklad med fyllningens l\u00e4tta konsistens.<\/p>\n<p data-start=\"279\" data-end=\"432\"><strong data-start=\"279\" data-end=\"291\">Funktioner<\/strong><br data-start=\"291\" data-end=\"294\" \/>- Guld presentf\u00f6rpackade fyrkantiga praliner<br data-start=\"331\" data-end=\"334\" \/>- En kr\u00e4mig fyllning som smakar gott och \u00e4r v\u00e4lbalanserad<br data-start=\"365\" data-end=\"368\" \/>\u2013 Smidig konsistens som sm\u00e4lter l\u00e4tt<br data-start=\"391\" data-end=\"394\" \/>- L\u00e4mplig f\u00f6r g\u00e4stfrihet och g\u00e5vor<\/p>\n<p data-start=\"434\" data-end=\"537\"><strong data-start=\"434\" data-end=\"451\">Produktinformation<\/strong><br data-start=\"451\" data-end=\"454\" \/>\u2013 \u0627\u0644\u0623\u0648\u0632\u0627\u0646 \u0627\u0644\u0645\u062a\u0648\u0641\u0631\u0629: 500\u063a<br data-start=\"486\" data-end=\"489\" \/>\u2013 Varum\u00e4rke: Lee<br data-start=\"502\" data-end=\"505\" \/>\u2013 Typ: Choklad fylld med gr\u00e4dde<\/p>\n<p data-start=\"539\" data-end=\"623\"><strong data-start=\"539\" data-end=\"556\">Hur man serverar<\/strong><br data-start=\"556\" data-end=\"559\" \/>\u2013 \u00d6ppnas och serveras omedelbart<br data-start=\"578\" data-end=\"581\" \/>- Perfekt till kaffet eller i presentf\u00f6rpackningar<\/p>\n<p data-start=\"625\" data-end=\"715\"><strong data-start=\"625\" data-end=\"636\">F\u00f6rvaring<\/strong><br data-start=\"636\" data-end=\"639\" \/>\u2013 F\u00f6rvara p\u00e5 en sval, torr plats.<br data-start=\"663\" data-end=\"666\" \/>\u2013 F\u00f6rslut f\u00f6rpackningen ordentligt efter \u00f6ppnandet f\u00f6r att bibeh\u00e5lla kvaliteten.<\/p>","protected":false},"excerpt":{"rendered":"<p>Lyxig choklad fr\u00e5n varum\u00e4rket Lee kommer f\u00f6rpackad i en elegant design som liknar en gyllene present, vilket g\u00f6r den mycket l\u00e4mplig f\u00f6r g\u00e4stfrihet och speciella tillf\u00e4llen. Varje bit inneh\u00e5ller en mjuk kr\u00e4mfyllning som ger en balanserad smak som kombinerar rik choklad med fyllningens l\u00e4tta konsistens.<\/p>","protected":false},"featured_media":58832,"template":"","meta":[],"product_brand":[],"product_cat":[297],"product_tag":[],"class_list":{"0":"post-58829","1":"product","2":"type-product","3":"status-publish","4":"has-post-thumbnail","6":"product_cat-297","8":"first","9":"instock","10":"taxable","11":"shipping-taxable","12":"purchasable","13":"product-type-simple"},"_links":{"self":[{"href":"https:\/\/senabel.com\/sv\/wp-json\/wp\/v2\/product\/58829","targetHints":{"allow":["GET"]}}],"collection":[{"href":"https:\/\/senabel.com\/sv\/wp-json\/wp\/v2\/product"}],"about":[{"href":"https:\/\/senabel.com\/sv\/wp-json\/wp\/v2\/types\/product"}],"version-history":[{"count":4,"href":"https:\/\/senabel.com\/sv\/wp-json\/wp\/v2\/product\/58829\/revisions"}],"predecessor-version":[{"id":61562,"href":"https:\/\/senabel.com\/sv\/wp-json\/wp\/v2\/product\/58829\/revisions\/61562"}],"wp:featuredmedia":[{"embeddable":true,"href":"https:\/\/senabel.com\/sv\/wp-json\/wp\/v2\/media\/58832"}],"wp:attachment":[{"href":"https:\/\/senabel.com\/sv\/wp-json\/wp\/v2\/media?parent=58829"}],"wp:term":[{"taxonomy":"product_brand","embeddable":true,"href":"https:\/\/senabel.com\/sv\/wp-json\/wp\/v2\/product_brand?post=58829"},{"taxonomy":"product_cat","embeddable":true,"href":"https:\/\/senabel.com\/sv\/wp-json\/wp\/v2\/product_cat?post=58829"},{"taxonomy":"product_tag","embeddable":true,"href":"https:\/\/senabel.com\/sv\/wp-json\/wp\/v2\/product_tag?post=58829"}],"curies":[{"name":"wp","href":"https:\/\/api.w.org\/{rel}","templated":true}]}}