{"id":58824,"date":"2025-12-10T16:07:27","date_gmt":"2025-12-10T16:07:27","guid":{"rendered":"https:\/\/senabel.com\/?post_type=product&#038;p=58824"},"modified":"2026-04-29T07:41:32","modified_gmt":"2026-04-29T07:41:32","slug":"choklad-med-hasselnotskram-och-hasselnotter","status":"publish","type":"product","link":"https:\/\/senabel.com\/sv\/product\/chocolate-with-hazelnut-cream-and-hazelnut-kernels\/","title":{"rendered":"\u0634\u0648\u0643\u0648\u0644\u0627 \u0644\u064a \u0628\u0643\u0631\u064a\u0645\u0629 \u0627\u0644\u0628\u0646\u062f\u0642 \u0648\u062d\u0628\u0627\u062a \u0627\u0644\u0628\u0646\u062f\u0642 \u2013 500\u063a"},"content":{"rendered":"<p data-start=\"57\" data-end=\"259\">Lyxiga chokladpraliner fr\u00e5n m\u00e4rket Lee, \u00f6verdragna med mj\u00f6lkchoklad och fyllda med kr\u00e4mig hasseln\u00f6tskr\u00e4m med hela hasseln\u00f6tter som f\u00f6rst\u00e4rker konsistensen och smaken. De \u00e4r f\u00f6rpackade i en enkel, elegant vit f\u00f6rpackning, vilket g\u00f6r dem perfekta f\u00f6r g\u00e4stfrihet och speciella tillf\u00e4llen.<\/p>\n<p data-start=\"261\" data-end=\"430\"><strong data-start=\"261\" data-end=\"273\">Funktioner<\/strong><br data-start=\"273\" data-end=\"276\" \/>- Choklad fylld med hasseln\u00f6tskr\u00e4m<br data-start=\"304\" data-end=\"307\" \/>- Inneh\u00e5ller hela hasseln\u00f6tter f\u00f6r en rikare smak<br data-start=\"345\" data-end=\"348\" \/>- En balanserad konsistens mellan mjukt och knaprigt<br data-start=\"388\" data-end=\"391\" \/>- Elegant f\u00f6rpackning som l\u00e4mpar sig f\u00f6r evenemang och g\u00e4stfrihet<\/p>\n<p data-start=\"432\" data-end=\"553\"><strong data-start=\"432\" data-end=\"449\">Produktinformation<\/strong><br data-start=\"449\" data-end=\"452\" \/>\u2013 \u0627\u0644\u0623\u0648\u0632\u0627\u0646 \u0627\u0644\u0645\u062a\u0648\u0641\u0631\u0629: 500\u063a<br data-start=\"484\" data-end=\"487\" \/>\u2013 Varum\u00e4rke: Lee<br data-start=\"500\" data-end=\"503\" \/>- Typ: Choklad fylld med hasseln\u00f6tskr\u00e4m och hasseln\u00f6tsk\u00e4rnor<\/p>\n<p data-start=\"555\" data-end=\"647\"><strong data-start=\"555\" data-end=\"572\">Hur man serverar<\/strong><br data-start=\"572\" data-end=\"575\" \/>\u2013 \u00d6ppnas och serveras omedelbart<br data-start=\"594\" data-end=\"597\" \/>- Perfekt f\u00f6r servering med kaffe eller i presentf\u00f6rpackningar<\/p>\n<p data-start=\"649\" data-end=\"729\"><strong data-start=\"649\" data-end=\"660\">F\u00f6rvaring<\/strong><br data-start=\"660\" data-end=\"663\" \/>\u2013 F\u00f6rvara p\u00e5 en sval, torr plats.<br data-start=\"687\" data-end=\"690\" \/>- F\u00f6rseglar v\u00e4l f\u00f6r att bevara kvaliteten<\/p>","protected":false},"excerpt":{"rendered":"<p>Lyxiga chokladpraliner fr\u00e5n m\u00e4rket Lee, \u00f6verdragna med mj\u00f6lkchoklad och fyllda med kr\u00e4mig hasseln\u00f6tskr\u00e4m med hela hasseln\u00f6tter som f\u00f6rst\u00e4rker konsistensen och smaken. De \u00e4r f\u00f6rpackade i en enkel, elegant vit f\u00f6rpackning, vilket g\u00f6r dem perfekta f\u00f6r g\u00e4stfrihet och speciella tillf\u00e4llen.<\/p>","protected":false},"featured_media":58827,"template":"","meta":[],"product_brand":[],"product_cat":[297],"product_tag":[],"class_list":{"0":"post-58824","1":"product","2":"type-product","3":"status-publish","4":"has-post-thumbnail","6":"product_cat-297","8":"first","9":"instock","10":"taxable","11":"shipping-taxable","12":"purchasable","13":"product-type-simple"},"_links":{"self":[{"href":"https:\/\/senabel.com\/sv\/wp-json\/wp\/v2\/product\/58824","targetHints":{"allow":["GET"]}}],"collection":[{"href":"https:\/\/senabel.com\/sv\/wp-json\/wp\/v2\/product"}],"about":[{"href":"https:\/\/senabel.com\/sv\/wp-json\/wp\/v2\/types\/product"}],"version-history":[{"count":4,"href":"https:\/\/senabel.com\/sv\/wp-json\/wp\/v2\/product\/58824\/revisions"}],"predecessor-version":[{"id":61564,"href":"https:\/\/senabel.com\/sv\/wp-json\/wp\/v2\/product\/58824\/revisions\/61564"}],"wp:featuredmedia":[{"embeddable":true,"href":"https:\/\/senabel.com\/sv\/wp-json\/wp\/v2\/media\/58827"}],"wp:attachment":[{"href":"https:\/\/senabel.com\/sv\/wp-json\/wp\/v2\/media?parent=58824"}],"wp:term":[{"taxonomy":"product_brand","embeddable":true,"href":"https:\/\/senabel.com\/sv\/wp-json\/wp\/v2\/product_brand?post=58824"},{"taxonomy":"product_cat","embeddable":true,"href":"https:\/\/senabel.com\/sv\/wp-json\/wp\/v2\/product_cat?post=58824"},{"taxonomy":"product_tag","embeddable":true,"href":"https:\/\/senabel.com\/sv\/wp-json\/wp\/v2\/product_tag?post=58824"}],"curies":[{"name":"wp","href":"https:\/\/api.w.org\/{rel}","templated":true}]}}