{"id":58817,"date":"2025-12-10T16:05:31","date_gmt":"2025-12-10T16:05:31","guid":{"rendered":"https:\/\/senabel.com\/?post_type=product&#038;p=58817"},"modified":"2026-03-18T10:30:45","modified_gmt":"2026-03-18T10:30:45","slug":"choklad-fylld-med-gradde-2","status":"publish","type":"product","link":"https:\/\/senabel.com\/sv\/product\/chocola-filled-with-cream\/","title":{"rendered":"\u0634\u0648\u0643\u0648\u0644\u0627 \u0644\u064a \u0645\u062d\u0634\u0648\u0629 \u0628\u0627\u0644\u0643\u0631\u064a\u0645\u0629 \u2013 500\u063a"},"content":{"rendered":"<p data-start=\"45\" data-end=\"280\">Lyxig choklad fr\u00e5n m\u00e4rket Lee, levereras i fyrkantiga bitar f\u00f6rpackade i elegant emballage med en guldf\u00e4rgad fj\u00e4rilsgravyr. Chokladen har en mjuk kr\u00e4mfyllning som ger en balanserad kombination av rik chokladsmak och l\u00e4tt fyllning. Passar f\u00f6r g\u00e4stfrihet eller vardagsbruk.<\/p>\n<p data-start=\"282\" data-end=\"443\"><strong data-start=\"282\" data-end=\"294\">Funktioner<\/strong><br data-start=\"294\" data-end=\"297\" \/>\u2013 Fyrkantiga chokladbitar inslagna i guldf\u00e4rgade fj\u00e4rilsm\u00f6nster<br data-start=\"335\" data-end=\"338\" \/>\u2013 Kr\u00e4mig fyllning med en rik smak<br data-start=\"371\" data-end=\"374\" \/>\u2013 Homogen konsistens och balanserad smak<br data-start=\"399\" data-end=\"402\" \/>\u2013 L\u00e4mplig att servera vid evenemang och bes\u00f6k<\/p>\n<p data-start=\"445\" data-end=\"548\"><strong data-start=\"445\" data-end=\"462\">Produktinformation<\/strong><br data-start=\"462\" data-end=\"465\" \/>\u2013 \u0627\u0644\u0623\u0648\u0632\u0627\u0646 \u0627\u0644\u0645\u062a\u0648\u0641\u0631\u0629: 500\u063a<br data-start=\"497\" data-end=\"500\" \/>\u2013 Varum\u00e4rke: Lee<br data-start=\"513\" data-end=\"516\" \/>\u2013 Typ: Choklad fylld med gr\u00e4dde<\/p>\n<p data-start=\"550\" data-end=\"638\"><strong data-start=\"550\" data-end=\"567\">Hur man serverar<\/strong><br data-start=\"567\" data-end=\"570\" \/>\u2013 \u00d6ppnas och serveras omedelbart<br data-start=\"589\" data-end=\"592\" \/>\u2013 Perfekt att servera till kaffe eller i presentf\u00f6rpackningar<\/p>\n<p data-start=\"640\" data-end=\"730\"><strong data-start=\"640\" data-end=\"651\">F\u00f6rvaring<\/strong><br data-start=\"651\" data-end=\"654\" \/>\u2013 F\u00f6rvara p\u00e5 en sval, torr plats.<br data-start=\"678\" data-end=\"681\" \/>\u2013 F\u00f6rslut f\u00f6rpackningen ordentligt efter \u00f6ppnandet f\u00f6r att bibeh\u00e5lla kvaliteten.<\/p>","protected":false},"excerpt":{"rendered":"<p>Lyxig choklad fr\u00e5n m\u00e4rket Lee, levereras i fyrkantiga bitar f\u00f6rpackade i elegant emballage med en guldf\u00e4rgad fj\u00e4rilsgravyr. Chokladen har en mjuk kr\u00e4mfyllning som ger en balanserad kombination av rik chokladsmak och l\u00e4tt fyllning. Passar f\u00f6r g\u00e4stfrihet eller vardagsbruk.<\/p>","protected":false},"featured_media":58820,"template":"","meta":[],"product_brand":[],"product_cat":[297],"product_tag":[],"class_list":{"0":"post-58817","1":"product","2":"type-product","3":"status-publish","4":"has-post-thumbnail","6":"product_cat-297","8":"first","9":"outofstock","10":"taxable","11":"shipping-taxable","12":"purchasable","13":"product-type-simple"},"_links":{"self":[{"href":"https:\/\/senabel.com\/sv\/wp-json\/wp\/v2\/product\/58817","targetHints":{"allow":["GET"]}}],"collection":[{"href":"https:\/\/senabel.com\/sv\/wp-json\/wp\/v2\/product"}],"about":[{"href":"https:\/\/senabel.com\/sv\/wp-json\/wp\/v2\/types\/product"}],"version-history":[{"count":5,"href":"https:\/\/senabel.com\/sv\/wp-json\/wp\/v2\/product\/58817\/revisions"}],"predecessor-version":[{"id":61566,"href":"https:\/\/senabel.com\/sv\/wp-json\/wp\/v2\/product\/58817\/revisions\/61566"}],"wp:featuredmedia":[{"embeddable":true,"href":"https:\/\/senabel.com\/sv\/wp-json\/wp\/v2\/media\/58820"}],"wp:attachment":[{"href":"https:\/\/senabel.com\/sv\/wp-json\/wp\/v2\/media?parent=58817"}],"wp:term":[{"taxonomy":"product_brand","embeddable":true,"href":"https:\/\/senabel.com\/sv\/wp-json\/wp\/v2\/product_brand?post=58817"},{"taxonomy":"product_cat","embeddable":true,"href":"https:\/\/senabel.com\/sv\/wp-json\/wp\/v2\/product_cat?post=58817"},{"taxonomy":"product_tag","embeddable":true,"href":"https:\/\/senabel.com\/sv\/wp-json\/wp\/v2\/product_tag?post=58817"}],"curies":[{"name":"wp","href":"https:\/\/api.w.org\/{rel}","templated":true}]}}