{"id":58794,"date":"2025-12-10T15:55:39","date_gmt":"2025-12-10T15:55:39","guid":{"rendered":"https:\/\/senabel.com\/?post_type=product&#038;p=58794"},"modified":"2026-03-09T22:26:12","modified_gmt":"2026-03-09T22:26:12","slug":"choklad-fylld-med-pistaschkram","status":"publish","type":"product","link":"https:\/\/senabel.com\/sv\/product\/chocolates-filled-with-pistachio-cream\/","title":{"rendered":"Choklad fylld med pistaschkr\u00e4m \u2013 95 g"},"content":{"rendered":"<p data-start=\"41\" data-end=\"270\">Lyxig choklad fr\u00e5n m\u00e4rket Lee, presenterad i en elegant ask med vacker design. Inneh\u00e5ller choklad fylld med rik pistagekr\u00e4m och hela pistagen\u00f6tter, vilket ger den en koncentrerad smak och mjuk konsistens. Passar som en liten present eller en lyxig godbit f\u00f6r choklad\u00e4lskare.<\/p>\n<p data-start=\"272\" data-end=\"408\"><strong data-start=\"272\" data-end=\"284\">Funktioner<\/strong><br data-start=\"284\" data-end=\"287\" \/>\u2013 Choklad fylld med pistaschkr\u00e4m<br data-start=\"315\" data-end=\"318\" \/>\u2013 Rik smak och mjuk konsistens<br data-start=\"340\" data-end=\"343\" \/>\u2013 Inneh\u00e5ller hela pistaschn\u00f6tter<br data-start=\"370\" data-end=\"373\" \/>\u2013 Vackert designad l\u00e5da som passar f\u00f6r presenter<\/p>\n<p data-start=\"410\" data-end=\"500\"><strong data-start=\"410\" data-end=\"427\">Produktinformation<\/strong><br data-start=\"427\" data-end=\"430\" \/>\u2013 Nettovikt: 95 g<br data-start=\"450\" data-end=\"453\" \/>\u2013 Varum\u00e4rke: Lee<br data-start=\"466\" data-end=\"469\" \/>\u2013 Typ: Choklad fylld med pistaschmandlar<\/p>\n<p data-start=\"502\" data-end=\"578\"><strong data-start=\"502\" data-end=\"519\">Hur man serverar<\/strong><br data-start=\"519\" data-end=\"522\" \/>\u2013 \u00d6ppna och \u00e4t omedelbart.<br data-start=\"541\" data-end=\"544\" \/>\u2013 Presenteras som en g\u00e5va eller som en del av s\u00e4rskild g\u00e4stfrihet<\/p>\n<p data-start=\"580\" data-end=\"688\"><strong data-start=\"580\" data-end=\"591\">F\u00f6rvaring<\/strong><br data-start=\"591\" data-end=\"594\" \/>\u2013 F\u00f6rvara p\u00e5 en sval, torr plats, skyddad fr\u00e5n v\u00e4rme.<br data-start=\"636\" data-end=\"639\" \/>\u2013 St\u00e4ng beh\u00e5llaren ordentligt efter \u00f6ppnandet f\u00f6r att bibeh\u00e5lla kvaliteten.<\/p>","protected":false},"excerpt":{"rendered":"<p>Lyxig choklad fr\u00e5n m\u00e4rket Lee, presenterad i en elegant ask med vacker design. Inneh\u00e5ller choklad fylld med rik pistagekr\u00e4m och hela pistagen\u00f6tter, vilket ger den en koncentrerad smak och mjuk konsistens. Passar som en liten present eller en lyxig godbit f\u00f6r choklad\u00e4lskare.<\/p>","protected":false},"featured_media":58795,"template":"","meta":[],"product_brand":[],"product_cat":[297],"product_tag":[],"class_list":{"0":"post-58794","1":"product","2":"type-product","3":"status-publish","4":"has-post-thumbnail","6":"product_cat-297","8":"first","9":"outofstock","10":"taxable","11":"shipping-taxable","12":"purchasable","13":"product-type-simple"},"_links":{"self":[{"href":"https:\/\/senabel.com\/sv\/wp-json\/wp\/v2\/product\/58794","targetHints":{"allow":["GET"]}}],"collection":[{"href":"https:\/\/senabel.com\/sv\/wp-json\/wp\/v2\/product"}],"about":[{"href":"https:\/\/senabel.com\/sv\/wp-json\/wp\/v2\/types\/product"}],"version-history":[{"count":2,"href":"https:\/\/senabel.com\/sv\/wp-json\/wp\/v2\/product\/58794\/revisions"}],"predecessor-version":[{"id":58799,"href":"https:\/\/senabel.com\/sv\/wp-json\/wp\/v2\/product\/58794\/revisions\/58799"}],"wp:featuredmedia":[{"embeddable":true,"href":"https:\/\/senabel.com\/sv\/wp-json\/wp\/v2\/media\/58795"}],"wp:attachment":[{"href":"https:\/\/senabel.com\/sv\/wp-json\/wp\/v2\/media?parent=58794"}],"wp:term":[{"taxonomy":"product_brand","embeddable":true,"href":"https:\/\/senabel.com\/sv\/wp-json\/wp\/v2\/product_brand?post=58794"},{"taxonomy":"product_cat","embeddable":true,"href":"https:\/\/senabel.com\/sv\/wp-json\/wp\/v2\/product_cat?post=58794"},{"taxonomy":"product_tag","embeddable":true,"href":"https:\/\/senabel.com\/sv\/wp-json\/wp\/v2\/product_tag?post=58794"}],"curies":[{"name":"wp","href":"https:\/\/api.w.org\/{rel}","templated":true}]}}