{"id":58785,"date":"2025-12-11T13:55:57","date_gmt":"2025-12-11T13:55:57","guid":{"rendered":"https:\/\/senabel.com\/?post_type=product&#038;p=58785"},"modified":"2026-04-06T01:09:16","modified_gmt":"2026-04-06T01:09:16","slug":"tall","status":"publish","type":"product","link":"https:\/\/senabel.com\/sv\/product\/pine\/","title":{"rendered":"Premium pinjen\u00f6tter \u2013 250 g \/ 500 g"},"content":{"rendered":"<p data-start=\"30\" data-end=\"266\">H\u00f6gkvalitativa, f\u00f6rstklassiga pinjen\u00f6tter som k\u00e4nnetecknas av sin enhetliga storlek, ljusgula f\u00e4rg och rika naturliga smak. De passar b\u00e5de i \u00f6stlig och v\u00e4stlig matlagning och \u00e4r en av de viktigaste ingredienserna som ger en distinkt smak till fyllda gr\u00f6nsaker, manasaf, s\u00e5ser och bakverk.<\/p>\n<p data-start=\"268\" data-end=\"420\"><strong data-start=\"268\" data-end=\"280\">Funktioner<\/strong><br data-start=\"280\" data-end=\"283\" \/>- Noggrant utvalda f\u00e4rska pinjen\u00f6tter<br data-start=\"308\" data-end=\"311\" \/>- Utm\u00e4rkt naturlig smak och krispig konsistens<br data-start=\"343\" data-end=\"346\" \/>- Perfekt f\u00f6r b\u00e5de \u00f6sterl\u00e4ndska och v\u00e4sterl\u00e4ndska r\u00e4tter<br data-start=\"378\" data-end=\"381\" \/>- L\u00e4mplig f\u00f6r vardagsbruk eller olika tillf\u00e4llen<\/p>\n<p data-start=\"422\" data-end=\"497\"><strong data-start=\"422\" data-end=\"439\">Produktinformation<\/strong><br data-start=\"439\" data-end=\"442\" \/>- Tillg\u00e4ngliga vikter: 250g - 500g<br data-start=\"473\" data-end=\"476\" \/>- Typ: Lyxig furu<\/p>\n<p data-start=\"499\" data-end=\"616\"><strong data-start=\"499\" data-end=\"518\">S\u00e5 h\u00e4r anv\u00e4nder du den<\/strong><br data-start=\"518\" data-end=\"521\" \/>- Anv\u00e4nds f\u00f6r matlagning, dekorering och tillagning av olika r\u00e4tter<br data-start=\"574\" data-end=\"577\" \/>- Kan \u00e4tas direkt som en typ av n\u00f6t<\/p>\n<p data-start=\"618\" data-end=\"717\"><strong data-start=\"618\" data-end=\"629\">F\u00f6rvaring<\/strong><br data-start=\"629\" data-end=\"632\" \/>\u2013 F\u00f6rvara p\u00e5 en sval, torr plats.<br data-start=\"656\" data-end=\"659\" \/>- F\u00f6rslut f\u00f6rpackningen v\u00e4l f\u00f6r att bevara smaken och f\u00f6rhindra fukt<\/p>","protected":false},"excerpt":{"rendered":"<p>H\u00f6gkvalitativa, f\u00f6rstklassiga pinjen\u00f6tter som k\u00e4nnetecknas av sin enhetliga storlek, ljusgula f\u00e4rg och rika naturliga smak. De passar b\u00e5de i \u00f6stlig och v\u00e4stlig matlagning och \u00e4r en av de viktigaste ingredienserna som ger en distinkt smak till fyllda gr\u00f6nsaker, manasaf, s\u00e5ser och bakverk.<\/p>","protected":false},"featured_media":58786,"template":"","meta":[],"product_brand":[],"product_cat":[327,423],"product_tag":[],"class_list":{"0":"post-58785","1":"product","2":"type-product","3":"status-publish","4":"has-post-thumbnail","6":"product_cat-327","7":"product_cat-423","9":"first","10":"instock","11":"taxable","12":"shipping-taxable","13":"purchasable","14":"product-type-variable"},"_links":{"self":[{"href":"https:\/\/senabel.com\/sv\/wp-json\/wp\/v2\/product\/58785","targetHints":{"allow":["GET"]}}],"collection":[{"href":"https:\/\/senabel.com\/sv\/wp-json\/wp\/v2\/product"}],"about":[{"href":"https:\/\/senabel.com\/sv\/wp-json\/wp\/v2\/types\/product"}],"version-history":[{"count":1,"href":"https:\/\/senabel.com\/sv\/wp-json\/wp\/v2\/product\/58785\/revisions"}],"predecessor-version":[{"id":58789,"href":"https:\/\/senabel.com\/sv\/wp-json\/wp\/v2\/product\/58785\/revisions\/58789"}],"wp:featuredmedia":[{"embeddable":true,"href":"https:\/\/senabel.com\/sv\/wp-json\/wp\/v2\/media\/58786"}],"wp:attachment":[{"href":"https:\/\/senabel.com\/sv\/wp-json\/wp\/v2\/media?parent=58785"}],"wp:term":[{"taxonomy":"product_brand","embeddable":true,"href":"https:\/\/senabel.com\/sv\/wp-json\/wp\/v2\/product_brand?post=58785"},{"taxonomy":"product_cat","embeddable":true,"href":"https:\/\/senabel.com\/sv\/wp-json\/wp\/v2\/product_cat?post=58785"},{"taxonomy":"product_tag","embeddable":true,"href":"https:\/\/senabel.com\/sv\/wp-json\/wp\/v2\/product_tag?post=58785"}],"curies":[{"name":"wp","href":"https:\/\/api.w.org\/{rel}","templated":true}]}}