{"id":58740,"date":"2025-12-09T11:48:52","date_gmt":"2025-12-09T11:48:52","guid":{"rendered":"https:\/\/senabel.com\/?post_type=product&#038;p=58740"},"modified":"2026-04-01T13:42:55","modified_gmt":"2026-04-01T13:42:55","slug":"lyxig-serveringsbricka","status":"publish","type":"product","link":"https:\/\/senabel.com\/sv\/product\/luxury-serving-tray-box\/","title":{"rendered":"Lyxig kinesisk g\u00e4stbox \u2013 choklad, vila och kl\u00e4der 2,4 kg"},"content":{"rendered":"<p data-start=\"52\" data-end=\"298\">En lyxig serveringsbricka med en variation av choklad, kex och godis, elegant arrangerade p\u00e5 en stor bricka dekorerad med ett lyxigt tygband. Den \u00e4r ett perfekt val f\u00f6r servering vid evenemang och familjebes\u00f6k, och passar \u00e4ven som en sofistikerad present som g\u00f6r ett vackert intryck.<\/p>\n<p data-start=\"300\" data-end=\"464\"><strong data-start=\"300\" data-end=\"312\">Funktioner<\/strong><br data-start=\"312\" data-end=\"315\" \/>\u2013 Stor v\u00e4lkomstbricka med olika saker<br data-start=\"349\" data-end=\"352\" \/>\u2013 Lyxig f\u00f6rpackning som passar f\u00f6r festliga tillf\u00e4llen och bes\u00f6k<br data-start=\"390\" data-end=\"393\" \/>\u2013 Inneh\u00e5ller choklad, vila och noggrant utvalda kl\u00e4der<br data-start=\"437\" data-end=\"440\" \/>\u2013 Klar att serveras omedelbart<\/p>\n<p data-start=\"466\" data-end=\"574\"><strong data-start=\"466\" data-end=\"483\">Produktinformation<\/strong><br data-start=\"483\" data-end=\"486\" \/>\u2013 Nettovikt: 2,4 kg<br data-start=\"508\" data-end=\"511\" \/>\u2013 Inneh\u00e5ll: Choklad \u2013 Vila \u2013 Kl\u00e4der<br data-start=\"543\" data-end=\"546\" \/>\u2013 Typ: Lyxig serveringsbricka<\/p>\n<p data-start=\"576\" data-end=\"664\"><strong data-start=\"576\" data-end=\"593\">Hur man serverar<\/strong><br data-start=\"593\" data-end=\"596\" \/>\u2013 \u00d6ppnar och betj\u00e4nar g\u00e4sterna direkt<br data-start=\"623\" data-end=\"626\" \/>\u2013 L\u00e4mplig f\u00f6r tillf\u00e4llen, firanden och banketter<\/p>\n<p data-start=\"666\" data-end=\"765\"><strong data-start=\"666\" data-end=\"677\">F\u00f6rvaring<\/strong><br data-start=\"677\" data-end=\"680\" \/>\u2013 F\u00f6rvara p\u00e5 en sval, torr plats.<br data-start=\"704\" data-end=\"707\" \/>\u2013 F\u00f6rvara f\u00f6rsluten tills den ska anv\u00e4ndas f\u00f6r att bevara smak och kvalitet.<\/p>","protected":false},"excerpt":{"rendered":"<p>En lyxig serveringsbricka med en variation av choklad, kex och godis, elegant arrangerade p\u00e5 en stor bricka dekorerad med ett lyxigt tygband. Den \u00e4r ett perfekt val f\u00f6r servering vid evenemang och familjebes\u00f6k, och passar \u00e4ven som en sofistikerad present som g\u00f6r ett vackert intryck.<\/p>","protected":false},"featured_media":58741,"template":"","meta":[],"product_brand":[],"product_cat":[456,299,297,347],"product_tag":[],"class_list":{"0":"post-58740","1":"product","2":"type-product","3":"status-publish","4":"has-post-thumbnail","6":"product_cat-456","7":"product_cat-299","8":"product_cat-297","9":"product_cat-347","11":"first","12":"instock","13":"taxable","14":"shipping-taxable","15":"purchasable","16":"product-type-simple"},"_links":{"self":[{"href":"https:\/\/senabel.com\/sv\/wp-json\/wp\/v2\/product\/58740","targetHints":{"allow":["GET"]}}],"collection":[{"href":"https:\/\/senabel.com\/sv\/wp-json\/wp\/v2\/product"}],"about":[{"href":"https:\/\/senabel.com\/sv\/wp-json\/wp\/v2\/types\/product"}],"version-history":[{"count":1,"href":"https:\/\/senabel.com\/sv\/wp-json\/wp\/v2\/product\/58740\/revisions"}],"predecessor-version":[{"id":58745,"href":"https:\/\/senabel.com\/sv\/wp-json\/wp\/v2\/product\/58740\/revisions\/58745"}],"wp:featuredmedia":[{"embeddable":true,"href":"https:\/\/senabel.com\/sv\/wp-json\/wp\/v2\/media\/58741"}],"wp:attachment":[{"href":"https:\/\/senabel.com\/sv\/wp-json\/wp\/v2\/media?parent=58740"}],"wp:term":[{"taxonomy":"product_brand","embeddable":true,"href":"https:\/\/senabel.com\/sv\/wp-json\/wp\/v2\/product_brand?post=58740"},{"taxonomy":"product_cat","embeddable":true,"href":"https:\/\/senabel.com\/sv\/wp-json\/wp\/v2\/product_cat?post=58740"},{"taxonomy":"product_tag","embeddable":true,"href":"https:\/\/senabel.com\/sv\/wp-json\/wp\/v2\/product_tag?post=58740"}],"curies":[{"name":"wp","href":"https:\/\/api.w.org\/{rel}","templated":true}]}}