{"id":58615,"date":"2025-12-05T11:29:30","date_gmt":"2025-12-05T11:29:30","guid":{"rendered":"https:\/\/senabel.com\/?post_type=product&#038;p=58615"},"modified":"2026-03-23T21:59:31","modified_gmt":"2026-03-23T21:59:31","slug":"ratt-kakaopulver-300-g","status":"publish","type":"product","link":"https:\/\/senabel.com\/sv\/product\/raw-cocoa-powder-300g\/","title":{"rendered":"R\u00e5tt kakaopulver 300 g \u2013 utm\u00e4rkt kvalitet"},"content":{"rendered":"<p data-start=\"40\" data-end=\"231\">Fint r\u00e5tt kakaopulver med en mjuk konsistens och djup chokladsmak, l\u00e4mpligt f\u00f6r anv\u00e4ndning i olika dessert- och dryckesrecept. Det k\u00e4nnetecknas av sin rika f\u00e4rg och koncentrerade smak, vilket ger dina recept h\u00f6gre kvalitet och en distinkt smak.<\/p>\n<p data-start=\"233\" data-end=\"404\"><strong data-start=\"233\" data-end=\"245\">Funktioner<\/strong><br data-start=\"245\" data-end=\"248\" \/>\u2013 Fin, h\u00f6gkvalitativ r\u00e5 kakao<br data-start=\"277\" data-end=\"280\" \/>\u2013 Stark chokladsmak som passar till bakverk och drycker<br data-start=\"328\" data-end=\"331\" \/>\u2013 Sm\u00e4lter l\u00e4tt och ger en j\u00e4mn konsistens<br data-start=\"366\" data-end=\"369\" \/>\u2013 L\u00e4mplig f\u00f6r privat och professionellt bruk<\/p>\n<p data-start=\"406\" data-end=\"476\"><strong data-start=\"406\" data-end=\"423\">Produktinformation<\/strong><br data-start=\"423\" data-end=\"426\" \/>\u2013 Nettovikt: 300 g<br data-start=\"447\" data-end=\"450\" \/>\u2013 Typ: R\u00e5tt kakaopulver<\/p>\n<p data-start=\"478\" data-end=\"612\"><strong data-start=\"478\" data-end=\"497\">S\u00e5 h\u00e4r anv\u00e4nder du den<\/strong><br data-start=\"497\" data-end=\"500\" \/>\u2013 Anv\u00e4nds vid tillagning av kakor, kex, varm choklad, toppings etc.<br data-start=\"570\" data-end=\"573\" \/>\u2013 Kan tills\u00e4ttas i drycker f\u00f6r att f\u00f6rst\u00e4rka smaken<\/p>\n<p data-start=\"614\" data-end=\"701\"><strong data-start=\"614\" data-end=\"625\">F\u00f6rvaring<\/strong><br data-start=\"625\" data-end=\"628\" \/>\u2013 F\u00f6rvara p\u00e5 en sval, torr plats.<br data-start=\"652\" data-end=\"655\" \/>\u2013 St\u00e4ng ordentligt efter anv\u00e4ndning f\u00f6r att bevara smaken.<\/p>","protected":false},"excerpt":{"rendered":"<p>Fint r\u00e5tt kakaopulver med en mjuk konsistens och djup chokladsmak, l\u00e4mpligt f\u00f6r anv\u00e4ndning i olika dessert- och dryckesrecept. Det k\u00e4nnetecknas av sin rika f\u00e4rg och koncentrerade smak, vilket ger dina recept h\u00f6gre kvalitet och en distinkt smak.<\/p>","protected":false},"featured_media":58616,"template":"","meta":[],"product_brand":[],"product_cat":[327,297,349],"product_tag":[],"class_list":{"0":"post-58615","1":"product","2":"type-product","3":"status-publish","4":"has-post-thumbnail","6":"product_cat-327","7":"product_cat-297","8":"product_cat-349","10":"first","11":"instock","12":"taxable","13":"shipping-taxable","14":"purchasable","15":"product-type-simple"},"_links":{"self":[{"href":"https:\/\/senabel.com\/sv\/wp-json\/wp\/v2\/product\/58615","targetHints":{"allow":["GET"]}}],"collection":[{"href":"https:\/\/senabel.com\/sv\/wp-json\/wp\/v2\/product"}],"about":[{"href":"https:\/\/senabel.com\/sv\/wp-json\/wp\/v2\/types\/product"}],"version-history":[{"count":2,"href":"https:\/\/senabel.com\/sv\/wp-json\/wp\/v2\/product\/58615\/revisions"}],"predecessor-version":[{"id":58618,"href":"https:\/\/senabel.com\/sv\/wp-json\/wp\/v2\/product\/58615\/revisions\/58618"}],"wp:featuredmedia":[{"embeddable":true,"href":"https:\/\/senabel.com\/sv\/wp-json\/wp\/v2\/media\/58616"}],"wp:attachment":[{"href":"https:\/\/senabel.com\/sv\/wp-json\/wp\/v2\/media?parent=58615"}],"wp:term":[{"taxonomy":"product_brand","embeddable":true,"href":"https:\/\/senabel.com\/sv\/wp-json\/wp\/v2\/product_brand?post=58615"},{"taxonomy":"product_cat","embeddable":true,"href":"https:\/\/senabel.com\/sv\/wp-json\/wp\/v2\/product_cat?post=58615"},{"taxonomy":"product_tag","embeddable":true,"href":"https:\/\/senabel.com\/sv\/wp-json\/wp\/v2\/product_tag?post=58615"}],"curies":[{"name":"wp","href":"https:\/\/api.w.org\/{rel}","templated":true}]}}