{"id":58578,"date":"2025-12-04T13:01:26","date_gmt":"2025-12-04T13:01:26","guid":{"rendered":"https:\/\/senabel.com\/?post_type=product&#038;p=58578"},"modified":"2026-02-05T17:48:50","modified_gmt":"2026-02-05T17:48:50","slug":"eid-presentforpackning-med-blandade-sotsaker","status":"publish","type":"product","link":"https:\/\/senabel.com\/sv\/product\/eid-gift-box-assorted-sweets-collection\/","title":{"rendered":"Eid-presentf\u00f6rpackning \u2013 Samling av olika s\u00f6tsaker"},"content":{"rendered":"<p data-start=\"45\" data-end=\"298\">En distinkt Eid-presentask med elegant festlig design, inneh\u00e5llande en m\u00e4ngd individuellt f\u00f6rpackade s\u00f6tsaker som ger en h\u00e4rlig upplevelse som passar den festliga st\u00e4mningen. Asken har en attraktiv yttre dekoration och ett tygband som ger en elegant touch, vilket g\u00f6r den till ett passande val f\u00f6r presenter.<\/p>\n<p data-start=\"300\" data-end=\"466\"><strong data-start=\"300\" data-end=\"312\">Funktioner<\/strong><br data-start=\"312\" data-end=\"315\" \/>\u2013 Elegant festlig design som passar f\u00f6r presenter<br data-start=\"348\" data-end=\"351\" \/>\u2013 Inneh\u00e5ller en m\u00e4ngd olika inslagna s\u00f6tsaker<br data-start=\"396\" data-end=\"399\" \/>\u2013 Attraktiv f\u00f6rpackning som bevarar smak och hygien<br data-start=\"437\" data-end=\"440\" \/>\u2013 L\u00e4mplig f\u00f6r barn och vuxna<\/p>\n<p data-start=\"468\" data-end=\"623\"><strong data-start=\"468\" data-end=\"485\">Produktinformation<\/strong><br data-start=\"485\" data-end=\"488\" \/>\u2013 Inneh\u00e5ll: Blandade godisar i individuella f\u00f6rpackningar<br data-start=\"544\" data-end=\"547\" \/>\u2013 Typ: Eid-presentf\u00f6rpackning<br data-start=\"570\" data-end=\"573\" \/>\u2013 F\u00f6rpackning: Dekorativ kartong med elegant tygband<\/p>\n<p data-start=\"625\" data-end=\"735\"><strong data-start=\"625\" data-end=\"642\">Hur man serverar<\/strong><br data-start=\"642\" data-end=\"645\" \/>\u2013 \u00d6ppna l\u00e5dan och servera godiset omedelbart.<br data-start=\"680\" data-end=\"683\" \/>\u2013 Passar att servera vid bes\u00f6k och festliga tillf\u00e4llen<\/p>\n<p data-start=\"737\" data-end=\"826\"><strong data-start=\"737\" data-end=\"748\">F\u00f6rvaring<\/strong><br data-start=\"748\" data-end=\"751\" \/>\u2013 F\u00f6rvara p\u00e5 en sval, torr plats.<br data-start=\"775\" data-end=\"778\" \/>\u2013 F\u00f6rvara godis i sin f\u00f6rpackning f\u00f6r att bevara kvaliteten.<\/p>","protected":false},"excerpt":{"rendered":"<p>En distinkt Eid-presentask med elegant festlig design, inneh\u00e5llande en m\u00e4ngd individuellt f\u00f6rpackade s\u00f6tsaker som ger en h\u00e4rlig upplevelse som passar den festliga st\u00e4mningen. Asken har en attraktiv yttre dekoration och ett tygband som ger en elegant touch, vilket g\u00f6r den till ett passande val f\u00f6r presenter.<\/p>","protected":false},"featured_media":58579,"template":"","meta":[],"product_brand":[],"product_cat":[220,297],"product_tag":[],"class_list":{"0":"post-58578","1":"product","2":"type-product","3":"status-publish","4":"has-post-thumbnail","6":"product_cat-220","7":"product_cat-297","9":"first","10":"outofstock","11":"taxable","12":"shipping-taxable","13":"purchasable","14":"product-type-simple"},"_links":{"self":[{"href":"https:\/\/senabel.com\/sv\/wp-json\/wp\/v2\/product\/58578","targetHints":{"allow":["GET"]}}],"collection":[{"href":"https:\/\/senabel.com\/sv\/wp-json\/wp\/v2\/product"}],"about":[{"href":"https:\/\/senabel.com\/sv\/wp-json\/wp\/v2\/types\/product"}],"version-history":[{"count":1,"href":"https:\/\/senabel.com\/sv\/wp-json\/wp\/v2\/product\/58578\/revisions"}],"predecessor-version":[{"id":58581,"href":"https:\/\/senabel.com\/sv\/wp-json\/wp\/v2\/product\/58578\/revisions\/58581"}],"wp:featuredmedia":[{"embeddable":true,"href":"https:\/\/senabel.com\/sv\/wp-json\/wp\/v2\/media\/58579"}],"wp:attachment":[{"href":"https:\/\/senabel.com\/sv\/wp-json\/wp\/v2\/media?parent=58578"}],"wp:term":[{"taxonomy":"product_brand","embeddable":true,"href":"https:\/\/senabel.com\/sv\/wp-json\/wp\/v2\/product_brand?post=58578"},{"taxonomy":"product_cat","embeddable":true,"href":"https:\/\/senabel.com\/sv\/wp-json\/wp\/v2\/product_cat?post=58578"},{"taxonomy":"product_tag","embeddable":true,"href":"https:\/\/senabel.com\/sv\/wp-json\/wp\/v2\/product_tag?post=58578"}],"curies":[{"name":"wp","href":"https:\/\/api.w.org\/{rel}","templated":true}]}}