{"id":58515,"date":"2025-12-03T11:14:29","date_gmt":"2025-12-03T11:14:29","guid":{"rendered":"https:\/\/senabel.com\/?post_type=product&#038;p=58515"},"modified":"2026-04-25T17:48:01","modified_gmt":"2026-04-25T17:48:01","slug":"premium-tahini-halva-400-g","status":"publish","type":"product","link":"https:\/\/senabel.com\/sv\/product\/premium-tahini-halva-400g\/","title":{"rendered":"Premium Plain Tahini Halva 400 g \u2013 Varum\u00e4rke Redur"},"content":{"rendered":"<p data-start=\"43\" data-end=\"246\">L\u00e4ckra premiumtahini fr\u00e5n Redur, tillverkad av den finaste tahini f\u00f6r att ge dig en mjuk konsistens och autentisk smak rik p\u00e5 sesam. Passar f\u00f6r daglig anv\u00e4ndning och \u00e4r ett perfekt val till frukost eller som en l\u00e4tt dessert.<\/p>\n<p data-start=\"248\" data-end=\"394\"><strong data-start=\"248\" data-end=\"260\">Funktioner<\/strong><br data-start=\"260\" data-end=\"263\" \/>\u2013 H\u00f6gkvalitativ tahinihalva fr\u00e5n Redur<br data-start=\"299\" data-end=\"302\" \/>\u2013 J\u00e4mn konsistens och rik smak<br data-start=\"324\" data-end=\"327\" \/>\u2013 L\u00e4mplig f\u00f6r vuxna och barn<br data-start=\"350\" data-end=\"353\" \/>\u2013 Tillverkad i Turkiet med noggrant utvalda ingredienser<\/p>\n<p data-start=\"396\" data-end=\"487\"><strong data-start=\"396\" data-end=\"413\">Produktinformation<\/strong><br data-start=\"413\" data-end=\"416\" \/>\u2013 Nettovikt: 400 g<br data-start=\"437\" data-end=\"440\" \/>\u2013 Varum\u00e4rke: Redur<br data-start=\"456\" data-end=\"459\" \/>\u2013 Typ: Vanlig tahinihalva<\/p>\n<p data-start=\"489\" data-end=\"578\"><strong data-start=\"489\" data-end=\"506\">Hur man serverar<\/strong><br data-start=\"506\" data-end=\"509\" \/>\u2013 Konsumeras direkt<br data-start=\"524\" data-end=\"527\" \/>\u2013 Kan serveras med br\u00f6d eller n\u00f6tter, efter \u00f6nskem\u00e5l.<\/p>\n<p data-start=\"580\" data-end=\"672\"><strong data-start=\"580\" data-end=\"591\">F\u00f6rvaring<\/strong><br data-start=\"591\" data-end=\"594\" \/>\u2013 F\u00f6rvara p\u00e5 en sval, torr plats.<br data-start=\"618\" data-end=\"621\" \/>\u2013 F\u00f6rslut ordentligt efter \u00f6ppning f\u00f6r att bevara smak och konsistens.<\/p>","protected":false},"excerpt":{"rendered":"<p>L\u00e4ckra premiumtahini fr\u00e5n Redur, tillverkad av den finaste tahini f\u00f6r att ge dig en mjuk konsistens och autentisk smak rik p\u00e5 sesam. Passar f\u00f6r daglig anv\u00e4ndning och \u00e4r ett perfekt val till frukost eller som en l\u00e4tt dessert.<\/p>","protected":false},"featured_media":58521,"template":"","meta":[],"product_brand":[],"product_cat":[372],"product_tag":[],"class_list":{"0":"post-58515","1":"product","2":"type-product","3":"status-publish","4":"has-post-thumbnail","6":"product_cat-372","8":"first","9":"instock","10":"taxable","11":"shipping-taxable","12":"purchasable","13":"product-type-simple"},"_links":{"self":[{"href":"https:\/\/senabel.com\/sv\/wp-json\/wp\/v2\/product\/58515","targetHints":{"allow":["GET"]}}],"collection":[{"href":"https:\/\/senabel.com\/sv\/wp-json\/wp\/v2\/product"}],"about":[{"href":"https:\/\/senabel.com\/sv\/wp-json\/wp\/v2\/types\/product"}],"version-history":[{"count":2,"href":"https:\/\/senabel.com\/sv\/wp-json\/wp\/v2\/product\/58515\/revisions"}],"predecessor-version":[{"id":58540,"href":"https:\/\/senabel.com\/sv\/wp-json\/wp\/v2\/product\/58515\/revisions\/58540"}],"wp:featuredmedia":[{"embeddable":true,"href":"https:\/\/senabel.com\/sv\/wp-json\/wp\/v2\/media\/58521"}],"wp:attachment":[{"href":"https:\/\/senabel.com\/sv\/wp-json\/wp\/v2\/media?parent=58515"}],"wp:term":[{"taxonomy":"product_brand","embeddable":true,"href":"https:\/\/senabel.com\/sv\/wp-json\/wp\/v2\/product_brand?post=58515"},{"taxonomy":"product_cat","embeddable":true,"href":"https:\/\/senabel.com\/sv\/wp-json\/wp\/v2\/product_cat?post=58515"},{"taxonomy":"product_tag","embeddable":true,"href":"https:\/\/senabel.com\/sv\/wp-json\/wp\/v2\/product_tag?post=58515"}],"curies":[{"name":"wp","href":"https:\/\/api.w.org\/{rel}","templated":true}]}}