{"id":58510,"date":"2025-12-03T11:01:55","date_gmt":"2025-12-03T11:01:55","guid":{"rendered":"https:\/\/senabel.com\/?post_type=product&#038;p=58510"},"modified":"2026-04-09T17:47:57","modified_gmt":"2026-04-09T17:47:57","slug":"hasselnotscappuccino","status":"publish","type":"product","link":"https:\/\/senabel.com\/sv\/product\/hazelnut-cappuccino\/","title":{"rendered":"Hasseln\u00f6tscappuccino 18 g \u2013 m\u00e4rket Al-Alabi"},"content":{"rendered":"<p data-start=\"47\" data-end=\"234\">Al-Albi-m\u00e4rkets hasseln\u00f6tscappuccino-blandning, med en mjuk och balanserad smak som kombinerar cappuccino-kaffe med den lyxiga aromen av hasseln\u00f6tter. L\u00e4mplig f\u00f6r att tillaga en snabb dryck som ger dig en varm smak och en njutbar upplevelse n\u00e4r som helst.<\/p>\n<p data-start=\"236\" data-end=\"381\"><strong data-start=\"236\" data-end=\"248\">Funktioner<\/strong><br data-start=\"248\" data-end=\"251\" \/>\u2013 Hasseln\u00f6tscappuccino f\u00e4rdig fr\u00e5n Olabi<br data-start=\"283\" data-end=\"286\" \/>\u2013 L\u00e4tt skum och harmonisk smak<br data-start=\"310\" data-end=\"313\" \/>\u2013 L\u00f6ses l\u00e4tt upp i vatten eller varm mj\u00f6lk<br data-start=\"352\" data-end=\"355\" \/>\u2013 Distin och tilltalande hasseln\u00f6tssmak<\/p>\n<p data-start=\"383\" data-end=\"491\"><strong data-start=\"383\" data-end=\"400\">Produktinformation<\/strong><br data-start=\"400\" data-end=\"403\" \/>\u2013 Nettovikt: 18 g<br data-start=\"423\" data-end=\"426\" \/>\u2013 Varum\u00e4rke: Olabi \u2013 Al-Olabi<br data-start=\"451\" data-end=\"454\" \/>\u2013 Typ: Instantcappuccino med hasseln\u00f6tssmak<\/p>\n<p data-start=\"493\" data-end=\"606\"><strong data-start=\"493\" data-end=\"510\">Hur man f\u00f6rbereder sig<\/strong><br data-start=\"510\" data-end=\"513\" \/>\u2013 T\u00f6m inneh\u00e5llet i en kopp.<br data-start=\"532\" data-end=\"535\" \/>\u2013 Tills\u00e4tt 150\u2013200 ml varmt vatten eller mj\u00f6lk.<br data-start=\"578\" data-end=\"581\" \/>\u2013 R\u00f6r om ordentligt tills det blir j\u00e4mnt.<\/p>\n<p data-start=\"608\" data-end=\"666\"><strong data-start=\"608\" data-end=\"619\">F\u00f6rvaring<\/strong><br data-start=\"619\" data-end=\"622\" \/>\u2013 F\u00f6rvara p\u00e5 en sval, torr plats, skyddad fr\u00e5n fukt.<\/p>","protected":false},"excerpt":{"rendered":"<p>Al-Albi-m\u00e4rkets hasseln\u00f6tscappuccino-blandning, med en mjuk och balanserad smak som kombinerar cappuccino-kaffe med den lyxiga aromen av hasseln\u00f6tter. L\u00e4mplig f\u00f6r att tillaga en snabb dryck som ger dig en varm smak och en njutbar upplevelse n\u00e4r som helst.<\/p>","protected":false},"featured_media":58511,"template":"","meta":[],"product_brand":[],"product_cat":[349,282],"product_tag":[],"class_list":{"0":"post-58510","1":"product","2":"type-product","3":"status-publish","4":"has-post-thumbnail","6":"product_cat-349","7":"product_cat-282","9":"first","10":"instock","11":"taxable","12":"shipping-taxable","13":"purchasable","14":"product-type-simple"},"_links":{"self":[{"href":"https:\/\/senabel.com\/sv\/wp-json\/wp\/v2\/product\/58510","targetHints":{"allow":["GET"]}}],"collection":[{"href":"https:\/\/senabel.com\/sv\/wp-json\/wp\/v2\/product"}],"about":[{"href":"https:\/\/senabel.com\/sv\/wp-json\/wp\/v2\/types\/product"}],"version-history":[{"count":2,"href":"https:\/\/senabel.com\/sv\/wp-json\/wp\/v2\/product\/58510\/revisions"}],"predecessor-version":[{"id":58514,"href":"https:\/\/senabel.com\/sv\/wp-json\/wp\/v2\/product\/58510\/revisions\/58514"}],"wp:featuredmedia":[{"embeddable":true,"href":"https:\/\/senabel.com\/sv\/wp-json\/wp\/v2\/media\/58511"}],"wp:attachment":[{"href":"https:\/\/senabel.com\/sv\/wp-json\/wp\/v2\/media?parent=58510"}],"wp:term":[{"taxonomy":"product_brand","embeddable":true,"href":"https:\/\/senabel.com\/sv\/wp-json\/wp\/v2\/product_brand?post=58510"},{"taxonomy":"product_cat","embeddable":true,"href":"https:\/\/senabel.com\/sv\/wp-json\/wp\/v2\/product_cat?post=58510"},{"taxonomy":"product_tag","embeddable":true,"href":"https:\/\/senabel.com\/sv\/wp-json\/wp\/v2\/product_tag?post=58510"}],"curies":[{"name":"wp","href":"https:\/\/api.w.org\/{rel}","templated":true}]}}