{"id":58506,"date":"2025-12-03T10:50:55","date_gmt":"2025-12-03T10:50:55","guid":{"rendered":"https:\/\/senabel.com\/?post_type=product&#038;p=58506"},"modified":"2026-04-17T16:58:13","modified_gmt":"2026-04-17T16:58:13","slug":"varm-choklad","status":"publish","type":"product","link":"https:\/\/senabel.com\/sv\/product\/hot-chocolate\/","title":{"rendered":"Varm choklad 18 g \u2013 m\u00e4rket Olabi"},"content":{"rendered":"<p data-start=\"43\" data-end=\"201\">Lyxig varm choklad i p\u00e5se fr\u00e5n <em data-start=\"86\" data-end=\"100\">Varum\u00e4rket Al-Albi<\/em>Med en fyllig, kr\u00e4mig konsistens och intensiv chokladsmak. Perfekt f\u00f6r att snabbt tillaga en varm dryck med en uts\u00f6kt smak och balanserad arom.<\/p>\n<p data-start=\"203\" data-end=\"217\"><strong data-start=\"203\" data-end=\"215\">Funktioner<\/strong><\/p>\n<ul data-start=\"218\" data-end=\"342\">\n<li data-start=\"218\" data-end=\"251\">\n<p data-start=\"220\" data-end=\"251\">Varm choklad klar fr\u00e5n <em data-start=\"242\" data-end=\"249\">Olabi<\/em><\/p>\n<\/li>\n<li data-start=\"252\" data-end=\"274\">\n<p data-start=\"254\" data-end=\"274\">Smidig konsistens och rik smak<\/p>\n<\/li>\n<li data-start=\"275\" data-end=\"316\">\n<p data-start=\"277\" data-end=\"316\">L\u00f6ses l\u00e4tt upp i mj\u00f6lk eller varmt vatten<\/p>\n<\/li>\n<li data-start=\"317\" data-end=\"342\">\n<p data-start=\"319\" data-end=\"342\">L\u00e4mplig f\u00f6r vuxna och barn<\/p>\n<\/li>\n<\/ul>\n<p data-start=\"344\" data-end=\"363\"><strong data-start=\"344\" data-end=\"361\">Produktinformation<\/strong><\/p>\n<ul data-start=\"364\" data-end=\"448\">\n<li data-start=\"364\" data-end=\"386\">\n<p data-start=\"366\" data-end=\"386\">Nettovikt: 18 g<\/p>\n<\/li>\n<li data-start=\"387\" data-end=\"418\">\n<p data-start=\"389\" data-end=\"418\">Varum\u00e4rket: <strong data-start=\"398\" data-end=\"416\">Olabi \u2013 Al-Olabi<\/strong><\/p>\n<\/li>\n<li data-start=\"419\" data-end=\"448\">\n<p data-start=\"421\" data-end=\"448\">Typ: F\u00e4rdig varm choklad<\/p>\n<\/li>\n<\/ul>\n<p data-start=\"450\" data-end=\"469\"><strong data-start=\"450\" data-end=\"467\">Hur man f\u00f6rbereder sig<\/strong><\/p>\n<ul data-start=\"470\" data-end=\"559\">\n<li data-start=\"470\" data-end=\"491\">\n<p data-start=\"472\" data-end=\"491\">T\u00f6m kuvertet i en kopp.<\/p>\n<\/li>\n<li data-start=\"492\" data-end=\"528\">\n<p data-start=\"494\" data-end=\"528\">Tills\u00e4tt 150\u2013200 ml varm mj\u00f6lk eller vatten.<\/p>\n<\/li>\n<li data-start=\"529\" data-end=\"559\">\n<p data-start=\"531\" data-end=\"559\">R\u00f6r om ordentligt tills det \u00e4r helt uppl\u00f6st.<\/p>\n<\/li>\n<\/ul>\n<p data-start=\"561\" data-end=\"574\"><strong data-start=\"561\" data-end=\"572\">F\u00f6rvaring<\/strong><\/p>\n<ul data-start=\"575\" data-end=\"620\">\n<li data-start=\"575\" data-end=\"620\">\n<p data-start=\"577\" data-end=\"620\">F\u00f6rvara p\u00e5 en sval, torr plats, skyddad fr\u00e5n fukt.<\/p>\n<\/li>\n<\/ul>","protected":false},"excerpt":{"rendered":"<p>Lyxig varm choklad i p\u00e5se fr\u00e5n <em data-start=\"86\" data-end=\"100\">Varum\u00e4rket Al-Albi<\/em>Med en fyllig, kr\u00e4mig konsistens och intensiv chokladsmak. Perfekt f\u00f6r att snabbt tillaga en varm dryck med en uts\u00f6kt smak och balanserad arom.<\/p>","protected":false},"featured_media":58507,"template":"","meta":[],"product_brand":[],"product_cat":[349,377,282],"product_tag":[],"class_list":{"0":"post-58506","1":"product","2":"type-product","3":"status-publish","4":"has-post-thumbnail","6":"product_cat-349","7":"product_cat-377","8":"product_cat-282","10":"first","11":"instock","12":"taxable","13":"shipping-taxable","14":"purchasable","15":"product-type-simple"},"_links":{"self":[{"href":"https:\/\/senabel.com\/sv\/wp-json\/wp\/v2\/product\/58506","targetHints":{"allow":["GET"]}}],"collection":[{"href":"https:\/\/senabel.com\/sv\/wp-json\/wp\/v2\/product"}],"about":[{"href":"https:\/\/senabel.com\/sv\/wp-json\/wp\/v2\/types\/product"}],"version-history":[{"count":2,"href":"https:\/\/senabel.com\/sv\/wp-json\/wp\/v2\/product\/58506\/revisions"}],"predecessor-version":[{"id":58509,"href":"https:\/\/senabel.com\/sv\/wp-json\/wp\/v2\/product\/58506\/revisions\/58509"}],"wp:featuredmedia":[{"embeddable":true,"href":"https:\/\/senabel.com\/sv\/wp-json\/wp\/v2\/media\/58507"}],"wp:attachment":[{"href":"https:\/\/senabel.com\/sv\/wp-json\/wp\/v2\/media?parent=58506"}],"wp:term":[{"taxonomy":"product_brand","embeddable":true,"href":"https:\/\/senabel.com\/sv\/wp-json\/wp\/v2\/product_brand?post=58506"},{"taxonomy":"product_cat","embeddable":true,"href":"https:\/\/senabel.com\/sv\/wp-json\/wp\/v2\/product_cat?post=58506"},{"taxonomy":"product_tag","embeddable":true,"href":"https:\/\/senabel.com\/sv\/wp-json\/wp\/v2\/product_tag?post=58506"}],"curies":[{"name":"wp","href":"https:\/\/api.w.org\/{rel}","templated":true}]}}