{"id":58437,"date":"2025-12-01T17:26:43","date_gmt":"2025-12-01T17:26:43","guid":{"rendered":"https:\/\/senabel.com\/?post_type=product&#038;p=58437"},"modified":"2026-04-22T20:21:21","modified_gmt":"2026-04-22T20:21:21","slug":"qamar-al-din-rullar-400-g","status":"publish","type":"product","link":"https:\/\/senabel.com\/sv\/product\/qamar-al-din-rolls-400g\/","title":{"rendered":"Qamar Al Din Rullar - 400g"},"content":{"rendered":"<p data-start=\"154\" data-end=\"371\">Qamar al-Din fr\u00e5n Four Seasons \u00e4r tillverkad av naturliga aprikoser som har torkats omsorgsfullt f\u00f6r att ge en koncentrerad och uts\u00f6kt smak. Den mjuka konsistensen och den autentiska smaken g\u00f6r den till det perfekta valet f\u00f6r alla som \u00e4lskar traditionell Qamar al-Din av h\u00f6g kvalitet.<\/p>\n<p data-start=\"373\" data-end=\"387\"><strong data-start=\"373\" data-end=\"385\">Funktioner<\/strong><\/p>\n<ul data-start=\"388\" data-end=\"602\">\n<li data-start=\"388\" data-end=\"423\">\n<p data-start=\"390\" data-end=\"423\">Tillverkad av naturliga aprikoser av h\u00f6g kvalitet<\/p>\n<\/li>\n<li data-start=\"424\" data-end=\"471\">\n<p data-start=\"426\" data-end=\"471\">Individuellt f\u00f6rpackade rullar f\u00f6r enkel servering och f\u00f6rvaring<\/p>\n<\/li>\n<li data-start=\"472\" data-end=\"507\">\n<p data-start=\"474\" data-end=\"507\">Koncentrerad aprikosarom med en mjuk och l\u00e4cker konsistens<\/p>\n<\/li>\n<li data-start=\"508\" data-end=\"557\">\n<p data-start=\"510\" data-end=\"557\">En produkt fr\u00e5n varum\u00e4rket Four Seasons, k\u00e4nt f\u00f6r sin kvalitet.<\/p>\n<\/li>\n<li data-start=\"558\" data-end=\"602\">\n<p data-start=\"560\" data-end=\"602\">L\u00e4mplig f\u00f6r servering, snacks och g\u00e4stfrihet<\/p>\n<\/li>\n<\/ul>\n<p data-start=\"604\" data-end=\"623\"><strong data-start=\"604\" data-end=\"621\">Produktinformation<\/strong><\/p>\n<ul data-start=\"624\" data-end=\"692\">\n<li data-start=\"624\" data-end=\"639\">\n<p data-start=\"626\" data-end=\"639\">Vikt: 400 g<\/p>\n<\/li>\n<li data-start=\"640\" data-end=\"663\">\n<p data-start=\"642\" data-end=\"663\">Konsistens: Mjuk och fast<\/p>\n<\/li>\n<li data-start=\"664\" data-end=\"692\">\n<p data-start=\"666\" data-end=\"692\">Smak: Naturligt aprikoskoncentrat<\/p>\n<\/li>\n<\/ul>\n<p data-start=\"694\" data-end=\"711\"><strong data-start=\"694\" data-end=\"709\">Anv\u00e4ndningsomr\u00e5den<\/strong><\/p>\n<ul data-start=\"712\" data-end=\"805\">\n<li data-start=\"712\" data-end=\"745\">\n<p data-start=\"714\" data-end=\"745\">\u00c4t direkt som ett gott mellanm\u00e5l.<\/p>\n<\/li>\n<li data-start=\"746\" data-end=\"771\">\n<p data-start=\"748\" data-end=\"771\">Idealisk f\u00f6r barn och vuxna<\/p>\n<\/li>\n<li data-start=\"772\" data-end=\"805\">\n<p data-start=\"774\" data-end=\"805\">L\u00e4mplig f\u00f6r hotell- och restaurangbranschen, utflykter och resor<\/p>\n<\/li>\n<\/ul>\n<p data-start=\"807\" data-end=\"820\"><strong data-start=\"807\" data-end=\"818\">F\u00f6rvaring<\/strong><\/p>\n<ul data-start=\"821\" data-end=\"920\">\n<li data-start=\"821\" data-end=\"848\">\n<p data-start=\"823\" data-end=\"848\">F\u00f6rvaras p\u00e5 en sval och torr plats<\/p>\n<\/li>\n<li data-start=\"849\" data-end=\"920\">\n<p data-start=\"851\" data-end=\"920\">B\u00e4st att konsumera inom rimlig tid efter \u00f6ppnandet f\u00f6r att bevara smak och konsistens.<\/p>\n<\/li>\n<\/ul>","protected":false},"excerpt":{"rendered":"<p>Qamar al-Din fr\u00e5n Four Seasons \u00e4r tillverkad av naturliga aprikoser som har torkats omsorgsfullt f\u00f6r att ge en koncentrerad och uts\u00f6kt smak. Den mjuka konsistensen och den autentiska smaken g\u00f6r den till det perfekta valet f\u00f6r alla som \u00e4lskar traditionell Qamar al-Din av h\u00f6g kvalitet.<\/p>","protected":false},"featured_media":58438,"template":"","meta":[],"product_brand":[],"product_cat":[367,289],"product_tag":[],"class_list":{"0":"post-58437","1":"product","2":"type-product","3":"status-publish","4":"has-post-thumbnail","6":"product_cat-367","7":"product_cat-289","9":"first","10":"instock","11":"taxable","12":"shipping-taxable","13":"purchasable","14":"product-type-simple"},"_links":{"self":[{"href":"https:\/\/senabel.com\/sv\/wp-json\/wp\/v2\/product\/58437","targetHints":{"allow":["GET"]}}],"collection":[{"href":"https:\/\/senabel.com\/sv\/wp-json\/wp\/v2\/product"}],"about":[{"href":"https:\/\/senabel.com\/sv\/wp-json\/wp\/v2\/types\/product"}],"version-history":[{"count":2,"href":"https:\/\/senabel.com\/sv\/wp-json\/wp\/v2\/product\/58437\/revisions"}],"predecessor-version":[{"id":59848,"href":"https:\/\/senabel.com\/sv\/wp-json\/wp\/v2\/product\/58437\/revisions\/59848"}],"wp:featuredmedia":[{"embeddable":true,"href":"https:\/\/senabel.com\/sv\/wp-json\/wp\/v2\/media\/58438"}],"wp:attachment":[{"href":"https:\/\/senabel.com\/sv\/wp-json\/wp\/v2\/media?parent=58437"}],"wp:term":[{"taxonomy":"product_brand","embeddable":true,"href":"https:\/\/senabel.com\/sv\/wp-json\/wp\/v2\/product_brand?post=58437"},{"taxonomy":"product_cat","embeddable":true,"href":"https:\/\/senabel.com\/sv\/wp-json\/wp\/v2\/product_cat?post=58437"},{"taxonomy":"product_tag","embeddable":true,"href":"https:\/\/senabel.com\/sv\/wp-json\/wp\/v2\/product_tag?post=58437"}],"curies":[{"name":"wp","href":"https:\/\/api.w.org\/{rel}","templated":true}]}}