{"id":58389,"date":"2025-11-30T15:14:01","date_gmt":"2025-11-30T15:14:01","guid":{"rendered":"https:\/\/senabel.com\/?post_type=product&#038;p=58389"},"modified":"2026-03-28T11:17:42","modified_gmt":"2026-03-28T11:17:42","slug":"chokladformad-fargad-ris","status":"publish","type":"product","link":"https:\/\/senabel.com\/sv\/product\/chocolate-shaped-rice-colored\/","title":{"rendered":"F\u00e4rgad choklad i form av ris \u2013 500 g"},"content":{"rendered":"<p data-start=\"32\" data-end=\"161\">Sm\u00e5 chokladbitar formade som risgryn, f\u00e4rgade i attraktiva och roliga f\u00e4rger, med en l\u00e4cker l\u00e4tt chokladsmak som ger en h\u00e4rlig knaprighet vid varje anv\u00e4ndning.<\/p>\n<p data-start=\"163\" data-end=\"179\"><strong data-start=\"163\" data-end=\"177\">\u2022 Funktioner<\/strong><\/p>\n<ul data-start=\"180\" data-end=\"350\">\n<li data-start=\"180\" data-end=\"228\">\n<p data-start=\"182\" data-end=\"228\">Ljusa och varierade f\u00e4rger ger desserterna en vacker touch.<\/p>\n<\/li>\n<li data-start=\"229\" data-end=\"261\">\n<p data-start=\"231\" data-end=\"261\">En l\u00e4tt chokladsmak som passar alla<\/p>\n<\/li>\n<li data-start=\"262\" data-end=\"307\">\n<p data-start=\"264\" data-end=\"307\">Liten storlek, idealisk f\u00f6r garnering och direkt anv\u00e4ndning<\/p>\n<\/li>\n<li data-start=\"308\" data-end=\"350\">\n<p data-start=\"310\" data-end=\"350\">L\u00e4mplig f\u00f6r evenemang, g\u00e4stfrihet och barnkalas<\/p>\n<\/li>\n<\/ul>\n<p data-start=\"352\" data-end=\"371\"><strong data-start=\"352\" data-end=\"369\">\u2022 Anv\u00e4ndningsomr\u00e5den<\/strong><\/p>\n<ul data-start=\"372\" data-end=\"513\">\n<li data-start=\"372\" data-end=\"397\">\n<p data-start=\"374\" data-end=\"397\">Dekorera t\u00e5rtor och muffins<\/p>\n<\/li>\n<li data-start=\"398\" data-end=\"442\">\n<p data-start=\"400\" data-end=\"442\">Tills\u00e4tt det i glass och kalla desserter.<\/p>\n<\/li>\n<li data-start=\"443\" data-end=\"474\">\n<p data-start=\"445\" data-end=\"474\">Servera som mellanm\u00e5l f\u00f6r barn.<\/p>\n<\/li>\n<li data-start=\"475\" data-end=\"513\">\n<p data-start=\"477\" data-end=\"513\">Anv\u00e4nds i dessertblandningar och kakor<\/p>\n<\/li>\n<\/ul>\n<p data-start=\"515\" data-end=\"530\"><strong data-start=\"515\" data-end=\"528\">\u2022 Lagring<\/strong><\/p>\n<ul data-start=\"531\" data-end=\"621\">\n<li data-start=\"531\" data-end=\"558\">\n<p data-start=\"533\" data-end=\"558\">F\u00f6rvaras p\u00e5 en sval och torr plats<\/p>\n<\/li>\n<li data-start=\"559\" data-end=\"621\">\n<p data-start=\"561\" data-end=\"621\">Det \u00e4r b\u00e4st att f\u00f6rvara den p\u00e5 en sval plats f\u00f6r att bevara dess konsistens och f\u00e4rg.<\/p>\n<\/li>\n<\/ul>","protected":false},"excerpt":{"rendered":"<p>Sm\u00e5 chokladbitar formade som risgryn, f\u00e4rgade i attraktiva och roliga f\u00e4rger, med en l\u00e4cker l\u00e4tt chokladsmak som ger en h\u00e4rlig knaprighet vid varje anv\u00e4ndning.<\/p>","protected":false},"featured_media":58390,"template":"","meta":[],"product_brand":[],"product_cat":[297],"product_tag":[],"class_list":{"0":"post-58389","1":"product","2":"type-product","3":"status-publish","4":"has-post-thumbnail","6":"product_cat-297","8":"first","9":"instock","10":"taxable","11":"shipping-taxable","12":"purchasable","13":"product-type-simple"},"_links":{"self":[{"href":"https:\/\/senabel.com\/sv\/wp-json\/wp\/v2\/product\/58389","targetHints":{"allow":["GET"]}}],"collection":[{"href":"https:\/\/senabel.com\/sv\/wp-json\/wp\/v2\/product"}],"about":[{"href":"https:\/\/senabel.com\/sv\/wp-json\/wp\/v2\/types\/product"}],"version-history":[{"count":2,"href":"https:\/\/senabel.com\/sv\/wp-json\/wp\/v2\/product\/58389\/revisions"}],"predecessor-version":[{"id":58392,"href":"https:\/\/senabel.com\/sv\/wp-json\/wp\/v2\/product\/58389\/revisions\/58392"}],"wp:featuredmedia":[{"embeddable":true,"href":"https:\/\/senabel.com\/sv\/wp-json\/wp\/v2\/media\/58390"}],"wp:attachment":[{"href":"https:\/\/senabel.com\/sv\/wp-json\/wp\/v2\/media?parent=58389"}],"wp:term":[{"taxonomy":"product_brand","embeddable":true,"href":"https:\/\/senabel.com\/sv\/wp-json\/wp\/v2\/product_brand?post=58389"},{"taxonomy":"product_cat","embeddable":true,"href":"https:\/\/senabel.com\/sv\/wp-json\/wp\/v2\/product_cat?post=58389"},{"taxonomy":"product_tag","embeddable":true,"href":"https:\/\/senabel.com\/sv\/wp-json\/wp\/v2\/product_tag?post=58389"}],"curies":[{"name":"wp","href":"https:\/\/api.w.org\/{rel}","templated":true}]}}