{"id":58385,"date":"2025-11-30T15:14:47","date_gmt":"2025-11-30T15:14:47","guid":{"rendered":"https:\/\/senabel.com\/?post_type=product&#038;p=58385"},"modified":"2026-03-30T10:49:40","modified_gmt":"2026-03-30T10:49:40","slug":"qamar-al-din-mjuka-belagda-kuber","status":"publish","type":"product","link":"https:\/\/senabel.com\/sv\/product\/qamar-al-din-soft-coated-cubes\/","title":{"rendered":"Qamar Al-Din \u2013 Mjuka kuber \u2013 500 g"},"content":{"rendered":"<p data-start=\"36\" data-end=\"190\">Qamar Al-Din Al-Tari i f\u00e4rdiga kuber, med en mjuk konsistens och en uppfriskande naturlig aprikosmak. Passar som mellanm\u00e5l och f\u00f6r daglig anv\u00e4ndning p\u00e5 ett praktiskt och enkelt s\u00e4tt.<\/p>\n<p data-start=\"192\" data-end=\"208\"><strong data-start=\"192\" data-end=\"206\">\u2022 Funktioner<\/strong><\/p>\n<ul data-start=\"209\" data-end=\"357\">\n<li data-start=\"209\" data-end=\"235\">\n<p data-start=\"211\" data-end=\"235\">Mjuka kuber som \u00e4r l\u00e4tta att \u00e4ta<\/p>\n<\/li>\n<li data-start=\"236\" data-end=\"255\">\n<p data-start=\"238\" data-end=\"255\">Original aprikos smak<\/p>\n<\/li>\n<li data-start=\"256\" data-end=\"282\">\n<p data-start=\"258\" data-end=\"282\">L\u00e4mplig f\u00f6r barn och vuxna<\/p>\n<\/li>\n<li data-start=\"283\" data-end=\"319\">\n<p data-start=\"285\" data-end=\"319\">Perfekt f\u00f6r hotell- och restaurangbranschen och snabb anv\u00e4ndning<\/p>\n<\/li>\n<li data-start=\"320\" data-end=\"357\">\n<p data-start=\"322\" data-end=\"357\">Individuellt f\u00f6rpackade f\u00f6r att bevara f\u00e4rskheten<\/p>\n<\/li>\n<\/ul>\n<p data-start=\"359\" data-end=\"378\"><strong data-start=\"359\" data-end=\"376\">\u2022 Anv\u00e4ndningsomr\u00e5den<\/strong><\/p>\n<ul data-start=\"379\" data-end=\"481\">\n<li data-start=\"379\" data-end=\"406\">\n<p data-start=\"381\" data-end=\"406\">\u00c4ts direkt som mellanm\u00e5l<\/p>\n<\/li>\n<li data-start=\"407\" data-end=\"434\">\n<p data-start=\"409\" data-end=\"434\">L\u00e4mplig f\u00f6r skolan och utflykter<\/p>\n<\/li>\n<li data-start=\"435\" data-end=\"481\">\n<p data-start=\"437\" data-end=\"481\">Den kan tills\u00e4ttas i vissa desserter eller serveras som godis.<\/p>\n<\/li>\n<\/ul>\n<p data-start=\"483\" data-end=\"498\"><strong data-start=\"483\" data-end=\"496\">\u2022 Lagring<\/strong><\/p>\n<ul data-start=\"499\" data-end=\"583\">\n<li data-start=\"499\" data-end=\"526\">\n<p data-start=\"501\" data-end=\"526\">F\u00f6rvaras p\u00e5 en sval och torr plats<\/p>\n<\/li>\n<li data-start=\"527\" data-end=\"583\">\n<p data-start=\"529\" data-end=\"583\">Det \u00e4r b\u00e4st att undvika direkt v\u00e4rme f\u00f6r att bevara konsistensen och smaken.<\/p>\n<\/li>\n<\/ul>","protected":false},"excerpt":{"rendered":"<p>Qamar Al-Din Al-Tari i f\u00e4rdiga kuber, med en mjuk konsistens och en uppfriskande naturlig aprikosmak. Passar som mellanm\u00e5l och f\u00f6r daglig anv\u00e4ndning p\u00e5 ett praktiskt och enkelt s\u00e4tt.<\/p>","protected":false},"featured_media":58386,"template":"","meta":[],"product_brand":[],"product_cat":[367,289],"product_tag":[],"class_list":{"0":"post-58385","1":"product","2":"type-product","3":"status-publish","4":"has-post-thumbnail","6":"product_cat-367","7":"product_cat-289","9":"first","10":"outofstock","11":"taxable","12":"shipping-taxable","13":"purchasable","14":"product-type-simple"},"_links":{"self":[{"href":"https:\/\/senabel.com\/sv\/wp-json\/wp\/v2\/product\/58385","targetHints":{"allow":["GET"]}}],"collection":[{"href":"https:\/\/senabel.com\/sv\/wp-json\/wp\/v2\/product"}],"about":[{"href":"https:\/\/senabel.com\/sv\/wp-json\/wp\/v2\/types\/product"}],"version-history":[{"count":2,"href":"https:\/\/senabel.com\/sv\/wp-json\/wp\/v2\/product\/58385\/revisions"}],"predecessor-version":[{"id":58388,"href":"https:\/\/senabel.com\/sv\/wp-json\/wp\/v2\/product\/58385\/revisions\/58388"}],"wp:featuredmedia":[{"embeddable":true,"href":"https:\/\/senabel.com\/sv\/wp-json\/wp\/v2\/media\/58386"}],"wp:attachment":[{"href":"https:\/\/senabel.com\/sv\/wp-json\/wp\/v2\/media?parent=58385"}],"wp:term":[{"taxonomy":"product_brand","embeddable":true,"href":"https:\/\/senabel.com\/sv\/wp-json\/wp\/v2\/product_brand?post=58385"},{"taxonomy":"product_cat","embeddable":true,"href":"https:\/\/senabel.com\/sv\/wp-json\/wp\/v2\/product_cat?post=58385"},{"taxonomy":"product_tag","embeddable":true,"href":"https:\/\/senabel.com\/sv\/wp-json\/wp\/v2\/product_tag?post=58385"}],"curies":[{"name":"wp","href":"https:\/\/api.w.org\/{rel}","templated":true}]}}