{"id":58381,"date":"2025-11-30T15:15:35","date_gmt":"2025-11-30T15:15:35","guid":{"rendered":"https:\/\/senabel.com\/?post_type=product&#038;p=58381"},"modified":"2026-04-05T10:30:16","modified_gmt":"2026-04-05T10:30:16","slug":"qamar-al-din-mjuka-rullar","status":"publish","type":"product","link":"https:\/\/senabel.com\/sv\/product\/qamar-al-din-soft-wrapped-rolls\/","title":{"rendered":"Qamar al-Din \u2013 Mjuka rullar \u2013 500 g"},"content":{"rendered":"<p data-start=\"35\" data-end=\"193\">Qamar al-Din, med sin rika smak, \u00e4r f\u00f6rpackad i sm\u00e5, f\u00e4rdiga rullar. Mjuk och med en naturlig aprikosmak, erbjuder den en balanserad s\u00f6tma och en l\u00e4tt och l\u00e4cker upplevelse.<\/p>\n<p data-start=\"195\" data-end=\"211\"><strong data-start=\"195\" data-end=\"209\">\u2022 Funktioner<\/strong><\/p>\n<ul data-start=\"212\" data-end=\"366\">\n<li data-start=\"212\" data-end=\"249\">\n<p data-start=\"214\" data-end=\"249\">Qamar al-Din-rullarna \u00e4r mjuka och l\u00e4tta att tugga.<\/p>\n<\/li>\n<li data-start=\"250\" data-end=\"270\">\n<p data-start=\"252\" data-end=\"270\">Naturlig aprikosarom<\/p>\n<\/li>\n<li data-start=\"271\" data-end=\"297\">\n<p data-start=\"273\" data-end=\"297\">L\u00e4mplig f\u00f6r barn och vuxna<\/p>\n<\/li>\n<li data-start=\"298\" data-end=\"331\">\n<p data-start=\"300\" data-end=\"331\">Redo att \u00e4ta eller servera omedelbart<\/p>\n<\/li>\n<li data-start=\"332\" data-end=\"366\">\n<p data-start=\"334\" data-end=\"366\">L\u00e4mplig f\u00f6r hotell- och restaurangbranschen och vardagsbruk<\/p>\n<\/li>\n<\/ul>\n<p data-start=\"368\" data-end=\"387\"><strong data-start=\"368\" data-end=\"385\">\u2022 Anv\u00e4ndningsomr\u00e5den<\/strong><\/p>\n<ul data-start=\"388\" data-end=\"483\">\n<li data-start=\"388\" data-end=\"415\">\n<p data-start=\"390\" data-end=\"415\">\u00c4ts som den \u00e4r som mellanm\u00e5l<\/p>\n<\/li>\n<li data-start=\"416\" data-end=\"443\">\n<p data-start=\"418\" data-end=\"443\">Perfekt f\u00f6r resor och skolan<\/p>\n<\/li>\n<li data-start=\"444\" data-end=\"483\">\n<p data-start=\"446\" data-end=\"483\">Kan anv\u00e4ndas i desserter och drycker<\/p>\n<\/li>\n<\/ul>\n<p data-start=\"485\" data-end=\"500\"><strong data-start=\"485\" data-end=\"498\">\u2022 Lagring<\/strong><\/p>\n<ul data-start=\"501\" data-end=\"582\">\n<li data-start=\"501\" data-end=\"528\">\n<p data-start=\"503\" data-end=\"528\">F\u00f6rvaras p\u00e5 en sval och torr plats<\/p>\n<\/li>\n<li data-start=\"529\" data-end=\"582\">\n<p data-start=\"531\" data-end=\"582\">Det \u00e4r b\u00e4st att inte uts\u00e4tta den f\u00f6r direkt v\u00e4rme f\u00f6r att bevara dess konsistens.<\/p>\n<\/li>\n<\/ul>","protected":false},"excerpt":{"rendered":"<p>Qamar al-Din, med sin rika smak, \u00e4r f\u00f6rpackad i sm\u00e5, f\u00e4rdiga rullar. Mjuk och med en naturlig aprikosmak, erbjuder den en balanserad s\u00f6tma och en l\u00e4tt och l\u00e4cker upplevelse.<\/p>","protected":false},"featured_media":58382,"template":"","meta":[],"product_brand":[],"product_cat":[289,367],"product_tag":[],"class_list":{"0":"post-58381","1":"product","2":"type-product","3":"status-publish","4":"has-post-thumbnail","6":"product_cat-289","7":"product_cat-367","9":"first","10":"instock","11":"taxable","12":"shipping-taxable","13":"purchasable","14":"product-type-simple"},"_links":{"self":[{"href":"https:\/\/senabel.com\/sv\/wp-json\/wp\/v2\/product\/58381","targetHints":{"allow":["GET"]}}],"collection":[{"href":"https:\/\/senabel.com\/sv\/wp-json\/wp\/v2\/product"}],"about":[{"href":"https:\/\/senabel.com\/sv\/wp-json\/wp\/v2\/types\/product"}],"version-history":[{"count":3,"href":"https:\/\/senabel.com\/sv\/wp-json\/wp\/v2\/product\/58381\/revisions"}],"predecessor-version":[{"id":63633,"href":"https:\/\/senabel.com\/sv\/wp-json\/wp\/v2\/product\/58381\/revisions\/63633"}],"wp:featuredmedia":[{"embeddable":true,"href":"https:\/\/senabel.com\/sv\/wp-json\/wp\/v2\/media\/58382"}],"wp:attachment":[{"href":"https:\/\/senabel.com\/sv\/wp-json\/wp\/v2\/media?parent=58381"}],"wp:term":[{"taxonomy":"product_brand","embeddable":true,"href":"https:\/\/senabel.com\/sv\/wp-json\/wp\/v2\/product_brand?post=58381"},{"taxonomy":"product_cat","embeddable":true,"href":"https:\/\/senabel.com\/sv\/wp-json\/wp\/v2\/product_cat?post=58381"},{"taxonomy":"product_tag","embeddable":true,"href":"https:\/\/senabel.com\/sv\/wp-json\/wp\/v2\/product_tag?post=58381"}],"curies":[{"name":"wp","href":"https:\/\/api.w.org\/{rel}","templated":true}]}}