{"id":58374,"date":"2025-11-30T15:16:15","date_gmt":"2025-11-30T15:16:15","guid":{"rendered":"https:\/\/senabel.com\/?post_type=product&#038;p=58374"},"modified":"2026-02-28T16:25:14","modified_gmt":"2026-02-28T16:25:14","slug":"chokladmjolk-chokladpyramid-med-kex-och-kakao","status":"publish","type":"product","link":"https:\/\/senabel.com\/sv\/product\/le-chocolate-milk-chocolate-pyramid-with-biscuits-and-cocoa\/","title":{"rendered":"Chocolate Le \u2013 Pyramidformad mj\u00f6lkchoklad med kex och kakao"},"content":{"rendered":"<p data-start=\"86\" data-end=\"228\">En lyxig pyramidformad delikatess som kombinerar ett rikt mj\u00f6lkchoklad\u00f6verdrag med en mjuk keksfyllning och en l\u00e4cker kakaosmak, presenterad i en attraktiv geometrisk form som tillf\u00f6r elegans till alla festliga tillf\u00e4llen.<\/p>\n<p data-start=\"230\" data-end=\"244\"><strong data-start=\"230\" data-end=\"242\">Funktioner<\/strong><\/p>\n<ul data-start=\"245\" data-end=\"402\">\n<li data-start=\"245\" data-end=\"277\">\n<p data-start=\"247\" data-end=\"277\">Mjuk mj\u00f6lkchoklad med en rik smak<\/p>\n<\/li>\n<li data-start=\"278\" data-end=\"315\">\n<p data-start=\"280\" data-end=\"315\">Kakaofyllning med kakao f\u00f6r en balanserad smak<\/p>\n<\/li>\n<li data-start=\"316\" data-end=\"347\">\n<p data-start=\"318\" data-end=\"347\">Distinkt pyramidform som passar f\u00f6r hotell- och restaurangbranschen<\/p>\n<\/li>\n<li data-start=\"348\" data-end=\"374\">\n<p data-start=\"350\" data-end=\"374\">Snyggt och lyxigt f\u00f6rpackat<\/p>\n<\/li>\n<li data-start=\"375\" data-end=\"402\">\n<p data-start=\"377\" data-end=\"402\">Perfekt f\u00f6r olika tillf\u00e4llen och som g\u00e5va<\/p>\n<\/li>\n<\/ul>\n<p data-start=\"404\" data-end=\"423\"><strong data-start=\"404\" data-end=\"421\">Produktinformation<\/strong><\/p>\n<ul data-start=\"424\" data-end=\"558\">\n<li data-start=\"424\" data-end=\"468\">\n<p data-start=\"426\" data-end=\"468\">Ingredienser: Mj\u00f6lkchoklad + kex + kakao<\/p>\n<\/li>\n<li data-start=\"469\" data-end=\"494\">\n<p data-start=\"471\" data-end=\"494\">Varum\u00e4rke: LEE<\/p>\n<\/li>\n<li data-start=\"495\" data-end=\"525\">\n<p data-start=\"497\" data-end=\"525\">Ursprungsland: F\u00f6renade Arabemiraten \u2013 Dubai<\/p>\n<\/li>\n<li data-start=\"526\" data-end=\"558\">\n<p data-start=\"528\" data-end=\"558\">Tillg\u00e4ngliga vikter: 500g<\/p>\n<\/li>\n<\/ul>\n<p data-start=\"560\" data-end=\"674\"><strong data-start=\"560\" data-end=\"571\">F\u00f6rvaring<\/strong><br data-start=\"571\" data-end=\"574\" \/>F\u00f6rvara p\u00e5 en sval, torr plats vid en temperatur p\u00e5 <strong data-start=\"603\" data-end=\"614\">15\u201322 \u00b0C<\/strong> F\u00f6rvara p\u00e5 en torr plats och undvik direkt ljus f\u00f6r att bevara konsistens och smak.<\/p>","protected":false},"excerpt":{"rendered":"<p>En lyxig pyramidformad delikatess som kombinerar ett rikt mj\u00f6lkchoklad\u00f6verdrag med en mjuk keksfyllning och en l\u00e4cker kakaosmak, presenterad i en attraktiv geometrisk form som tillf\u00f6r elegans till alla festliga tillf\u00e4llen.<\/p>","protected":false},"featured_media":58375,"template":"","meta":[],"product_brand":[],"product_cat":[297],"product_tag":[],"class_list":{"0":"post-58374","1":"product","2":"type-product","3":"status-publish","4":"has-post-thumbnail","6":"product_cat-297","8":"first","9":"outofstock","10":"taxable","11":"shipping-taxable","12":"purchasable","13":"product-type-simple"},"_links":{"self":[{"href":"https:\/\/senabel.com\/sv\/wp-json\/wp\/v2\/product\/58374","targetHints":{"allow":["GET"]}}],"collection":[{"href":"https:\/\/senabel.com\/sv\/wp-json\/wp\/v2\/product"}],"about":[{"href":"https:\/\/senabel.com\/sv\/wp-json\/wp\/v2\/types\/product"}],"version-history":[{"count":5,"href":"https:\/\/senabel.com\/sv\/wp-json\/wp\/v2\/product\/58374\/revisions"}],"predecessor-version":[{"id":61599,"href":"https:\/\/senabel.com\/sv\/wp-json\/wp\/v2\/product\/58374\/revisions\/61599"}],"wp:featuredmedia":[{"embeddable":true,"href":"https:\/\/senabel.com\/sv\/wp-json\/wp\/v2\/media\/58375"}],"wp:attachment":[{"href":"https:\/\/senabel.com\/sv\/wp-json\/wp\/v2\/media?parent=58374"}],"wp:term":[{"taxonomy":"product_brand","embeddable":true,"href":"https:\/\/senabel.com\/sv\/wp-json\/wp\/v2\/product_brand?post=58374"},{"taxonomy":"product_cat","embeddable":true,"href":"https:\/\/senabel.com\/sv\/wp-json\/wp\/v2\/product_cat?post=58374"},{"taxonomy":"product_tag","embeddable":true,"href":"https:\/\/senabel.com\/sv\/wp-json\/wp\/v2\/product_tag?post=58374"}],"curies":[{"name":"wp","href":"https:\/\/api.w.org\/{rel}","templated":true}]}}