{"id":58324,"date":"2025-11-30T15:18:40","date_gmt":"2025-11-30T15:18:40","guid":{"rendered":"https:\/\/senabel.com\/?post_type=product&#038;p=58324"},"modified":"2026-03-31T12:47:17","modified_gmt":"2026-03-31T12:47:17","slug":"chokladmjolk-chokladrulle-med-notter","status":"publish","type":"product","link":"https:\/\/senabel.com\/sv\/product\/le-chocolate-milk-chocolate-roll-with-nuts\/","title":{"rendered":"Chocolate Les - Chokladdipp med dadelmj\u00f6lk och n\u00f6tter"},"content":{"rendered":"<p data-start=\"72\" data-end=\"208\">En l\u00e4cker rulle av premiummj\u00f6lkchoklad, fylld med knapriga lager av noggrant utvalda n\u00f6tter, som ger dig en rik kombination av mjukhet och knaprighet i varje tugga.<\/p>\n<p data-start=\"210\" data-end=\"224\"><strong data-start=\"210\" data-end=\"222\">Funktioner<\/strong><\/p>\n<ul data-start=\"225\" data-end=\"389\">\n<li data-start=\"225\" data-end=\"259\">\n<p data-start=\"227\" data-end=\"259\">Lyxig mj\u00f6lkchoklad med en mjuk konsistens<\/p>\n<\/li>\n<li data-start=\"260\" data-end=\"309\">\n<p data-start=\"262\" data-end=\"309\">En variation av n\u00f6tfyllningar ger en stark, balanserad smak.<\/p>\n<\/li>\n<li data-start=\"310\" data-end=\"353\">\n<p data-start=\"312\" data-end=\"353\">Liten rullstorlek som passar f\u00f6r hotell- och restaurangbranschen och evenemang<\/p>\n<\/li>\n<li data-start=\"354\" data-end=\"389\">\n<p data-start=\"356\" data-end=\"389\">Elegant f\u00f6rpackning som passar f\u00f6r presentationer och g\u00e5vor<\/p>\n<\/li>\n<\/ul>\n<p data-start=\"391\" data-end=\"410\"><strong data-start=\"391\" data-end=\"408\">Produktinformation<\/strong><\/p>\n<ul data-start=\"411\" data-end=\"544\">\n<li data-start=\"411\" data-end=\"454\">\n<p data-start=\"413\" data-end=\"454\">Typ: Mj\u00f6lkchokladrulle fylld med n\u00f6tter<\/p>\n<\/li>\n<li data-start=\"455\" data-end=\"480\">\n<p data-start=\"457\" data-end=\"480\">Varum\u00e4rke: LEE<\/p>\n<\/li>\n<li data-start=\"481\" data-end=\"511\">\n<p data-start=\"483\" data-end=\"511\">Ursprungsland: F\u00f6renade Arabemiraten \u2013 Dubai<\/p>\n<\/li>\n<li data-start=\"512\" data-end=\"544\">\n<p data-start=\"514\" data-end=\"544\">Tillg\u00e4ngliga vikter: 500g<\/p>\n<\/li>\n<\/ul>\n<p data-start=\"546\" data-end=\"663\"><strong data-start=\"546\" data-end=\"557\">F\u00f6rvaring<\/strong><br data-start=\"557\" data-end=\"560\" \/>F\u00f6rvara p\u00e5 en sval, torr plats vid en temperatur p\u00e5 <strong data-start=\"589\" data-end=\"600\">15\u201322 \u00b0C<\/strong> Undvik solljus och fukt f\u00f6r att bibeh\u00e5lla kvaliteten och den krispiga konsistensen.<\/p>","protected":false},"excerpt":{"rendered":"<p>En l\u00e4cker rulle av premiummj\u00f6lkchoklad, fylld med knapriga lager av noggrant utvalda n\u00f6tter, som ger dig en rik kombination av mjukhet och knaprighet i varje tugga.<\/p>","protected":false},"featured_media":58325,"template":"","meta":[],"product_brand":[],"product_cat":[297],"product_tag":[],"class_list":{"0":"post-58324","1":"product","2":"type-product","3":"status-publish","4":"has-post-thumbnail","6":"product_cat-297","8":"first","9":"instock","10":"taxable","11":"shipping-taxable","12":"purchasable","13":"product-type-simple"},"_links":{"self":[{"href":"https:\/\/senabel.com\/sv\/wp-json\/wp\/v2\/product\/58324","targetHints":{"allow":["GET"]}}],"collection":[{"href":"https:\/\/senabel.com\/sv\/wp-json\/wp\/v2\/product"}],"about":[{"href":"https:\/\/senabel.com\/sv\/wp-json\/wp\/v2\/types\/product"}],"version-history":[{"count":6,"href":"https:\/\/senabel.com\/sv\/wp-json\/wp\/v2\/product\/58324\/revisions"}],"predecessor-version":[{"id":63521,"href":"https:\/\/senabel.com\/sv\/wp-json\/wp\/v2\/product\/58324\/revisions\/63521"}],"wp:featuredmedia":[{"embeddable":true,"href":"https:\/\/senabel.com\/sv\/wp-json\/wp\/v2\/media\/58325"}],"wp:attachment":[{"href":"https:\/\/senabel.com\/sv\/wp-json\/wp\/v2\/media?parent=58324"}],"wp:term":[{"taxonomy":"product_brand","embeddable":true,"href":"https:\/\/senabel.com\/sv\/wp-json\/wp\/v2\/product_brand?post=58324"},{"taxonomy":"product_cat","embeddable":true,"href":"https:\/\/senabel.com\/sv\/wp-json\/wp\/v2\/product_cat?post=58324"},{"taxonomy":"product_tag","embeddable":true,"href":"https:\/\/senabel.com\/sv\/wp-json\/wp\/v2\/product_tag?post=58324"}],"curies":[{"name":"wp","href":"https:\/\/api.w.org\/{rel}","templated":true}]}}