{"id":58311,"date":"2025-11-30T11:30:58","date_gmt":"2025-11-30T11:30:58","guid":{"rendered":"https:\/\/senabel.com\/?post_type=product&#038;p=58311"},"modified":"2026-03-31T12:48:30","modified_gmt":"2026-03-31T12:48:30","slug":"chokladmjolk-med-karamellkram-2","status":"publish","type":"product","link":"https:\/\/senabel.com\/sv\/product\/chocolate-ley-milk-with-caramel-cream-2\/","title":{"rendered":"Chocolate Le \u2013 Mj\u00f6lk med karamellkr\u00e4m"},"content":{"rendered":"<p data-start=\"63\" data-end=\"214\">En lyxig chokladkaka med en distinkt karakt\u00e4r, som kombinerar lager av mjuk mj\u00f6lkchoklad med en rik karamellkr\u00e4mfyllning. Dess eleganta design g\u00f6r den perfekt f\u00f6r festliga tillf\u00e4llen och som present.<\/p>\n<p data-start=\"216\" data-end=\"230\"><strong data-start=\"216\" data-end=\"228\">Funktioner<\/strong><\/p>\n<ul data-start=\"231\" data-end=\"393\">\n<li data-start=\"231\" data-end=\"268\">\n<p data-start=\"233\" data-end=\"268\">Ett j\u00e4mnt och balanserat lager av mj\u00f6lkchoklad<\/p>\n<\/li>\n<li data-start=\"269\" data-end=\"318\">\n<p data-start=\"271\" data-end=\"318\">Karamellfyllningen ger en varm och uts\u00f6kt smak.<\/p>\n<\/li>\n<li data-start=\"319\" data-end=\"358\">\n<p data-start=\"321\" data-end=\"358\">En vacker form som passar f\u00f6r servering vid alla tillf\u00e4llen.<\/p>\n<\/li>\n<li data-start=\"359\" data-end=\"393\">\n<p data-start=\"361\" data-end=\"393\">En mjuk konsistens som sm\u00e4lter l\u00e4tt vid varje tugga<\/p>\n<\/li>\n<\/ul>\n<p data-start=\"395\" data-end=\"414\"><strong data-start=\"395\" data-end=\"412\">Produktinformation<\/strong><\/p>\n<ul data-start=\"415\" data-end=\"547\">\n<li data-start=\"415\" data-end=\"461\">\n<p data-start=\"417\" data-end=\"461\">Typ: Mj\u00f6lkchoklad fylld med karamellkr\u00e4m<\/p>\n<\/li>\n<li data-start=\"462\" data-end=\"487\">\n<p data-start=\"464\" data-end=\"487\">Varum\u00e4rke: LEE<\/p>\n<\/li>\n<li data-start=\"488\" data-end=\"514\">\n<p data-start=\"490\" data-end=\"514\">Ursprung: F\u00f6renade Arabemiraten \u2013 Dubai<\/p>\n<\/li>\n<li data-start=\"515\" data-end=\"547\">\n<p data-start=\"517\" data-end=\"547\">Tillg\u00e4ngliga vikter: 500 g \/ 1000 g<\/p>\n<\/li>\n<\/ul>\n<p data-start=\"549\" data-end=\"672\"><strong data-start=\"549\" data-end=\"560\">F\u00f6rvaring<\/strong><br data-start=\"560\" data-end=\"563\" \/>F\u00f6rvara p\u00e5 en sval, torr plats vid en temperatur p\u00e5 <strong data-start=\"592\" data-end=\"603\">15\u201322 \u00b0C<\/strong> Undvik solljus och fukt f\u00f6r att bevara chokladens kvalitet och fyllningens konsistens.<\/p>","protected":false},"excerpt":{"rendered":"<p>En lyxig chokladkaka med en distinkt karakt\u00e4r, som kombinerar lager av mjuk mj\u00f6lkchoklad med en rik karamellkr\u00e4mfyllning. Dess eleganta design g\u00f6r den perfekt f\u00f6r festliga tillf\u00e4llen och som present.<\/p>","protected":false},"featured_media":58314,"template":"","meta":[],"product_brand":[],"product_cat":[297],"product_tag":[],"class_list":{"0":"post-58311","1":"product","2":"type-product","3":"status-publish","4":"has-post-thumbnail","6":"product_cat-297","8":"first","9":"instock","10":"taxable","11":"shipping-taxable","12":"purchasable","13":"product-type-simple"},"_links":{"self":[{"href":"https:\/\/senabel.com\/sv\/wp-json\/wp\/v2\/product\/58311","targetHints":{"allow":["GET"]}}],"collection":[{"href":"https:\/\/senabel.com\/sv\/wp-json\/wp\/v2\/product"}],"about":[{"href":"https:\/\/senabel.com\/sv\/wp-json\/wp\/v2\/types\/product"}],"version-history":[{"count":2,"href":"https:\/\/senabel.com\/sv\/wp-json\/wp\/v2\/product\/58311\/revisions"}],"predecessor-version":[{"id":58317,"href":"https:\/\/senabel.com\/sv\/wp-json\/wp\/v2\/product\/58311\/revisions\/58317"}],"wp:featuredmedia":[{"embeddable":true,"href":"https:\/\/senabel.com\/sv\/wp-json\/wp\/v2\/media\/58314"}],"wp:attachment":[{"href":"https:\/\/senabel.com\/sv\/wp-json\/wp\/v2\/media?parent=58311"}],"wp:term":[{"taxonomy":"product_brand","embeddable":true,"href":"https:\/\/senabel.com\/sv\/wp-json\/wp\/v2\/product_brand?post=58311"},{"taxonomy":"product_cat","embeddable":true,"href":"https:\/\/senabel.com\/sv\/wp-json\/wp\/v2\/product_cat?post=58311"},{"taxonomy":"product_tag","embeddable":true,"href":"https:\/\/senabel.com\/sv\/wp-json\/wp\/v2\/product_tag?post=58311"}],"curies":[{"name":"wp","href":"https:\/\/api.w.org\/{rel}","templated":true}]}}