{"id":58297,"date":"2025-11-30T15:18:54","date_gmt":"2025-11-30T15:18:54","guid":{"rendered":"https:\/\/senabel.com\/?post_type=product&#038;p=58297"},"modified":"2026-03-31T12:36:26","modified_gmt":"2026-03-31T12:36:26","slug":"choklad-lagger-mjolk-med-kex-och-mandelkram","status":"publish","type":"product","link":"https:\/\/senabel.com\/sv\/product\/chocolate-lays-milk-with-biscuits-and-almond-cream\/","title":{"rendered":"Chocolate Le \u2013 Mj\u00f6lk med kex och mandelkr\u00e4m"},"content":{"rendered":"<p data-start=\"70\" data-end=\"196\">En lyxig chokladkaka som kombinerar tre \u00e4lskade smaker:<br data-start=\"117\" data-end=\"120\" \/>Mj\u00f6lkchokladens mjukhet, kexens krispighet och mandelkr\u00e4mens fyllighet med sin varma smak.<\/p>\n<p data-start=\"198\" data-end=\"212\"><strong data-start=\"198\" data-end=\"210\">Funktioner<\/strong><\/p>\n<ul data-start=\"213\" data-end=\"378\">\n<li data-start=\"213\" data-end=\"247\">\n<p data-start=\"215\" data-end=\"247\">Ett j\u00e4mnt och fylligt lager av mj\u00f6lkchoklad<\/p>\n<\/li>\n<li data-start=\"248\" data-end=\"288\">\n<p data-start=\"250\" data-end=\"288\">Krispig kexfyllning med en l\u00e4tt och uts\u00f6kt smak<\/p>\n<\/li>\n<li data-start=\"289\" data-end=\"345\">\n<p data-start=\"291\" data-end=\"345\">En kr\u00e4mig mandelfyllning ger den en distinkt, balanserad smak.<\/p>\n<\/li>\n<li data-start=\"346\" data-end=\"378\">\n<p data-start=\"348\" data-end=\"378\">En lyxig form som passar f\u00f6r g\u00e4stfrihet och g\u00e5vor<\/p>\n<\/li>\n<\/ul>\n<p data-start=\"380\" data-end=\"399\"><strong data-start=\"380\" data-end=\"397\">Produktinformation<\/strong><\/p>\n<ul data-start=\"400\" data-end=\"537\">\n<li data-start=\"400\" data-end=\"451\">\n<p data-start=\"402\" data-end=\"451\">Typ: Mj\u00f6lkchoklad fylld med kex och mandelkr\u00e4m<\/p>\n<\/li>\n<li data-start=\"452\" data-end=\"477\">\n<p data-start=\"454\" data-end=\"477\">Varum\u00e4rke: LEE<\/p>\n<\/li>\n<li data-start=\"478\" data-end=\"504\">\n<p data-start=\"480\" data-end=\"504\">Ursprung: F\u00f6renade Arabemiraten \u2013 Dubai<\/p>\n<\/li>\n<li data-start=\"505\" data-end=\"537\">\n<p data-start=\"507\" data-end=\"537\">Tillg\u00e4ngliga vikter: 500g<\/p>\n<\/li>\n<\/ul>\n<p data-start=\"539\" data-end=\"648\"><strong data-start=\"539\" data-end=\"550\">F\u00f6rvaring<\/strong><br data-start=\"550\" data-end=\"553\" \/>F\u00f6rvara p\u00e5 en sval, torr plats vid en temperatur p\u00e5 <strong data-start=\"582\" data-end=\"593\">15\u201322 \u00b0C<\/strong> Undvik solljus och fukt f\u00f6r att bevara smak och konsistens.<\/p>","protected":false},"excerpt":{"rendered":"<p data-start=\"70\" data-end=\"196\">En lyxig chokladkaka som kombinerar tre \u00e4lskade smaker:<br data-start=\"117\" data-end=\"120\" \/>Mj\u00f6lkchokladens mjukhet, kexens krispighet och mandelkr\u00e4mens fyllighet med sin varma smak.<\/p>","protected":false},"featured_media":58299,"template":"","meta":[],"product_brand":[],"product_cat":[297],"product_tag":[],"class_list":{"0":"post-58297","1":"product","2":"type-product","3":"status-publish","4":"has-post-thumbnail","6":"product_cat-297","8":"first","9":"instock","10":"taxable","11":"shipping-taxable","12":"purchasable","13":"product-type-simple"},"_links":{"self":[{"href":"https:\/\/senabel.com\/sv\/wp-json\/wp\/v2\/product\/58297","targetHints":{"allow":["GET"]}}],"collection":[{"href":"https:\/\/senabel.com\/sv\/wp-json\/wp\/v2\/product"}],"about":[{"href":"https:\/\/senabel.com\/sv\/wp-json\/wp\/v2\/types\/product"}],"version-history":[{"count":4,"href":"https:\/\/senabel.com\/sv\/wp-json\/wp\/v2\/product\/58297\/revisions"}],"predecessor-version":[{"id":61579,"href":"https:\/\/senabel.com\/sv\/wp-json\/wp\/v2\/product\/58297\/revisions\/61579"}],"wp:featuredmedia":[{"embeddable":true,"href":"https:\/\/senabel.com\/sv\/wp-json\/wp\/v2\/media\/58299"}],"wp:attachment":[{"href":"https:\/\/senabel.com\/sv\/wp-json\/wp\/v2\/media?parent=58297"}],"wp:term":[{"taxonomy":"product_brand","embeddable":true,"href":"https:\/\/senabel.com\/sv\/wp-json\/wp\/v2\/product_brand?post=58297"},{"taxonomy":"product_cat","embeddable":true,"href":"https:\/\/senabel.com\/sv\/wp-json\/wp\/v2\/product_cat?post=58297"},{"taxonomy":"product_tag","embeddable":true,"href":"https:\/\/senabel.com\/sv\/wp-json\/wp\/v2\/product_tag?post=58297"}],"curies":[{"name":"wp","href":"https:\/\/api.w.org\/{rel}","templated":true}]}}