{"id":58175,"date":"2025-11-29T16:05:28","date_gmt":"2025-11-29T16:05:28","guid":{"rendered":"https:\/\/senabel.com\/?post_type=product&#038;p=58175"},"modified":"2026-02-28T12:56:32","modified_gmt":"2026-02-28T12:56:32","slug":"guldhjarta-lada","status":"publish","type":"product","link":"https:\/\/senabel.com\/sv\/product\/gold-heart-box\/","title":{"rendered":"LEE Premium chokladask \u2013 Guldhj\u00e4rtasask"},"content":{"rendered":"<p data-start=\"0\" data-end=\"110\"><strong data-start=\"0\" data-end=\"110\">LEE Premium chokladask \u2013 Guldhj\u00e4rtasask<br data-start=\"44\" data-end=\"47\" \/>Mj\u00f6lkchoklad fylld med chokladkr\u00e4m<br \/>\n<\/strong><\/p>\n<p data-start=\"112\" data-end=\"282\">En elegant presentf\u00f6rpackning med en lyxig guldrosett, inneh\u00e5llande LEE:s signaturchoklad. Mjuk guldf\u00f6rpackning p\u00e5 utsidan, kr\u00e4mig chokladfyllning p\u00e5 insidan f\u00f6r en rik och lyxig smak.<\/p>\n<p data-start=\"284\" data-end=\"298\"><strong data-start=\"284\" data-end=\"296\">Funktioner<\/strong><\/p>\n<ul data-start=\"299\" data-end=\"491\">\n<li data-start=\"299\" data-end=\"344\">\n<p data-start=\"301\" data-end=\"344\">Mjuk mj\u00f6lkchoklad med en lyxig chokladfyllning<\/p>\n<\/li>\n<li data-start=\"345\" data-end=\"389\">\n<p data-start=\"347\" data-end=\"389\">Elegant guldf\u00f6rpackning som passar f\u00f6r presenter och speciella tillf\u00e4llen<\/p>\n<\/li>\n<li data-start=\"390\" data-end=\"447\">\n<p data-start=\"392\" data-end=\"447\">Perfekt f\u00f6r hotell- och restaurangbranschen, br\u00f6llop, distribution och speciella tillf\u00e4llen<\/p>\n<\/li>\n<li data-start=\"448\" data-end=\"491\">\n<p data-start=\"450\" data-end=\"491\">Passar f\u00f6r dig som gillar rika smaker och kr\u00e4miga konsistenser.<\/p>\n<\/li>\n<\/ul>\n<p data-start=\"493\" data-end=\"512\"><strong data-start=\"493\" data-end=\"510\">Produktinformation<\/strong><\/p>\n<ul data-start=\"513\" data-end=\"640\">\n<li data-start=\"513\" data-end=\"536\">\n<p data-start=\"515\" data-end=\"536\">Vikt: 500g<\/p>\n<\/li>\n<li data-start=\"537\" data-end=\"585\">\n<p data-start=\"539\" data-end=\"585\">Typ: Mj\u00f6lkchoklad fylld med chokladkr\u00e4m<\/p>\n<\/li>\n<li data-start=\"586\" data-end=\"611\">\n<p data-start=\"588\" data-end=\"611\">Varum\u00e4rke: LEE<\/p>\n<\/li>\n<li data-start=\"612\" data-end=\"640\">\n<p data-start=\"614\" data-end=\"640\">Ursprungsland: F\u00f6renade Arabemiraten \u2013 Dubai<\/p>\n<\/li>\n<\/ul>\n<p data-start=\"642\" data-end=\"748\"><strong data-start=\"642\" data-end=\"653\">F\u00f6rvaring<\/strong><br data-start=\"653\" data-end=\"656\" \/>F\u00f6rvara p\u00e5 en sval, torr plats vid en temperatur p\u00e5 <strong data-start=\"685\" data-end=\"696\">15\u201322 \u00b0C<\/strong> F\u00f6rvara p\u00e5 en sval och torr plats f\u00f6r att bevara konsistens och smak.<\/p>","protected":false},"excerpt":{"rendered":"<p>En elegant presentf\u00f6rpackning med en lyxig guldrosett, inneh\u00e5llande LEE:s signaturchoklad. Mjuk guldf\u00f6rpackning p\u00e5 utsidan, kr\u00e4mig chokladfyllning p\u00e5 insidan f\u00f6r en rik och lyxig smak.<\/p>","protected":false},"featured_media":58176,"template":"","meta":[],"product_brand":[],"product_cat":[297],"product_tag":[],"class_list":{"0":"post-58175","1":"product","2":"type-product","3":"status-publish","4":"has-post-thumbnail","6":"product_cat-297","8":"first","9":"instock","10":"taxable","11":"shipping-taxable","12":"purchasable","13":"product-type-simple"},"_links":{"self":[{"href":"https:\/\/senabel.com\/sv\/wp-json\/wp\/v2\/product\/58175","targetHints":{"allow":["GET"]}}],"collection":[{"href":"https:\/\/senabel.com\/sv\/wp-json\/wp\/v2\/product"}],"about":[{"href":"https:\/\/senabel.com\/sv\/wp-json\/wp\/v2\/types\/product"}],"version-history":[{"count":3,"href":"https:\/\/senabel.com\/sv\/wp-json\/wp\/v2\/product\/58175\/revisions"}],"predecessor-version":[{"id":61603,"href":"https:\/\/senabel.com\/sv\/wp-json\/wp\/v2\/product\/58175\/revisions\/61603"}],"wp:featuredmedia":[{"embeddable":true,"href":"https:\/\/senabel.com\/sv\/wp-json\/wp\/v2\/media\/58176"}],"wp:attachment":[{"href":"https:\/\/senabel.com\/sv\/wp-json\/wp\/v2\/media?parent=58175"}],"wp:term":[{"taxonomy":"product_brand","embeddable":true,"href":"https:\/\/senabel.com\/sv\/wp-json\/wp\/v2\/product_brand?post=58175"},{"taxonomy":"product_cat","embeddable":true,"href":"https:\/\/senabel.com\/sv\/wp-json\/wp\/v2\/product_cat?post=58175"},{"taxonomy":"product_tag","embeddable":true,"href":"https:\/\/senabel.com\/sv\/wp-json\/wp\/v2\/product_tag?post=58175"}],"curies":[{"name":"wp","href":"https:\/\/api.w.org\/{rel}","templated":true}]}}