{"id":58170,"date":"2025-11-29T16:03:05","date_gmt":"2025-11-29T16:03:05","guid":{"rendered":"https:\/\/senabel.com\/?post_type=product&#038;p=58170"},"modified":"2026-03-31T12:53:27","modified_gmt":"2026-03-31T12:53:27","slug":"drombox-for-pojkbarn","status":"publish","type":"product","link":"https:\/\/senabel.com\/sv\/product\/baby-boy-dream-box\/","title":{"rendered":"Babypresentl\u00e5da \u2013 Pojke LEE Premiumchoklad"},"content":{"rendered":"<p data-start=\"0\" data-end=\"98\"><strong data-start=\"0\" data-end=\"98\">Presentl\u00e5da f\u00f6r nyf\u00f6dda \u2013 pojke<br data-start=\"26\" data-end=\"29\" \/>LEE Premiumchoklad med mj\u00f6lk och krossade hasseln\u00f6tter<br data-start=\"72\" data-end=\"75\" \/>Befintligt pris per styck<br \/>\n<\/strong><\/p>\n<p data-start=\"100\" data-end=\"288\">En f\u00f6rtjusande bl\u00e5 presentask designad f\u00f6r att v\u00e4lkomna en nyf\u00f6dd bebis, med ett mjukt motiv av en bebis som sover p\u00e5 ett moln. Inuti finns premiumchoklad fr\u00e5n LEE fylld med krossade hasseln\u00f6tter, redo att serveras eller delas ut vid evenemang.<\/p>\n<p data-start=\"290\" data-end=\"304\"><strong data-start=\"290\" data-end=\"302\">Funktioner<\/strong><\/p>\n<ul data-start=\"305\" data-end=\"489\">\n<li data-start=\"305\" data-end=\"341\">\n<p data-start=\"307\" data-end=\"341\">L\u00e4cker mj\u00f6lkchoklad med krossade hasseln\u00f6tter<\/p>\n<\/li>\n<li data-start=\"342\" data-end=\"393\">\n<p data-start=\"344\" data-end=\"393\">En unik l\u00e5da med Baby Boy-design, perfekt f\u00f6r en nyf\u00f6dd bebis.<\/p>\n<\/li>\n<li data-start=\"394\" data-end=\"453\">\n<p data-start=\"396\" data-end=\"453\">L\u00e4mplig f\u00f6r hotell- och restaurangbranschen, baby showers, baby showers och evenemangsg\u00e5vor.<\/p>\n<\/li>\n<li data-start=\"454\" data-end=\"489\">\n<p data-start=\"456\" data-end=\"489\">Den eleganta f\u00f6rpackningen g\u00f6r den l\u00e4tt att ge bort som en f\u00e4rdig present.<\/p>\n<\/li>\n<\/ul>\n<p data-start=\"491\" data-end=\"510\"><strong data-start=\"491\" data-end=\"508\">Produktinformation<\/strong><\/p>\n<ul data-start=\"511\" data-end=\"618\">\n<li data-start=\"511\" data-end=\"534\">\n<p data-start=\"513\" data-end=\"534\">Antal: Pris per styck<\/p>\n<\/li>\n<li data-start=\"535\" data-end=\"572\">\n<p data-start=\"537\" data-end=\"572\">Typ: Mj\u00f6lkchoklad med krossade hasseln\u00f6tter<\/p>\n<\/li>\n<li data-start=\"573\" data-end=\"589\">\n<p data-start=\"575\" data-end=\"589\">Varum\u00e4rke: LEE<\/p>\n<\/li>\n<li data-start=\"590\" data-end=\"618\">\n<p data-start=\"592\" data-end=\"618\">Ursprungsland: F\u00f6renade Arabemiraten \u2013 Dubai<\/p>\n<\/li>\n<\/ul>\n<p data-start=\"620\" data-end=\"706\"><strong data-start=\"620\" data-end=\"631\">F\u00f6rvaring<\/strong><br data-start=\"631\" data-end=\"634\" \/>F\u00f6rvara p\u00e5 en sval, torr plats vid en temperatur p\u00e5 <strong data-start=\"663\" data-end=\"674\">15\u201322 \u00b0C<\/strong>, skyddat fr\u00e5n solljus och fukt.<\/p>","protected":false},"excerpt":{"rendered":"<p>En f\u00f6rtjusande bl\u00e5 presentask designad f\u00f6r att v\u00e4lkomna en nyf\u00f6dd bebis, med ett mjukt motiv av en bebis som sover p\u00e5 ett moln. Inuti finns premiumchoklad fr\u00e5n LEE fylld med krossade hasseln\u00f6tter, redo att serveras eller delas ut vid evenemang.<\/p>","protected":false},"featured_media":58171,"template":"","meta":[],"product_brand":[],"product_cat":[297],"product_tag":[],"class_list":{"0":"post-58170","1":"product","2":"type-product","3":"status-publish","4":"has-post-thumbnail","6":"product_cat-297","8":"first","9":"instock","10":"taxable","11":"shipping-taxable","12":"purchasable","13":"product-type-simple"},"_links":{"self":[{"href":"https:\/\/senabel.com\/sv\/wp-json\/wp\/v2\/product\/58170","targetHints":{"allow":["GET"]}}],"collection":[{"href":"https:\/\/senabel.com\/sv\/wp-json\/wp\/v2\/product"}],"about":[{"href":"https:\/\/senabel.com\/sv\/wp-json\/wp\/v2\/types\/product"}],"version-history":[{"count":3,"href":"https:\/\/senabel.com\/sv\/wp-json\/wp\/v2\/product\/58170\/revisions"}],"predecessor-version":[{"id":59348,"href":"https:\/\/senabel.com\/sv\/wp-json\/wp\/v2\/product\/58170\/revisions\/59348"}],"wp:featuredmedia":[{"embeddable":true,"href":"https:\/\/senabel.com\/sv\/wp-json\/wp\/v2\/media\/58171"}],"wp:attachment":[{"href":"https:\/\/senabel.com\/sv\/wp-json\/wp\/v2\/media?parent=58170"}],"wp:term":[{"taxonomy":"product_brand","embeddable":true,"href":"https:\/\/senabel.com\/sv\/wp-json\/wp\/v2\/product_brand?post=58170"},{"taxonomy":"product_cat","embeddable":true,"href":"https:\/\/senabel.com\/sv\/wp-json\/wp\/v2\/product_cat?post=58170"},{"taxonomy":"product_tag","embeddable":true,"href":"https:\/\/senabel.com\/sv\/wp-json\/wp\/v2\/product_tag?post=58170"}],"curies":[{"name":"wp","href":"https:\/\/api.w.org\/{rel}","templated":true}]}}