{"id":58161,"date":"2025-11-29T16:04:08","date_gmt":"2025-11-29T16:04:08","guid":{"rendered":"https:\/\/senabel.com\/?post_type=product&#038;p=58161"},"modified":"2026-03-15T13:32:54","modified_gmt":"2026-03-15T13:32:54","slug":"lee-oz-box","status":"publish","type":"product","link":"https:\/\/senabel.com\/sv\/product\/lee-oz-box\/","title":{"rendered":"Choklad f\u00f6r mig \u2013 silverbarrformad"},"content":{"rendered":"<p data-start=\"0\" data-end=\"103\"><strong data-start=\"0\" data-end=\"103\">Choklad f\u00f6r mig \u2013 silverbarrformad<\/strong><\/p>\n<p data-start=\"0\" data-end=\"103\"><strong data-start=\"0\" data-end=\"103\">Mj\u00f6lkchokladbollar fyllda med lyxig pralinakr\u00e4m<br \/>\n<\/strong><\/p>\n<p data-start=\"105\" data-end=\"265\">Uts\u00f6kt choklad i form av den ber\u00f6mda guldtackan, fylld med mjuk och fyllig pralinakr\u00e4m, med balanserade smaker som ger dig en lyxig upplevelse med varje tugga. En bit r\u00e4cker f\u00f6r att ge dig en k\u00e4nsla av lyx.<\/p>\n<p data-start=\"267\" data-end=\"281\"><strong data-start=\"267\" data-end=\"279\">Funktioner<\/strong><\/p>\n<ul data-start=\"282\" data-end=\"443\">\n<li data-start=\"282\" data-end=\"312\">\n<p data-start=\"284\" data-end=\"312\">H\u00f6gkvalitativ mj\u00f6lkchoklad<\/p>\n<\/li>\n<li data-start=\"313\" data-end=\"350\">\n<p data-start=\"315\" data-end=\"350\">Rik och koncentrerad pralinakr\u00e4mfyllning<\/p>\n<\/li>\n<li data-start=\"351\" data-end=\"401\">\n<p data-start=\"353\" data-end=\"401\">Levereras i snygg f\u00f6rpackning och passar utm\u00e4rkt f\u00f6r hotell- och restaurangbranschen samt som present.<\/p>\n<\/li>\n<li data-start=\"402\" data-end=\"443\">\n<p data-start=\"404\" data-end=\"443\">Guldlisterna ger den en lyxig och distinkt touch.<\/p>\n<\/li>\n<\/ul>\n<p data-start=\"445\" data-end=\"464\"><strong data-start=\"445\" data-end=\"462\">Produktinformation<\/strong><\/p>\n<ul data-start=\"465\" data-end=\"583\">\n<li data-start=\"465\" data-end=\"499\">\n<p data-start=\"467\" data-end=\"499\">Tillg\u00e4ngliga vikter: 500g<\/p>\n<\/li>\n<li data-start=\"500\" data-end=\"537\">\n<p data-start=\"502\" data-end=\"537\">Kategori: Mj\u00f6lkchoklad fylld med pralin\u00e9<\/p>\n<\/li>\n<li data-start=\"538\" data-end=\"554\">\n<p data-start=\"540\" data-end=\"554\">Varum\u00e4rke: LEE<\/p>\n<\/li>\n<li data-start=\"555\" data-end=\"583\">\n<p data-start=\"557\" data-end=\"583\">Ursprungsland: F\u00f6renade Arabemiraten \u2013 Dubai<\/p>\n<\/li>\n<\/ul>\n<p data-start=\"585\" data-end=\"700\"><strong data-start=\"585\" data-end=\"596\">F\u00f6rvaring<\/strong><br data-start=\"596\" data-end=\"599\" \/>F\u00f6rvara p\u00e5 en sval, torr plats vid en temperatur p\u00e5 <strong data-start=\"628\" data-end=\"639\">15\u201322 \u00b0C<\/strong>, undvik direkt solljus och fukt f\u00f6r att bevara smak och konsistens.<\/p>","protected":false},"excerpt":{"rendered":"<p>Uts\u00f6kt choklad i form av den ber\u00f6mda guldtackan, fylld med mjuk och fyllig pralinakr\u00e4m, med balanserade smaker som ger dig en lyxig upplevelse med varje tugga. En bit r\u00e4cker f\u00f6r att ge dig en k\u00e4nsla av lyx.<\/p>","protected":false},"featured_media":58163,"template":"","meta":[],"product_brand":[],"product_cat":[297],"product_tag":[],"class_list":{"0":"post-58161","1":"product","2":"type-product","3":"status-publish","4":"has-post-thumbnail","6":"product_cat-297","8":"first","9":"instock","10":"taxable","11":"shipping-taxable","12":"purchasable","13":"product-type-simple"},"_links":{"self":[{"href":"https:\/\/senabel.com\/sv\/wp-json\/wp\/v2\/product\/58161","targetHints":{"allow":["GET"]}}],"collection":[{"href":"https:\/\/senabel.com\/sv\/wp-json\/wp\/v2\/product"}],"about":[{"href":"https:\/\/senabel.com\/sv\/wp-json\/wp\/v2\/types\/product"}],"version-history":[{"count":5,"href":"https:\/\/senabel.com\/sv\/wp-json\/wp\/v2\/product\/58161\/revisions"}],"predecessor-version":[{"id":61627,"href":"https:\/\/senabel.com\/sv\/wp-json\/wp\/v2\/product\/58161\/revisions\/61627"}],"wp:featuredmedia":[{"embeddable":true,"href":"https:\/\/senabel.com\/sv\/wp-json\/wp\/v2\/media\/58163"}],"wp:attachment":[{"href":"https:\/\/senabel.com\/sv\/wp-json\/wp\/v2\/media?parent=58161"}],"wp:term":[{"taxonomy":"product_brand","embeddable":true,"href":"https:\/\/senabel.com\/sv\/wp-json\/wp\/v2\/product_brand?post=58161"},{"taxonomy":"product_cat","embeddable":true,"href":"https:\/\/senabel.com\/sv\/wp-json\/wp\/v2\/product_cat?post=58161"},{"taxonomy":"product_tag","embeddable":true,"href":"https:\/\/senabel.com\/sv\/wp-json\/wp\/v2\/product_tag?post=58161"}],"curies":[{"name":"wp","href":"https:\/\/api.w.org\/{rel}","templated":true}]}}