{"id":58146,"date":"2025-11-29T16:05:15","date_gmt":"2025-11-29T16:05:15","guid":{"rendered":"https:\/\/senabel.com\/?post_type=product&#038;p=58146"},"modified":"2026-04-03T19:13:51","modified_gmt":"2026-04-03T19:13:51","slug":"chokladguld-4080-mm","status":"publish","type":"product","link":"https:\/\/senabel.com\/sv\/product\/chocolate-gold4080mm\/","title":{"rendered":"LEE Chokladkaka \u2013 Guld (40\u00d780 mm)"},"content":{"rendered":"<p data-start=\"58\" data-end=\"222\">En chokladkaka med elegant guldf\u00f6rpackning som ger en lyxig touch till alla tillf\u00e4llen. Den har en mjuk chokladsmak och \u00e4r tillverkad med h\u00f6g kvalitet, vilket g\u00f6r den l\u00e4mplig f\u00f6r g\u00e4stfrihet, presentpaket och evenemangsg\u00e5vor.<\/p>\n<p data-start=\"224\" data-end=\"238\"><strong data-start=\"224\" data-end=\"236\">Funktioner<\/strong><\/p>\n<ul data-start=\"239\" data-end=\"385\">\n<li data-start=\"239\" data-end=\"269\">\n<p data-start=\"241\" data-end=\"269\">Mjuk choklad med en balanserad smak<\/p>\n<\/li>\n<li data-start=\"270\" data-end=\"301\">\n<p data-start=\"272\" data-end=\"301\">Lyxig guldf\u00f6rpackning med elegant m\u00f6nster<\/p>\n<\/li>\n<li data-start=\"302\" data-end=\"349\">\n<p data-start=\"304\" data-end=\"349\">Liten storlek, perfekt f\u00f6r servering eller fest: 40\u00d780 mm<\/p>\n<\/li>\n<li data-start=\"350\" data-end=\"385\">\n<p data-start=\"352\" data-end=\"385\">L\u00e4mplig f\u00f6r tillf\u00e4llen, fester och presenter<\/p>\n<\/li>\n<\/ul>\n<p data-start=\"387\" data-end=\"406\"><strong data-start=\"387\" data-end=\"404\">Produktinformation<\/strong><\/p>\n<ul data-start=\"407\" data-end=\"510\">\n<li data-start=\"407\" data-end=\"422\">\n<p data-start=\"409\" data-end=\"422\">Vikt: 500g<\/p>\n<\/li>\n<li data-start=\"423\" data-end=\"466\">\n<p data-start=\"425\" data-end=\"466\">Typ: Sm\u00e5 chokladkakor med guldf\u00f6rpackning<\/p>\n<\/li>\n<li data-start=\"467\" data-end=\"510\">\n<p data-start=\"469\" data-end=\"510\">Tillverkningsland: F\u00f6renade Arabemiraten \u2013 Dubai<\/p>\n<\/li>\n<\/ul>\n<p data-start=\"512\" data-end=\"632\"><strong data-start=\"512\" data-end=\"523\">F\u00f6rvaring<\/strong><br data-start=\"523\" data-end=\"526\" \/>F\u00f6rvara p\u00e5 en sval, torr plats vid en temperatur mellan 15 \u00b0C och 22 \u00b0C, undvik solljus och fukt f\u00f6r att bevara chokladens kvalitet och konsistens.<\/p>","protected":false},"excerpt":{"rendered":"<p>En chokladkaka med elegant guldf\u00f6rpackning som ger en lyxig touch till alla tillf\u00e4llen. Den har en mjuk chokladsmak och \u00e4r tillverkad med h\u00f6g kvalitet, vilket g\u00f6r den l\u00e4mplig f\u00f6r g\u00e4stfrihet, presentpaket och evenemangsg\u00e5vor.<\/p>","protected":false},"featured_media":58147,"template":"","meta":[],"product_brand":[],"product_cat":[297],"product_tag":[],"class_list":{"0":"post-58146","1":"product","2":"type-product","3":"status-publish","4":"has-post-thumbnail","6":"product_cat-297","8":"first","9":"instock","10":"taxable","11":"shipping-taxable","12":"purchasable","13":"product-type-simple"},"_links":{"self":[{"href":"https:\/\/senabel.com\/sv\/wp-json\/wp\/v2\/product\/58146","targetHints":{"allow":["GET"]}}],"collection":[{"href":"https:\/\/senabel.com\/sv\/wp-json\/wp\/v2\/product"}],"about":[{"href":"https:\/\/senabel.com\/sv\/wp-json\/wp\/v2\/types\/product"}],"version-history":[{"count":5,"href":"https:\/\/senabel.com\/sv\/wp-json\/wp\/v2\/product\/58146\/revisions"}],"predecessor-version":[{"id":63260,"href":"https:\/\/senabel.com\/sv\/wp-json\/wp\/v2\/product\/58146\/revisions\/63260"}],"wp:featuredmedia":[{"embeddable":true,"href":"https:\/\/senabel.com\/sv\/wp-json\/wp\/v2\/media\/58147"}],"wp:attachment":[{"href":"https:\/\/senabel.com\/sv\/wp-json\/wp\/v2\/media?parent=58146"}],"wp:term":[{"taxonomy":"product_brand","embeddable":true,"href":"https:\/\/senabel.com\/sv\/wp-json\/wp\/v2\/product_brand?post=58146"},{"taxonomy":"product_cat","embeddable":true,"href":"https:\/\/senabel.com\/sv\/wp-json\/wp\/v2\/product_cat?post=58146"},{"taxonomy":"product_tag","embeddable":true,"href":"https:\/\/senabel.com\/sv\/wp-json\/wp\/v2\/product_tag?post=58146"}],"curies":[{"name":"wp","href":"https:\/\/api.w.org\/{rel}","templated":true}]}}