{"id":58143,"date":"2025-11-29T16:04:51","date_gmt":"2025-11-29T16:04:51","guid":{"rendered":"https:\/\/senabel.com\/?post_type=product&#038;p=58143"},"modified":"2026-03-31T12:49:12","modified_gmt":"2026-03-31T12:49:12","slug":"lee-chokladplatta-silver-4080-mm","status":"publish","type":"product","link":"https:\/\/senabel.com\/sv\/product\/lee-chocolate-plate-silver-4080mm\/","title":{"rendered":"LEE Silver chokladkaka \u2013 (40\u00d780 mm)"},"content":{"rendered":"<p data-start=\"46\" data-end=\"232\">En elegant chokladkaka fr\u00e5n m\u00e4rket <strong data-start=\"73\" data-end=\"80\">LEE<\/strong> Med sin lyxiga silverf\u00f6rpackning \u00e4r den idealisk f\u00f6r anv\u00e4ndning inom hotell- och restaurangbranschen, i marknadsf\u00f6ringssyfte eller som en enkel present med ett sofistikerat utseende. Den har en mjuk chokladsmak och \u00e4r tillverkad med h\u00f6g kvalitet f\u00f6r att passa alla smaker.<\/p>\n<p data-start=\"234\" data-end=\"248\"><strong data-start=\"234\" data-end=\"246\">Funktioner<\/strong><\/p>\n<ul data-start=\"249\" data-end=\"399\">\n<li data-start=\"249\" data-end=\"285\">\n<p data-start=\"251\" data-end=\"285\">H\u00f6gkvalitativ choklad med en mjuk konsistens<\/p>\n<\/li>\n<li data-start=\"286\" data-end=\"317\">\n<p data-start=\"288\" data-end=\"317\">L\u00e4mplig serveringsstorlek: 40\u00d780 mm<\/p>\n<\/li>\n<li data-start=\"318\" data-end=\"355\">\n<p data-start=\"320\" data-end=\"355\">Lyxig silverf\u00f6rpackning ger ett elegant utseende<\/p>\n<\/li>\n<li data-start=\"356\" data-end=\"399\">\n<p data-start=\"358\" data-end=\"399\">L\u00e4mplig f\u00f6r hotell- och restaurangbranschen, evenemang och presentinslagning<\/p>\n<\/li>\n<\/ul>\n<p data-start=\"401\" data-end=\"420\"><strong data-start=\"401\" data-end=\"418\">Produktinformation<\/strong><\/p>\n<ul data-start=\"421\" data-end=\"509\">\n<li data-start=\"421\" data-end=\"436\">\n<p data-start=\"423\" data-end=\"436\">Vikt: 500g<\/p>\n<\/li>\n<li data-start=\"437\" data-end=\"468\">\n<p data-start=\"439\" data-end=\"468\">Typ: Sm\u00e5 chokladkakor<\/p>\n<\/li>\n<li data-start=\"469\" data-end=\"509\">\n<p data-start=\"471\" data-end=\"509\">Ursprung: Dubai \u2013 F\u00f6renade Arabemiraten<\/p>\n<\/li>\n<\/ul>\n<p data-start=\"511\" data-end=\"623\"><strong data-start=\"511\" data-end=\"522\">F\u00f6rvaring<\/strong><br data-start=\"522\" data-end=\"525\" \/>F\u00f6rvara p\u00e5 en sval, torr plats vid en temperatur mellan 15 \u00b0C och 22 \u00b0C, skyddad fr\u00e5n solljus och fukt f\u00f6r att bevara smak och konsistens.<\/p>","protected":false},"excerpt":{"rendered":"<p>En elegant chokladkaka fr\u00e5n m\u00e4rket <strong data-start=\"73\" data-end=\"80\">LEE<\/strong> Med sin lyxiga silverf\u00f6rpackning \u00e4r den idealisk f\u00f6r anv\u00e4ndning inom hotell- och restaurangbranschen, i marknadsf\u00f6ringssyfte eller som en enkel present med ett sofistikerat utseende. Den har en mjuk chokladsmak och \u00e4r tillverkad med h\u00f6g kvalitet f\u00f6r att passa alla smaker.<\/p>","protected":false},"featured_media":58144,"template":"","meta":[],"product_brand":[],"product_cat":[297],"product_tag":[],"class_list":{"0":"post-58143","1":"product","2":"type-product","3":"status-publish","4":"has-post-thumbnail","6":"product_cat-297","8":"first","9":"instock","10":"taxable","11":"shipping-taxable","12":"purchasable","13":"product-type-simple"},"_links":{"self":[{"href":"https:\/\/senabel.com\/sv\/wp-json\/wp\/v2\/product\/58143","targetHints":{"allow":["GET"]}}],"collection":[{"href":"https:\/\/senabel.com\/sv\/wp-json\/wp\/v2\/product"}],"about":[{"href":"https:\/\/senabel.com\/sv\/wp-json\/wp\/v2\/types\/product"}],"version-history":[{"count":4,"href":"https:\/\/senabel.com\/sv\/wp-json\/wp\/v2\/product\/58143\/revisions"}],"predecessor-version":[{"id":61614,"href":"https:\/\/senabel.com\/sv\/wp-json\/wp\/v2\/product\/58143\/revisions\/61614"}],"wp:featuredmedia":[{"embeddable":true,"href":"https:\/\/senabel.com\/sv\/wp-json\/wp\/v2\/media\/58144"}],"wp:attachment":[{"href":"https:\/\/senabel.com\/sv\/wp-json\/wp\/v2\/media?parent=58143"}],"wp:term":[{"taxonomy":"product_brand","embeddable":true,"href":"https:\/\/senabel.com\/sv\/wp-json\/wp\/v2\/product_brand?post=58143"},{"taxonomy":"product_cat","embeddable":true,"href":"https:\/\/senabel.com\/sv\/wp-json\/wp\/v2\/product_cat?post=58143"},{"taxonomy":"product_tag","embeddable":true,"href":"https:\/\/senabel.com\/sv\/wp-json\/wp\/v2\/product_tag?post=58143"}],"curies":[{"name":"wp","href":"https:\/\/api.w.org\/{rel}","templated":true}]}}