{"id":58133,"date":"2025-11-29T16:04:42","date_gmt":"2025-11-29T16:04:42","guid":{"rendered":"https:\/\/senabel.com\/?post_type=product&#038;p=58133"},"modified":"2026-04-19T18:05:56","modified_gmt":"2026-04-19T18:05:56","slug":"glad-choklad","status":"publish","type":"product","link":"https:\/\/senabel.com\/sv\/product\/choco-joyeux\/","title":{"rendered":"LEE choklad med knaprig fyllning"},"content":{"rendered":"<p data-start=\"42\" data-end=\"232\">En sofistikerad chokladbit som kombinerar ett lager mj\u00f6lkchoklad med en rik pralinfyllning och krispiga vaniljkakbitar. Den mjuka insidan och den l\u00e4tta krispigheten skapar en balanserad och njutbar smak f\u00f6r alla choklad\u00e4lskare.<\/p>\n<p data-start=\"234\" data-end=\"248\"><strong data-start=\"234\" data-end=\"246\">Funktioner<\/strong><\/p>\n<ul data-start=\"249\" data-end=\"390\">\n<li data-start=\"249\" data-end=\"279\">\n<p data-start=\"251\" data-end=\"279\">Mjuk och l\u00e4cker mj\u00f6lkchoklad<\/p>\n<\/li>\n<li data-start=\"280\" data-end=\"308\">\n<p data-start=\"282\" data-end=\"308\">Smakrik pralinfyllning<\/p>\n<\/li>\n<li data-start=\"309\" data-end=\"353\">\n<p data-start=\"311\" data-end=\"353\">Krispiga vaniljkakor ger balans och en distinkt smak.<\/p>\n<\/li>\n<li data-start=\"354\" data-end=\"390\">\n<p data-start=\"356\" data-end=\"390\">L\u00e4mplig f\u00f6r hotell- och restaurangbranschen, presenter och evenemang<\/p>\n<\/li>\n<\/ul>\n<p data-start=\"392\" data-end=\"411\"><strong data-start=\"392\" data-end=\"409\">Produktinformation<\/strong><\/p>\n<ul data-start=\"412\" data-end=\"530\">\n<li data-start=\"412\" data-end=\"427\">\n<p data-start=\"414\" data-end=\"427\">Vikt: 500g<\/p>\n<\/li>\n<li data-start=\"428\" data-end=\"489\">\n<p data-start=\"430\" data-end=\"489\">Typ: Mj\u00f6lkchoklad fylld med pralin och krispig vaniljkaka<\/p>\n<\/li>\n<li data-start=\"490\" data-end=\"530\">\n<p data-start=\"492\" data-end=\"530\">Ursprung: Dubai \u2013 F\u00f6renade Arabemiraten<\/p>\n<\/li>\n<\/ul>\n<p data-start=\"532\" data-end=\"634\"><strong data-start=\"532\" data-end=\"543\">F\u00f6rvaring<\/strong><br data-start=\"543\" data-end=\"546\" \/>F\u00f6rvara p\u00e5 en sval, torr plats vid 15\u201322 \u00b0C, skyddad fr\u00e5n solljus och fukt f\u00f6r att bevara smak och konsistens.<\/p>","protected":false},"excerpt":{"rendered":"<p>En sofistikerad chokladbit som kombinerar ett lager mj\u00f6lkchoklad med en rik pralinfyllning och krispiga vaniljkakbitar. Den mjuka insidan och den l\u00e4tta krispigheten skapar en balanserad och njutbar smak f\u00f6r alla choklad\u00e4lskare.<\/p>","protected":false},"featured_media":58134,"template":"","meta":[],"product_brand":[],"product_cat":[297],"product_tag":[],"class_list":{"0":"post-58133","1":"product","2":"type-product","3":"status-publish","4":"has-post-thumbnail","6":"product_cat-297","8":"first","9":"instock","10":"taxable","11":"shipping-taxable","12":"purchasable","13":"product-type-simple"},"_links":{"self":[{"href":"https:\/\/senabel.com\/sv\/wp-json\/wp\/v2\/product\/58133","targetHints":{"allow":["GET"]}}],"collection":[{"href":"https:\/\/senabel.com\/sv\/wp-json\/wp\/v2\/product"}],"about":[{"href":"https:\/\/senabel.com\/sv\/wp-json\/wp\/v2\/types\/product"}],"version-history":[{"count":6,"href":"https:\/\/senabel.com\/sv\/wp-json\/wp\/v2\/product\/58133\/revisions"}],"predecessor-version":[{"id":63524,"href":"https:\/\/senabel.com\/sv\/wp-json\/wp\/v2\/product\/58133\/revisions\/63524"}],"wp:featuredmedia":[{"embeddable":true,"href":"https:\/\/senabel.com\/sv\/wp-json\/wp\/v2\/media\/58134"}],"wp:attachment":[{"href":"https:\/\/senabel.com\/sv\/wp-json\/wp\/v2\/media?parent=58133"}],"wp:term":[{"taxonomy":"product_brand","embeddable":true,"href":"https:\/\/senabel.com\/sv\/wp-json\/wp\/v2\/product_brand?post=58133"},{"taxonomy":"product_cat","embeddable":true,"href":"https:\/\/senabel.com\/sv\/wp-json\/wp\/v2\/product_cat?post=58133"},{"taxonomy":"product_tag","embeddable":true,"href":"https:\/\/senabel.com\/sv\/wp-json\/wp\/v2\/product_tag?post=58133"}],"curies":[{"name":"wp","href":"https:\/\/api.w.org\/{rel}","templated":true}]}}