{"id":58129,"date":"2025-11-29T16:04:40","date_gmt":"2025-11-29T16:04:40","guid":{"rendered":"https:\/\/senabel.com\/?post_type=product&#038;p=58129"},"modified":"2026-03-31T12:51:33","modified_gmt":"2026-03-31T12:51:33","slug":"mork-daddel-med-mandel","status":"publish","type":"product","link":"https:\/\/senabel.com\/sv\/product\/dark-date-with-almond\/","title":{"rendered":"LEE m\u00f6rk choklad fylld med dadlar och mandlar"},"content":{"rendered":"<p data-start=\"51\" data-end=\"236\">En lyxig upplevelse som kombinerar den rika smaken av m\u00f6rk choklad och den naturliga smaken av dadlar med en hel mandel i mitten. En balanserad blandning av s\u00f6tma och rostad smak skapar en distinkt delikatess som tillfredsst\u00e4ller gommen och \u00e4r perfekt f\u00f6r sofistikerad g\u00e4stfrihet.<\/p>\n<p data-start=\"238\" data-end=\"252\"><strong data-start=\"238\" data-end=\"250\">Funktioner<\/strong><\/p>\n<ul data-start=\"253\" data-end=\"397\">\n<li data-start=\"253\" data-end=\"283\">\n<p data-start=\"255\" data-end=\"283\">H\u00f6gkvalitativ m\u00f6rk choklad<\/p>\n<\/li>\n<li data-start=\"284\" data-end=\"317\">\n<p data-start=\"286\" data-end=\"317\">Naturlig dadelfyllning med hela mandlar<\/p>\n<\/li>\n<li data-start=\"318\" data-end=\"360\">\n<p data-start=\"320\" data-end=\"360\">En balanserad smak som kombinerar s\u00f6tma och krispighet<\/p>\n<\/li>\n<li data-start=\"361\" data-end=\"397\">\n<p data-start=\"363\" data-end=\"397\">Perfekt f\u00f6r presentationer, g\u00e5vor och evenemang<\/p>\n<\/li>\n<\/ul>\n<p data-start=\"399\" data-end=\"418\"><strong data-start=\"399\" data-end=\"416\">Produktinformation<\/strong><\/p>\n<ul data-start=\"419\" data-end=\"517\">\n<li data-start=\"419\" data-end=\"434\">\n<p data-start=\"421\" data-end=\"434\">Vikt: 500g<\/p>\n<\/li>\n<li data-start=\"435\" data-end=\"476\">\n<p data-start=\"437\" data-end=\"476\">Typ: M\u00f6rk choklad fylld med dadlar och mandlar<\/p>\n<\/li>\n<li data-start=\"477\" data-end=\"517\">\n<p data-start=\"479\" data-end=\"517\">Ursprung: Dubai \u2013 F\u00f6renade Arabemiraten<\/p>\n<\/li>\n<\/ul>\n<p data-start=\"519\" data-end=\"621\"><strong data-start=\"519\" data-end=\"530\">F\u00f6rvaring<\/strong><br data-start=\"530\" data-end=\"533\" \/>F\u00f6rvara p\u00e5 en sval, torr plats vid 15\u201322 \u00b0C, skyddad fr\u00e5n solljus och fukt f\u00f6r att bibeh\u00e5lla kvalitet och konsistens.<\/p>","protected":false},"excerpt":{"rendered":"<p>En lyxig upplevelse som kombinerar den rika smaken av m\u00f6rk choklad och den naturliga smaken av dadlar med en hel mandel i mitten. En balanserad blandning av s\u00f6tma och rostad smak skapar en distinkt delikatess som tillfredsst\u00e4ller gommen och \u00e4r perfekt f\u00f6r sofistikerad g\u00e4stfrihet.<\/p>","protected":false},"featured_media":58130,"template":"","meta":[],"product_brand":[],"product_cat":[297],"product_tag":[],"class_list":{"0":"post-58129","1":"product","2":"type-product","3":"status-publish","4":"has-post-thumbnail","6":"product_cat-297","8":"first","9":"instock","10":"taxable","11":"shipping-taxable","12":"purchasable","13":"product-type-simple"},"_links":{"self":[{"href":"https:\/\/senabel.com\/sv\/wp-json\/wp\/v2\/product\/58129","targetHints":{"allow":["GET"]}}],"collection":[{"href":"https:\/\/senabel.com\/sv\/wp-json\/wp\/v2\/product"}],"about":[{"href":"https:\/\/senabel.com\/sv\/wp-json\/wp\/v2\/types\/product"}],"version-history":[{"count":5,"href":"https:\/\/senabel.com\/sv\/wp-json\/wp\/v2\/product\/58129\/revisions"}],"predecessor-version":[{"id":63526,"href":"https:\/\/senabel.com\/sv\/wp-json\/wp\/v2\/product\/58129\/revisions\/63526"}],"wp:featuredmedia":[{"embeddable":true,"href":"https:\/\/senabel.com\/sv\/wp-json\/wp\/v2\/media\/58130"}],"wp:attachment":[{"href":"https:\/\/senabel.com\/sv\/wp-json\/wp\/v2\/media?parent=58129"}],"wp:term":[{"taxonomy":"product_brand","embeddable":true,"href":"https:\/\/senabel.com\/sv\/wp-json\/wp\/v2\/product_brand?post=58129"},{"taxonomy":"product_cat","embeddable":true,"href":"https:\/\/senabel.com\/sv\/wp-json\/wp\/v2\/product_cat?post=58129"},{"taxonomy":"product_tag","embeddable":true,"href":"https:\/\/senabel.com\/sv\/wp-json\/wp\/v2\/product_tag?post=58129"}],"curies":[{"name":"wp","href":"https:\/\/api.w.org\/{rel}","templated":true}]}}