{"id":58125,"date":"2025-11-29T16:04:34","date_gmt":"2025-11-29T16:04:34","guid":{"rendered":"https:\/\/senabel.com\/?post_type=product&#038;p=58125"},"modified":"2026-04-25T11:31:48","modified_gmt":"2026-04-25T11:31:48","slug":"pistaschmaamoul-med-choklad","status":"publish","type":"product","link":"https:\/\/senabel.com\/sv\/product\/maamoul-pistachio-lee-chocolate\/","title":{"rendered":"LEE choklad med pistagekr\u00e4mfyllning"},"content":{"rendered":"<p data-start=\"0\" data-end=\"54\"><strong data-start=\"0\" data-end=\"54\">LEE choklad med pistagekr\u00e4mfyllning \u2013 lyxig design\u00a0<\/strong><\/p>\n<p data-start=\"56\" data-end=\"235\">En unik chokladkaka med lyxig design som kombinerar lager av mjuk mj\u00f6lkchoklad med en kr\u00e4mig pistagefyllning med rik smak. Den balanserade smaken och mjuka konsistensen g\u00f6r den till det perfekta valet f\u00f6r \u00e4lskare av pistage och fin choklad.<\/p>\n<p data-start=\"237\" data-end=\"251\"><strong data-start=\"237\" data-end=\"249\">Funktioner<\/strong><\/p>\n<ul data-start=\"252\" data-end=\"408\">\n<li data-start=\"252\" data-end=\"289\">\n<p data-start=\"254\" data-end=\"289\">Premium mj\u00f6lkchoklad med distinkt design<\/p>\n<\/li>\n<li data-start=\"290\" data-end=\"325\">\n<p data-start=\"292\" data-end=\"325\">Kr\u00e4mig pistagefyllning med en rik, koncentrerad smak<\/p>\n<\/li>\n<li data-start=\"326\" data-end=\"362\">\n<p data-start=\"328\" data-end=\"362\">L\u00e4mplig f\u00f6r presentationer, representation och g\u00e5vor<\/p>\n<\/li>\n<li data-start=\"363\" data-end=\"408\">\n<p data-start=\"365\" data-end=\"408\">H\u00f6g kvalitet och j\u00e4mn smak fr\u00e5n det v\u00e4lk\u00e4nda varum\u00e4rket LEE.<\/p>\n<\/li>\n<\/ul>\n<p data-start=\"410\" data-end=\"429\"><strong data-start=\"410\" data-end=\"427\">Produktinformation<\/strong><\/p>\n<ul data-start=\"430\" data-end=\"524\">\n<li data-start=\"430\" data-end=\"445\">\n<p data-start=\"432\" data-end=\"445\">Vikt: 500g<\/p>\n<\/li>\n<li data-start=\"446\" data-end=\"483\">\n<p data-start=\"448\" data-end=\"483\">Typ: Choklad fylld med pistaschkr\u00e4m<\/p>\n<\/li>\n<li data-start=\"484\" data-end=\"524\">\n<p data-start=\"486\" data-end=\"524\">Ursprung: Dubai \u2013 F\u00f6renade Arabemiraten<\/p>\n<\/li>\n<\/ul>\n<p data-start=\"526\" data-end=\"633\"><strong data-start=\"526\" data-end=\"537\">F\u00f6rvaring<\/strong><br data-start=\"537\" data-end=\"540\" \/>F\u00f6rvara p\u00e5 en sval, torr plats vid 15\u201322 \u00b0C, skyddad fr\u00e5n solljus och fukt f\u00f6r att bevara konsistens och smak.<\/p>","protected":false},"excerpt":{"rendered":"<p>En unik chokladkaka med lyxig design som kombinerar lager av mjuk mj\u00f6lkchoklad med en kr\u00e4mig pistagefyllning med rik smak. Den balanserade smaken och mjuka konsistensen g\u00f6r den till det perfekta valet f\u00f6r \u00e4lskare av pistage och fin choklad.<\/p>","protected":false},"featured_media":58126,"template":"","meta":[],"product_brand":[],"product_cat":[297],"product_tag":[],"class_list":{"0":"post-58125","1":"product","2":"type-product","3":"status-publish","4":"has-post-thumbnail","6":"product_cat-297","8":"first","9":"instock","10":"taxable","11":"shipping-taxable","12":"purchasable","13":"product-type-simple"},"_links":{"self":[{"href":"https:\/\/senabel.com\/sv\/wp-json\/wp\/v2\/product\/58125","targetHints":{"allow":["GET"]}}],"collection":[{"href":"https:\/\/senabel.com\/sv\/wp-json\/wp\/v2\/product"}],"about":[{"href":"https:\/\/senabel.com\/sv\/wp-json\/wp\/v2\/types\/product"}],"version-history":[{"count":5,"href":"https:\/\/senabel.com\/sv\/wp-json\/wp\/v2\/product\/58125\/revisions"}],"predecessor-version":[{"id":61618,"href":"https:\/\/senabel.com\/sv\/wp-json\/wp\/v2\/product\/58125\/revisions\/61618"}],"wp:featuredmedia":[{"embeddable":true,"href":"https:\/\/senabel.com\/sv\/wp-json\/wp\/v2\/media\/58126"}],"wp:attachment":[{"href":"https:\/\/senabel.com\/sv\/wp-json\/wp\/v2\/media?parent=58125"}],"wp:term":[{"taxonomy":"product_brand","embeddable":true,"href":"https:\/\/senabel.com\/sv\/wp-json\/wp\/v2\/product_brand?post=58125"},{"taxonomy":"product_cat","embeddable":true,"href":"https:\/\/senabel.com\/sv\/wp-json\/wp\/v2\/product_cat?post=58125"},{"taxonomy":"product_tag","embeddable":true,"href":"https:\/\/senabel.com\/sv\/wp-json\/wp\/v2\/product_tag?post=58125"}],"curies":[{"name":"wp","href":"https:\/\/api.w.org\/{rel}","templated":true}]}}