{"id":58116,"date":"2025-11-29T16:04:27","date_gmt":"2025-11-29T16:04:27","guid":{"rendered":"https:\/\/senabel.com\/?post_type=product&#038;p=58116"},"modified":"2026-03-31T12:52:38","modified_gmt":"2026-03-31T12:52:38","slug":"klassisk-mjolk-med-krossade-hasselnotter","status":"publish","type":"product","link":"https:\/\/senabel.com\/sv\/product\/classico-milk-with-cracked-hazelnuts\/","title":{"rendered":"LEE Classico choklad med krossade hasseln\u00f6tter"},"content":{"rendered":"<p data-start=\"58\" data-end=\"265\">En lyxig choklad som kombinerar mj\u00f6lkchokladens mjukhet med smaken av rostade, krossade hasseln\u00f6tter, vilket ger en perfekt balans mellan krispig konsistens och rik smak. Ett perfekt val f\u00f6r choklad\u00e4lskare som gillar klassiska smaker och uppskattar h\u00f6gkvalitativa ingredienser och mjuk smak.<\/p>\n<p data-start=\"267\" data-end=\"281\"><strong data-start=\"267\" data-end=\"279\">Funktioner<\/strong><\/p>\n<ul data-start=\"282\" data-end=\"481\">\n<li data-start=\"282\" data-end=\"316\">\n<p data-start=\"284\" data-end=\"316\">Premium mj\u00f6lkchoklad tillverkad av LEE<\/p>\n<\/li>\n<li data-start=\"317\" data-end=\"379\">\n<p data-start=\"319\" data-end=\"379\">En rik blandning av krossade hasseln\u00f6tter med en perfekt balans mellan s\u00f6tma och krispighet.<\/p>\n<\/li>\n<li data-start=\"380\" data-end=\"429\">\n<p data-start=\"382\" data-end=\"429\">L\u00e4mplig f\u00f6r presentationer och representation eller som en enkel och elegant g\u00e5va.<\/p>\n<\/li>\n<li data-start=\"430\" data-end=\"481\">\n<p data-start=\"432\" data-end=\"481\">J\u00e4mn konsistens och smak tack vare h\u00f6gkvalitativ tillverkning<\/p>\n<\/li>\n<\/ul>\n<p data-start=\"483\" data-end=\"502\"><strong data-start=\"483\" data-end=\"500\">Produktinformation<\/strong><\/p>\n<ul data-start=\"503\" data-end=\"595\">\n<li data-start=\"503\" data-end=\"518\">\n<p data-start=\"505\" data-end=\"518\">Vikt: 500g<\/p>\n<\/li>\n<li data-start=\"519\" data-end=\"554\">\n<p data-start=\"521\" data-end=\"554\">Typ: Mj\u00f6lkchoklad med krossade hasseln\u00f6tter<\/p>\n<\/li>\n<li data-start=\"555\" data-end=\"595\">\n<p data-start=\"557\" data-end=\"595\">Ursprung: Dubai \u2013 F\u00f6renade Arabemiraten<\/p>\n<\/li>\n<\/ul>\n<p data-start=\"597\" data-end=\"702\"><strong data-start=\"597\" data-end=\"608\">F\u00f6rvaring<\/strong><br data-start=\"608\" data-end=\"611\" \/>F\u00f6rvara p\u00e5 en sval, torr plats mellan 15 \u00b0C och 22 \u00b0C, skyddad fr\u00e5n solljus och fukt f\u00f6r att bibeh\u00e5lla kvalitet och konsistens.<\/p>","protected":false},"excerpt":{"rendered":"<p>En lyxig choklad som kombinerar mj\u00f6lkchokladens mjukhet med smaken av rostade, krossade hasseln\u00f6tter, vilket ger en perfekt balans mellan krispig konsistens och rik smak. Ett perfekt val f\u00f6r choklad\u00e4lskare som gillar klassiska smaker och uppskattar h\u00f6gkvalitativa ingredienser och mjuk smak.<\/p>","protected":false},"featured_media":58118,"template":"","meta":[],"product_brand":[],"product_cat":[297],"product_tag":[],"class_list":{"0":"post-58116","1":"product","2":"type-product","3":"status-publish","4":"has-post-thumbnail","6":"product_cat-297","8":"first","9":"instock","10":"taxable","11":"shipping-taxable","12":"purchasable","13":"product-type-simple"},"_links":{"self":[{"href":"https:\/\/senabel.com\/sv\/wp-json\/wp\/v2\/product\/58116","targetHints":{"allow":["GET"]}}],"collection":[{"href":"https:\/\/senabel.com\/sv\/wp-json\/wp\/v2\/product"}],"about":[{"href":"https:\/\/senabel.com\/sv\/wp-json\/wp\/v2\/types\/product"}],"version-history":[{"count":8,"href":"https:\/\/senabel.com\/sv\/wp-json\/wp\/v2\/product\/58116\/revisions"}],"predecessor-version":[{"id":63527,"href":"https:\/\/senabel.com\/sv\/wp-json\/wp\/v2\/product\/58116\/revisions\/63527"}],"wp:featuredmedia":[{"embeddable":true,"href":"https:\/\/senabel.com\/sv\/wp-json\/wp\/v2\/media\/58118"}],"wp:attachment":[{"href":"https:\/\/senabel.com\/sv\/wp-json\/wp\/v2\/media?parent=58116"}],"wp:term":[{"taxonomy":"product_brand","embeddable":true,"href":"https:\/\/senabel.com\/sv\/wp-json\/wp\/v2\/product_brand?post=58116"},{"taxonomy":"product_cat","embeddable":true,"href":"https:\/\/senabel.com\/sv\/wp-json\/wp\/v2\/product_cat?post=58116"},{"taxonomy":"product_tag","embeddable":true,"href":"https:\/\/senabel.com\/sv\/wp-json\/wp\/v2\/product_tag?post=58116"}],"curies":[{"name":"wp","href":"https:\/\/api.w.org\/{rel}","templated":true}]}}