{"id":58113,"date":"2025-11-29T16:04:23","date_gmt":"2025-11-29T16:04:23","guid":{"rendered":"https:\/\/senabel.com\/?post_type=product&#038;p=58113"},"modified":"2026-03-31T12:52:57","modified_gmt":"2026-03-31T12:52:57","slug":"drombox-for-flickbebisar","status":"publish","type":"product","link":"https:\/\/senabel.com\/sv\/product\/baby-girl-dream-box\/","title":{"rendered":"LEE Chokladask \u2013 Baby Girl Design"},"content":{"rendered":"<p data-start=\"48\" data-end=\"250\">En elegant rosa ask, speciellt designad f\u00f6r att v\u00e4lkomna en nyf\u00f6dd flicka. Inneh\u00e5ller premiummj\u00f6lkchoklad fylld med krossade hasseln\u00f6tter, med harmoniska smaker och h\u00f6g kvalitet.<\/p>\n<p data-start=\"48\" data-end=\"250\"><strong>Befintligt pris per styck<\/strong><\/p>\n<p data-start=\"252\" data-end=\"266\"><strong data-start=\"252\" data-end=\"264\">Funktioner<\/strong><\/p>\n<ul data-start=\"267\" data-end=\"474\">\n<li data-start=\"267\" data-end=\"302\">\n<p data-start=\"269\" data-end=\"302\">Lyxig mj\u00f6lkchoklad med krossade hasseln\u00f6tter<\/p>\n<\/li>\n<li data-start=\"303\" data-end=\"344\">\n<p data-start=\"305\" data-end=\"344\">Vacker rosa inslagning som passar f\u00f6r att gratulera till f\u00f6delsen av en flicka.<\/p>\n<\/li>\n<li data-start=\"345\" data-end=\"421\">\n<p data-start=\"347\" data-end=\"421\">Ett perfekt val f\u00f6r g\u00e4stfrihet, f\u00f6delsedagspresenter, baby showers eller som en omt\u00e4nksam g\u00e5va.<\/p>\n<\/li>\n<li data-start=\"422\" data-end=\"474\">\n<p data-start=\"424\" data-end=\"474\">Snygg design med tryck <strong data-start=\"443\" data-end=\"458\">Det blev en flicka<\/strong> Och festliga detaljer<\/p>\n<\/li>\n<\/ul>\n<p data-start=\"476\" data-end=\"495\"><strong data-start=\"476\" data-end=\"493\">Produktinformation<\/strong><\/p>\n<ul data-start=\"496\" data-end=\"622\">\n<li data-start=\"496\" data-end=\"511\">\n<p data-start=\"498\" data-end=\"511\">Antal: Pris per styck<\/p>\n<\/li>\n<li data-start=\"512\" data-end=\"550\">\n<p data-start=\"514\" data-end=\"550\">Typ: Mj\u00f6lkchoklad med krossade hasseln\u00f6tter<\/p>\n<\/li>\n<li data-start=\"551\" data-end=\"622\">\n<p data-start=\"553\" data-end=\"622\">Anv\u00e4ndning: F\u00f6delsedagspresenter \u2013 Baby showers \u2013 G\u00e5vor \u2013 Dekorera festbord<\/p>\n<\/li>\n<\/ul>\n<p data-start=\"624\" data-end=\"723\"><strong data-start=\"624\" data-end=\"635\">F\u00f6rvaring<\/strong><br data-start=\"635\" data-end=\"638\" \/>F\u00f6rvara p\u00e5 en sval, torr plats mellan 15\u201322 \u00b0C, skyddad fr\u00e5n solljus och fukt f\u00f6r att bevara smak och konsistens.<\/p>\n<p data-start=\"725\" data-end=\"744\" data-is-last-node=\"\" data-is-only-node=\"\">Redo f\u00f6r alla nya produkter.<\/p>","protected":false},"excerpt":{"rendered":"<p>En elegant rosa ask, speciellt designad f\u00f6r att v\u00e4lkomna en nyf\u00f6dd flicka. Inneh\u00e5ller premiummj\u00f6lkchoklad fylld med krossade hasseln\u00f6tter, med harmoniska smaker och h\u00f6g kvalitet.<\/p>","protected":false},"featured_media":58114,"template":"","meta":[],"product_brand":[],"product_cat":[297],"product_tag":[],"class_list":{"0":"post-58113","1":"product","2":"type-product","3":"status-publish","4":"has-post-thumbnail","6":"product_cat-297","8":"first","9":"instock","10":"taxable","11":"shipping-taxable","12":"purchasable","13":"product-type-simple"},"_links":{"self":[{"href":"https:\/\/senabel.com\/sv\/wp-json\/wp\/v2\/product\/58113","targetHints":{"allow":["GET"]}}],"collection":[{"href":"https:\/\/senabel.com\/sv\/wp-json\/wp\/v2\/product"}],"about":[{"href":"https:\/\/senabel.com\/sv\/wp-json\/wp\/v2\/types\/product"}],"version-history":[{"count":5,"href":"https:\/\/senabel.com\/sv\/wp-json\/wp\/v2\/product\/58113\/revisions"}],"predecessor-version":[{"id":63528,"href":"https:\/\/senabel.com\/sv\/wp-json\/wp\/v2\/product\/58113\/revisions\/63528"}],"wp:featuredmedia":[{"embeddable":true,"href":"https:\/\/senabel.com\/sv\/wp-json\/wp\/v2\/media\/58114"}],"wp:attachment":[{"href":"https:\/\/senabel.com\/sv\/wp-json\/wp\/v2\/media?parent=58113"}],"wp:term":[{"taxonomy":"product_brand","embeddable":true,"href":"https:\/\/senabel.com\/sv\/wp-json\/wp\/v2\/product_brand?post=58113"},{"taxonomy":"product_cat","embeddable":true,"href":"https:\/\/senabel.com\/sv\/wp-json\/wp\/v2\/product_cat?post=58113"},{"taxonomy":"product_tag","embeddable":true,"href":"https:\/\/senabel.com\/sv\/wp-json\/wp\/v2\/product_tag?post=58113"}],"curies":[{"name":"wp","href":"https:\/\/api.w.org\/{rel}","templated":true}]}}