{"id":58094,"date":"2025-11-29T15:53:29","date_gmt":"2025-11-29T15:53:29","guid":{"rendered":"https:\/\/senabel.com\/?post_type=product&#038;p=58094"},"modified":"2026-03-31T15:35:05","modified_gmt":"2026-03-31T15:35:05","slug":"lee-choco-joie","status":"publish","type":"product","link":"https:\/\/senabel.com\/sv\/product\/lee-choco-joie\/","title":{"rendered":"Chocolate Le \u2013 JOIE med kaka- och gr\u00e4ddfyllning"},"content":{"rendered":"<p data-start=\"53\" data-end=\"243\">En exceptionell chokladupplevelse fr\u00e5n varum\u00e4rket <strong data-start=\"85\" data-end=\"92\">LEE<\/strong>En kombination av mjuk mj\u00f6lkchoklad p\u00e5 utsidan och en rik, kr\u00e4mig fyllning blandad med krispiga kakor p\u00e5 insidan. Den perfekta kombinationen f\u00f6r dig som \u00e4lskar varierade smaker och dubbla texturer.<\/p>\n<p data-start=\"245\" data-end=\"259\"><strong data-start=\"245\" data-end=\"257\">Funktioner<\/strong><\/p>\n<ul data-start=\"260\" data-end=\"431\">\n<li data-start=\"260\" data-end=\"300\">\n<p data-start=\"262\" data-end=\"300\">Lyxig mj\u00f6lkchoklad fylld med kr\u00e4mig fyllning<\/p>\n<\/li>\n<li data-start=\"301\" data-end=\"342\">\n<p data-start=\"303\" data-end=\"342\">Krispiga kakorbitar ger en distinkt smak och konsistens.<\/p>\n<\/li>\n<li data-start=\"343\" data-end=\"386\">\n<p data-start=\"345\" data-end=\"386\">Snygg individuell f\u00f6rpackning som bevarar f\u00e4rskheten<\/p>\n<\/li>\n<li data-start=\"387\" data-end=\"431\">\n<p data-start=\"389\" data-end=\"431\">L\u00e4mplig f\u00f6r g\u00e4stfrihet, g\u00e5vor och speciella tillf\u00e4llen<\/p>\n<\/li>\n<\/ul>\n<p data-start=\"433\" data-end=\"452\"><strong data-start=\"433\" data-end=\"450\">Produktinformation<\/strong><\/p>\n<ul data-start=\"453\" data-end=\"543\">\n<li data-start=\"453\" data-end=\"468\">\n<p data-start=\"455\" data-end=\"468\">Vikt: 500g<\/p>\n<\/li>\n<li data-start=\"469\" data-end=\"512\">\n<p data-start=\"471\" data-end=\"512\">Typ: Mj\u00f6lkchoklad fylld med kakor och gr\u00e4dde<\/p>\n<\/li>\n<li data-start=\"513\" data-end=\"543\">\n<p data-start=\"515\" data-end=\"543\">Ursprungsland: F\u00f6renade Arabemiraten \u2013 Dubai<\/p>\n<\/li>\n<\/ul>\n<p data-start=\"545\" data-end=\"643\"><strong data-start=\"545\" data-end=\"556\">F\u00f6rvaring<\/strong><br data-start=\"556\" data-end=\"559\" \/>F\u00f6rvara p\u00e5 en sval, torr plats mellan 15\u201322 \u00b0C, skyddad fr\u00e5n solljus och fukt f\u00f6r att bevara smak och konsistens.<\/p>\n<p data-start=\"645\" data-end=\"812\"><strong data-start=\"645\" data-end=\"663\">Allergi varning<\/strong><br data-start=\"663\" data-end=\"666\" \/>Inneh\u00e5ller: Mj\u00f6lk \u2013 Gluten \u2013 Soja \u2013 N\u00f6tter.<br data-start=\"707\" data-end=\"710\" \/>Kan inneh\u00e5lla sp\u00e5r av andra n\u00f6tter.<br data-start=\"736\" data-end=\"739\" \/>Fri fr\u00e5n genetiskt modifierade ingredienser, fl\u00e4skfett, f\u00e4rg\u00e4mnen och alkohol.<\/p>","protected":false},"excerpt":{"rendered":"<p>En exceptionell chokladupplevelse fr\u00e5n varum\u00e4rket <strong data-start=\"85\" data-end=\"92\">LEE<\/strong>En kombination av mjuk mj\u00f6lkchoklad p\u00e5 utsidan och en rik, kr\u00e4mig fyllning blandad med krispiga kakor p\u00e5 insidan. Den perfekta kombinationen f\u00f6r dig som \u00e4lskar varierade smaker och dubbla texturer.<\/p>","protected":false},"featured_media":58095,"template":"","meta":[],"product_brand":[],"product_cat":[297],"product_tag":[],"class_list":{"0":"post-58094","1":"product","2":"type-product","3":"status-publish","4":"has-post-thumbnail","6":"product_cat-297","8":"first","9":"instock","10":"taxable","11":"shipping-taxable","12":"purchasable","13":"product-type-simple"},"_links":{"self":[{"href":"https:\/\/senabel.com\/sv\/wp-json\/wp\/v2\/product\/58094","targetHints":{"allow":["GET"]}}],"collection":[{"href":"https:\/\/senabel.com\/sv\/wp-json\/wp\/v2\/product"}],"about":[{"href":"https:\/\/senabel.com\/sv\/wp-json\/wp\/v2\/types\/product"}],"version-history":[{"count":6,"href":"https:\/\/senabel.com\/sv\/wp-json\/wp\/v2\/product\/58094\/revisions"}],"predecessor-version":[{"id":63529,"href":"https:\/\/senabel.com\/sv\/wp-json\/wp\/v2\/product\/58094\/revisions\/63529"}],"wp:featuredmedia":[{"embeddable":true,"href":"https:\/\/senabel.com\/sv\/wp-json\/wp\/v2\/media\/58095"}],"wp:attachment":[{"href":"https:\/\/senabel.com\/sv\/wp-json\/wp\/v2\/media?parent=58094"}],"wp:term":[{"taxonomy":"product_brand","embeddable":true,"href":"https:\/\/senabel.com\/sv\/wp-json\/wp\/v2\/product_brand?post=58094"},{"taxonomy":"product_cat","embeddable":true,"href":"https:\/\/senabel.com\/sv\/wp-json\/wp\/v2\/product_cat?post=58094"},{"taxonomy":"product_tag","embeddable":true,"href":"https:\/\/senabel.com\/sv\/wp-json\/wp\/v2\/product_tag?post=58094"}],"curies":[{"name":"wp","href":"https:\/\/api.w.org\/{rel}","templated":true}]}}