{"id":58086,"date":"2025-11-29T15:47:12","date_gmt":"2025-11-29T15:47:12","guid":{"rendered":"https:\/\/senabel.com\/?post_type=product&#038;p=58086"},"modified":"2026-04-26T13:39:10","modified_gmt":"2026-04-26T13:39:10","slug":"rahash-pistaschkram","status":"publish","type":"product","link":"https:\/\/senabel.com\/sv\/product\/rahash-pistachio-cream\/","title":{"rendered":"Choklad med pistagekr\u00e4mfyllning"},"content":{"rendered":"<p data-start=\"50\" data-end=\"238\">En lyxig orientalisk smak med en modern twist. Mj\u00f6lkchokladbitar fr\u00e5n <strong data-start=\"98\" data-end=\"105\">LEE<\/strong> Fylld med en mjuk blandning av pistaschkr\u00e4m, som ger dig den perfekta harmonin mellan orientalisk smak och kr\u00e4mig konsistens inuti ett lager av choklad som sm\u00e4lter l\u00e4tt.<\/p>\n<p data-start=\"240\" data-end=\"254\"><strong data-start=\"240\" data-end=\"252\">Funktioner<\/strong><\/p>\n<ul data-start=\"255\" data-end=\"422\">\n<li data-start=\"255\" data-end=\"283\">\n<p data-start=\"257\" data-end=\"283\">Mjuk och lyxig mj\u00f6lkchoklad<\/p>\n<\/li>\n<li data-start=\"284\" data-end=\"321\">\n<p data-start=\"286\" data-end=\"321\">Rik pistagekr\u00e4m<\/p>\n<\/li>\n<li data-start=\"322\" data-end=\"345\">\n<p data-start=\"324\" data-end=\"345\">Uts\u00f6kt och distinkt orientalisk smak<\/p>\n<\/li>\n<li data-start=\"346\" data-end=\"389\">\n<p data-start=\"348\" data-end=\"389\">L\u00e4mplig f\u00f6r g\u00e4stfrihet, g\u00e5vor och lyxiga presentationer<\/p>\n<\/li>\n<li data-start=\"390\" data-end=\"422\">\n<p data-start=\"392\" data-end=\"422\">Individuellt f\u00f6rpackade f\u00f6r att bevara smaken<\/p>\n<\/li>\n<\/ul>\n<p data-start=\"424\" data-end=\"443\"><strong data-start=\"424\" data-end=\"441\">Produktinformation<\/strong><\/p>\n<ul data-start=\"444\" data-end=\"542\">\n<li data-start=\"444\" data-end=\"459\">\n<p data-start=\"446\" data-end=\"459\">Vikt: 500g<\/p>\n<\/li>\n<li data-start=\"460\" data-end=\"511\">\n<p data-start=\"462\" data-end=\"511\">Typ: Mj\u00f6lkchoklad fylld med pistaschkr\u00e4m \u2013 Lee<\/p>\n<\/li>\n<\/ul>\n<p data-start=\"544\" data-end=\"627\"><strong data-start=\"544\" data-end=\"557\">Anv\u00e4ndning<\/strong><br data-start=\"557\" data-end=\"560\" \/>Perfekt som en lyxig present, till en speciell tillst\u00e4llning eller som en unik till\u00e4gg till presentkorgar.<\/p>\n<p data-start=\"629\" data-end=\"733\" data-is-last-node=\"\" data-is-only-node=\"\"><strong data-start=\"629\" data-end=\"640\">F\u00f6rvaring<\/strong><br data-start=\"640\" data-end=\"643\" \/>F\u00f6rvara p\u00e5 en sval, torr plats mellan 15\u201322 \u00b0C, skyddad fr\u00e5n solljus och fukt f\u00f6r att bibeh\u00e5lla konsistens och smak.<\/p>","protected":false},"excerpt":{"rendered":"<p>En lyxig orientalisk smak med en modern twist. Mj\u00f6lkchokladbitar fr\u00e5n <strong data-start=\"98\" data-end=\"105\">LEE<\/strong> Fylld med en mjuk blandning av fyllning och pistaschkr\u00e4m, som ger dig den perfekta harmonin mellan orientalisk smak och kr\u00e4mig konsistens inuti ett lager av choklad som sm\u00e4lter l\u00e4tt.<\/p>","protected":false},"featured_media":58087,"template":"","meta":[],"product_brand":[],"product_cat":[297],"product_tag":[],"class_list":{"0":"post-58086","1":"product","2":"type-product","3":"status-publish","4":"has-post-thumbnail","6":"product_cat-297","8":"first","9":"instock","10":"taxable","11":"shipping-taxable","12":"purchasable","13":"product-type-simple"},"_links":{"self":[{"href":"https:\/\/senabel.com\/sv\/wp-json\/wp\/v2\/product\/58086","targetHints":{"allow":["GET"]}}],"collection":[{"href":"https:\/\/senabel.com\/sv\/wp-json\/wp\/v2\/product"}],"about":[{"href":"https:\/\/senabel.com\/sv\/wp-json\/wp\/v2\/types\/product"}],"version-history":[{"count":9,"href":"https:\/\/senabel.com\/sv\/wp-json\/wp\/v2\/product\/58086\/revisions"}],"predecessor-version":[{"id":61639,"href":"https:\/\/senabel.com\/sv\/wp-json\/wp\/v2\/product\/58086\/revisions\/61639"}],"wp:featuredmedia":[{"embeddable":true,"href":"https:\/\/senabel.com\/sv\/wp-json\/wp\/v2\/media\/58087"}],"wp:attachment":[{"href":"https:\/\/senabel.com\/sv\/wp-json\/wp\/v2\/media?parent=58086"}],"wp:term":[{"taxonomy":"product_brand","embeddable":true,"href":"https:\/\/senabel.com\/sv\/wp-json\/wp\/v2\/product_brand?post=58086"},{"taxonomy":"product_cat","embeddable":true,"href":"https:\/\/senabel.com\/sv\/wp-json\/wp\/v2\/product_cat?post=58086"},{"taxonomy":"product_tag","embeddable":true,"href":"https:\/\/senabel.com\/sv\/wp-json\/wp\/v2\/product_tag?post=58086"}],"curies":[{"name":"wp","href":"https:\/\/api.w.org\/{rel}","templated":true}]}}