{"id":58075,"date":"2025-11-29T15:26:48","date_gmt":"2025-11-29T15:26:48","guid":{"rendered":"https:\/\/senabel.com\/?post_type=product&#038;p=58075"},"modified":"2026-03-31T12:56:19","modified_gmt":"2026-03-31T12:56:19","slug":"hjartformad-choklad","status":"publish","type":"product","link":"https:\/\/senabel.com\/sv\/product\/heart-lee-chocolate\/","title":{"rendered":"Hj\u00e4rtformad choklad \u2013 fylld med mandel- och hasseln\u00f6tskr\u00e4m"},"content":{"rendered":"<p data-start=\"58\" data-end=\"244\">Lyxig mj\u00f6lkchoklad fr\u00e5n m\u00e4rket <strong data-start=\"85\" data-end=\"92\">Lee<\/strong> Med en elegant hj\u00e4rtformad design, fylld med l\u00e4cker pralinakr\u00e4m som ger en rik smak som sm\u00e4lter i munnen. Passar f\u00f6r g\u00e4stfrihet, g\u00e5vor och speciella tillf\u00e4llen som helgdagar och firanden.<\/p>\n<p data-start=\"246\" data-end=\"260\"><strong data-start=\"246\" data-end=\"258\">Funktioner<\/strong><\/p>\n<ul data-start=\"261\" data-end=\"477\">\n<li data-start=\"261\" data-end=\"292\">\n<p data-start=\"263\" data-end=\"292\">Mjuk mj\u00f6lkchoklad med en rik smak<\/p>\n<\/li>\n<li data-start=\"293\" data-end=\"326\">\n<p data-start=\"295\" data-end=\"326\">Fylld med lyxig pralinkr\u00e4m<\/p>\n<\/li>\n<li data-start=\"327\" data-end=\"366\">\n<p data-start=\"329\" data-end=\"366\">Hj\u00e4rta-design perfekt f\u00f6r presenter och h\u00f6gtider<\/p>\n<\/li>\n<li data-start=\"367\" data-end=\"413\">\n<p data-start=\"369\" data-end=\"413\">Individuellt f\u00f6rpackade bitar f\u00f6r att bevara smak och kvalitet<\/p>\n<\/li>\n<li data-start=\"414\" data-end=\"477\">\n<p data-start=\"416\" data-end=\"477\">Fri fr\u00e5n genetiskt modifierade ingredienser, animaliska fetter och alkohol<\/p>\n<\/li>\n<\/ul>\n<p data-start=\"479\" data-end=\"498\"><strong data-start=\"479\" data-end=\"496\">Produktinformation<\/strong><\/p>\n<ul data-start=\"499\" data-end=\"691\">\n<li data-start=\"499\" data-end=\"514\">\n<p data-start=\"501\" data-end=\"514\">Vikt: 500g<\/p>\n<\/li>\n<li data-start=\"515\" data-end=\"555\">\n<p data-start=\"517\" data-end=\"555\">Typ: Choklad Le \u2013 Hj\u00e4rtan fyllda med pralin\u00e9<\/p>\n<\/li>\n<li data-start=\"587\" data-end=\"691\">\n<p data-start=\"589\" data-end=\"691\">Allergiinformation: Inneh\u00e5ller mj\u00f6lk, soja, n\u00f6tter och mj\u00f6lkderivat. Kan inneh\u00e5lla sp\u00e5r av andra n\u00f6tter.<\/p>\n<\/li>\n<\/ul>\n<p data-start=\"693\" data-end=\"813\" data-is-last-node=\"\" data-is-only-node=\"\"><strong data-start=\"693\" data-end=\"704\">F\u00f6rvaring<\/strong><br data-start=\"704\" data-end=\"707\" \/>F\u00f6rvara p\u00e5 en sval, torr plats mellan 15\u201322 \u00b0C, skyddad fr\u00e5n direkt v\u00e4rme och fukt, f\u00f6r att bibeh\u00e5lla form och konsistens utan att sm\u00e4lta.<\/p>","protected":false},"excerpt":{"rendered":"<p>Lyxig mj\u00f6lkchoklad fr\u00e5n m\u00e4rket <strong data-start=\"85\" data-end=\"92\">Lee<\/strong> Med en elegant hj\u00e4rtformad design, fylld med l\u00e4cker pralinakr\u00e4m som ger en rik smak som sm\u00e4lter i munnen. Passar f\u00f6r g\u00e4stfrihet, g\u00e5vor och speciella tillf\u00e4llen som helgdagar och firanden.<\/p>","protected":false},"featured_media":58076,"template":"","meta":[],"product_brand":[],"product_cat":[297],"product_tag":[],"class_list":{"0":"post-58075","1":"product","2":"type-product","3":"status-publish","4":"has-post-thumbnail","6":"product_cat-297","8":"first","9":"outofstock","10":"taxable","11":"shipping-taxable","12":"purchasable","13":"product-type-simple"},"_links":{"self":[{"href":"https:\/\/senabel.com\/sv\/wp-json\/wp\/v2\/product\/58075","targetHints":{"allow":["GET"]}}],"collection":[{"href":"https:\/\/senabel.com\/sv\/wp-json\/wp\/v2\/product"}],"about":[{"href":"https:\/\/senabel.com\/sv\/wp-json\/wp\/v2\/types\/product"}],"version-history":[{"count":7,"href":"https:\/\/senabel.com\/sv\/wp-json\/wp\/v2\/product\/58075\/revisions"}],"predecessor-version":[{"id":63531,"href":"https:\/\/senabel.com\/sv\/wp-json\/wp\/v2\/product\/58075\/revisions\/63531"}],"wp:featuredmedia":[{"embeddable":true,"href":"https:\/\/senabel.com\/sv\/wp-json\/wp\/v2\/media\/58076"}],"wp:attachment":[{"href":"https:\/\/senabel.com\/sv\/wp-json\/wp\/v2\/media?parent=58075"}],"wp:term":[{"taxonomy":"product_brand","embeddable":true,"href":"https:\/\/senabel.com\/sv\/wp-json\/wp\/v2\/product_brand?post=58075"},{"taxonomy":"product_cat","embeddable":true,"href":"https:\/\/senabel.com\/sv\/wp-json\/wp\/v2\/product_cat?post=58075"},{"taxonomy":"product_tag","embeddable":true,"href":"https:\/\/senabel.com\/sv\/wp-json\/wp\/v2\/product_tag?post=58075"}],"curies":[{"name":"wp","href":"https:\/\/api.w.org\/{rel}","templated":true}]}}