{"id":58034,"date":"2025-11-28T14:16:41","date_gmt":"2025-11-28T14:16:41","guid":{"rendered":"https:\/\/senabel.com\/?post_type=product&#038;p=58034"},"modified":"2026-03-18T12:16:14","modified_gmt":"2026-03-18T12:16:14","slug":"turkisk-choklad-och-lozina-ask","status":"publish","type":"product","link":"https:\/\/senabel.com\/sv\/product\/chocolate-turkish-delight-and-lozina-box\/","title":{"rendered":"\u0635\u064a\u0646\u064a\u0629 \u0634\u0648\u0643\u0648\u0644\u0627 \u0648\u0631\u0627\u062d\u0629 1.8 \u0643"},"content":{"rendered":"<p data-start=\"0\" data-end=\"50\"><strong data-start=\"0\" data-end=\"50\">\u0628\u0648\u0643\u0633 \u0634\u0648\u0643\u0648\u0644\u0627 \u0648\u0631\u0627\u062d\u0629 \u2013 1.8 \u0643\u063a\u00a0<\/strong><\/p>\n<p data-start=\"52\" data-end=\"294\">En lyxig ask med de finaste chokladbitarna, hasseln\u00f6tter och mandlar, presenterad i en elegant f\u00f6rpackning dekorerad med ett band, vilket g\u00f6r den till den perfekta presenten f\u00f6r speciella tillf\u00e4llen eller sofistikerad g\u00e4stfrihet hemma eller p\u00e5 jobbet. Inneh\u00e5ller en m\u00e4ngd olika smaker och n\u00f6tter, med individuellt f\u00f6rpackade bitar f\u00f6r att bevara f\u00e4rskhet och kvalitet.<\/p>\n<p data-start=\"296\" data-end=\"310\"><strong data-start=\"296\" data-end=\"308\">Funktioner<\/strong><\/p>\n<ul data-start=\"311\" data-end=\"541\">\n<li data-start=\"311\" data-end=\"357\">\n<p data-start=\"313\" data-end=\"357\">Ett lyxigt sortiment av choklad, hasseln\u00f6tter och mandlar.<\/p>\n<\/li>\n<li data-start=\"358\" data-end=\"405\">\n<p data-start=\"360\" data-end=\"405\">Individuellt f\u00f6rpackade bitar f\u00f6r att garantera renlighet och f\u00e4rskhet<\/p>\n<\/li>\n<li data-start=\"406\" data-end=\"453\">\n<p data-start=\"408\" data-end=\"453\">Olika smaker, inklusive pistage, frukt och n\u00f6tter<\/p>\n<\/li>\n<li data-start=\"454\" data-end=\"495\">\n<p data-start=\"456\" data-end=\"495\">L\u00e4mplig som g\u00e5va vid olika tillf\u00e4llen eller f\u00f6r sofistikerad g\u00e4stfrihet<\/p>\n<\/li>\n<li data-start=\"496\" data-end=\"541\">\n<p data-start=\"498\" data-end=\"541\">Elegant bandinslagning g\u00f6r l\u00e5dan redo att ge bort som present.<\/p>\n<\/li>\n<\/ul>\n<p data-start=\"543\" data-end=\"562\"><strong data-start=\"543\" data-end=\"560\">Produktinformation<\/strong><\/p>\n<ul data-start=\"563\" data-end=\"712\">\n<li data-start=\"563\" data-end=\"588\">\n<p data-start=\"565\" data-end=\"588\">Vikt: cirka 1,8 kg<\/p>\n<\/li>\n<li data-start=\"589\" data-end=\"617\">\n<p data-start=\"591\" data-end=\"617\">Antal delar: cirka 50 delar<\/p>\n<\/li>\n<li data-start=\"618\" data-end=\"664\">\n<p data-start=\"620\" data-end=\"664\">Typ: En blandning av choklad, hasseln\u00f6t och mandel<\/p>\n<\/li>\n<li data-start=\"665\" data-end=\"712\">\n<p data-start=\"667\" data-end=\"712\">Anv\u00e4ndning: F\u00f6r g\u00e4stfrihet, g\u00e5vor, speciella tillf\u00e4llen<\/p>\n<\/li>\n<\/ul>\n<p data-start=\"714\" data-end=\"838\" data-is-last-node=\"\" data-is-only-node=\"\"><strong data-start=\"714\" data-end=\"725\">F\u00f6rvaring<\/strong><br data-start=\"725\" data-end=\"728\" \/>F\u00f6rvara p\u00e5 en sval, torr plats, skyddad fr\u00e5n direkt v\u00e4rme. Det \u00e4r b\u00e4st att st\u00e4nga f\u00f6rpackningen efter anv\u00e4ndning f\u00f6r att bevara smak och f\u00e4rskhet.<\/p>","protected":false},"excerpt":{"rendered":"<p>En lyxig ask med de finaste chokladbitarna, hasseln\u00f6tter och mandlar, presenterad i en elegant f\u00f6rpackning dekorerad med ett band, vilket g\u00f6r den till den perfekta presenten f\u00f6r speciella tillf\u00e4llen eller sofistikerad g\u00e4stfrihet hemma eller p\u00e5 jobbet. Inneh\u00e5ller en m\u00e4ngd olika smaker och n\u00f6tter, med individuellt f\u00f6rpackade bitar f\u00f6r att bevara f\u00e4rskhet och kvalitet.<\/p>","protected":false},"featured_media":58559,"template":"","meta":[],"product_brand":[],"product_cat":[456,299,297,347],"product_tag":[],"class_list":{"0":"post-58034","1":"product","2":"type-product","3":"status-publish","4":"has-post-thumbnail","6":"product_cat-456","7":"product_cat-299","8":"product_cat-297","9":"product_cat-347","11":"first","12":"instock","13":"taxable","14":"shipping-taxable","15":"purchasable","16":"product-type-simple"},"_links":{"self":[{"href":"https:\/\/senabel.com\/sv\/wp-json\/wp\/v2\/product\/58034","targetHints":{"allow":["GET"]}}],"collection":[{"href":"https:\/\/senabel.com\/sv\/wp-json\/wp\/v2\/product"}],"about":[{"href":"https:\/\/senabel.com\/sv\/wp-json\/wp\/v2\/types\/product"}],"version-history":[{"count":6,"href":"https:\/\/senabel.com\/sv\/wp-json\/wp\/v2\/product\/58034\/revisions"}],"predecessor-version":[{"id":63082,"href":"https:\/\/senabel.com\/sv\/wp-json\/wp\/v2\/product\/58034\/revisions\/63082"}],"wp:featuredmedia":[{"embeddable":true,"href":"https:\/\/senabel.com\/sv\/wp-json\/wp\/v2\/media\/58559"}],"wp:attachment":[{"href":"https:\/\/senabel.com\/sv\/wp-json\/wp\/v2\/media?parent=58034"}],"wp:term":[{"taxonomy":"product_brand","embeddable":true,"href":"https:\/\/senabel.com\/sv\/wp-json\/wp\/v2\/product_brand?post=58034"},{"taxonomy":"product_cat","embeddable":true,"href":"https:\/\/senabel.com\/sv\/wp-json\/wp\/v2\/product_cat?post=58034"},{"taxonomy":"product_tag","embeddable":true,"href":"https:\/\/senabel.com\/sv\/wp-json\/wp\/v2\/product_tag?post=58034"}],"curies":[{"name":"wp","href":"https:\/\/api.w.org\/{rel}","templated":true}]}}