{"id":58022,"date":"2025-11-28T13:50:00","date_gmt":"2025-11-28T13:50:00","guid":{"rendered":"https:\/\/senabel.com\/?post_type=product&#038;p=58022"},"modified":"2025-11-28T15:06:39","modified_gmt":"2025-11-28T15:06:39","slug":"malet-brasilianskt-kaffe-med-extra-kardemumma","status":"publish","type":"product","link":"https:\/\/senabel.com\/sv\/product\/ground-brazilian-coffee-cardamom-extra\/","title":{"rendered":"Malet brasilianskt kaffe \u2013 Hill Extra"},"content":{"rendered":"<p data-start=\"39\" data-end=\"257\">H\u00f6gkvalitativt brasilianskt kaffe blandat med en h\u00f6g andel kardemumma f\u00f6r att ge dig en stark smak och ett rikt aromatiskt doft. Passar f\u00f6r dig som \u00e4lskar den distinkta arabiska smaken, d\u00e4r den karakteristiska kvaliteten hos brasilianskt kaffe kombineras med den koncentrerade smaken av kardemumma f\u00f6r ett lyxigt resultat i varje kopp.<\/p>\n<p data-start=\"259\" data-end=\"273\"><strong data-start=\"259\" data-end=\"271\">Funktioner<\/strong><\/p>\n<ul data-start=\"274\" data-end=\"419\">\n<li data-start=\"274\" data-end=\"311\">\n<p data-start=\"276\" data-end=\"311\">H\u00f6gkvalitativt brasilianskt malet kaffe<\/p>\n<\/li>\n<li data-start=\"312\" data-end=\"347\">\n<p data-start=\"314\" data-end=\"347\">Extra stark och distinkt smak<\/p>\n<\/li>\n<li data-start=\"348\" data-end=\"379\">\n<p data-start=\"350\" data-end=\"379\">Rik aromatisk doft och j\u00e4mn smak<\/p>\n<\/li>\n<li data-start=\"380\" data-end=\"419\">\n<p data-start=\"382\" data-end=\"419\">Fin, j\u00e4mn malning som passar f\u00f6r vardagsmatlagning<\/p>\n<\/li>\n<\/ul>\n<p data-start=\"421\" data-end=\"440\"><strong data-start=\"421\" data-end=\"438\">Produktinformation<\/strong><\/p>\n<ul data-start=\"441\" data-end=\"589\">\n<li data-start=\"441\" data-end=\"475\">\n<p data-start=\"443\" data-end=\"475\">Tillg\u00e4ngliga vikter: 500 g \u2013 1000 g<\/p>\n<\/li>\n<li data-start=\"476\" data-end=\"521\">\n<p data-start=\"478\" data-end=\"521\">Typ: Malet brasilianskt kaffe med extra kardemumma<\/p>\n<\/li>\n<li data-start=\"522\" data-end=\"589\">\n<p data-start=\"524\" data-end=\"589\">Anv\u00e4ndning: F\u00f6r turkiskt kaffe, starkt arabiskt kaffe och vardagskaffe<\/p>\n<\/li>\n<\/ul>\n<p data-start=\"591\" data-end=\"721\" data-is-last-node=\"\" data-is-only-node=\"\"><strong data-start=\"591\" data-end=\"602\">F\u00f6rvaring<\/strong><br data-start=\"602\" data-end=\"605\" \/>F\u00f6rvara p\u00e5 en sval, torr plats i en t\u00e4tt f\u00f6rsluten beh\u00e5llare. Anv\u00e4nds helst kort efter \u00f6ppnandet f\u00f6r att bevara smak och arom.<\/p>","protected":false},"excerpt":{"rendered":"<p>H\u00f6gkvalitativt brasilianskt kaffe blandat med en h\u00f6g andel kardemumma f\u00f6r att ge dig en stark smak och ett rikt aromatiskt doft. Passar f\u00f6r dig som \u00e4lskar den distinkta arabiska smaken, d\u00e4r den karakteristiska kvaliteten hos brasilianskt kaffe kombineras med den koncentrerade smaken av kardemumma f\u00f6r ett lyxigt resultat i varje kopp.<\/p>","protected":false},"featured_media":58014,"template":"","meta":[],"product_brand":[],"product_cat":[282],"product_tag":[],"class_list":{"0":"post-58022","1":"product","2":"type-product","3":"status-publish","4":"has-post-thumbnail","6":"product_cat-282","8":"first","9":"instock","10":"taxable","11":"shipping-taxable","12":"purchasable","13":"product-type-variable"},"_links":{"self":[{"href":"https:\/\/senabel.com\/sv\/wp-json\/wp\/v2\/product\/58022","targetHints":{"allow":["GET"]}}],"collection":[{"href":"https:\/\/senabel.com\/sv\/wp-json\/wp\/v2\/product"}],"about":[{"href":"https:\/\/senabel.com\/sv\/wp-json\/wp\/v2\/types\/product"}],"version-history":[{"count":2,"href":"https:\/\/senabel.com\/sv\/wp-json\/wp\/v2\/product\/58022\/revisions"}],"predecessor-version":[{"id":58027,"href":"https:\/\/senabel.com\/sv\/wp-json\/wp\/v2\/product\/58022\/revisions\/58027"}],"wp:featuredmedia":[{"embeddable":true,"href":"https:\/\/senabel.com\/sv\/wp-json\/wp\/v2\/media\/58014"}],"wp:attachment":[{"href":"https:\/\/senabel.com\/sv\/wp-json\/wp\/v2\/media?parent=58022"}],"wp:term":[{"taxonomy":"product_brand","embeddable":true,"href":"https:\/\/senabel.com\/sv\/wp-json\/wp\/v2\/product_brand?post=58022"},{"taxonomy":"product_cat","embeddable":true,"href":"https:\/\/senabel.com\/sv\/wp-json\/wp\/v2\/product_cat?post=58022"},{"taxonomy":"product_tag","embeddable":true,"href":"https:\/\/senabel.com\/sv\/wp-json\/wp\/v2\/product_tag?post=58022"}],"curies":[{"name":"wp","href":"https:\/\/api.w.org\/{rel}","templated":true}]}}